{"id":98,"date":"2014-08-05T15:36:39","date_gmt":"2014-08-05T14:36:39","guid":{"rendered":"http:\/\/areagest.com\/?page_id=98"},"modified":"2025-06-10T16:05:32","modified_gmt":"2025-06-10T15:05:32","slug":"servicos","status":"publish","type":"page","link":"https:\/\/www.areagest.com\/pt\/pt\/servicos\/","title":{"rendered":"Servi\u00e7os"},"content":{"rendered":"<h3><strong>A \u00fanica forma de ter sucesso sem esfor\u00e7o \u00e9 contar connosco.<\/strong><\/h3>\n<h3>SOMOS APAIXONADOS PELA SATISFA\u00c7\u00c3O DO NOSSO CLIENTE<\/h3>\n<h4><\/h4>\n<h4><span style=\"color: #666666;\">Conhe\u00e7a os nossos servi\u00e7os, de Contabilidade Lisboa, Payroll e Compra e Venda de Neg\u00f3cios.<\/span><\/h4>\n<h4><\/h4>\n<h4><span style=\"color: #666666;\">Estamos c\u00e1 para\u00a0o Cliente e pelo Cliente, de quem queremos ser Parceiro de Neg\u00f3cio.<\/span><\/h4>\n<h4><\/h4>\n","protected":false},"excerpt":{"rendered":"<p>A \u00fanica forma de ter sucesso sem esfor\u00e7o \u00e9 contar connosco. SOMOS APAIXONADOS PELA SATISFA\u00c7\u00c3O DO NOSSO CLIENTE Conhe\u00e7a os nossos servi\u00e7os, de Contabilidade Lisboa, Payroll e Compra e Venda de Neg\u00f3cios. Estamos c\u00e1 para\u00a0o Cliente e pelo Cliente, de quem queremos ser Parceiro de Neg\u00f3cio.<\/p>\n","protected":false},"author":1,"featured_media":0,"parent":0,"menu_order":0,"comment_status":"closed","ping_status":"closed","template":"","meta":{"footnotes":""},"class_list":["post-98","page","type-page","status-publish","hentry"],"yoast_head":"<!-- This site is optimized with the Yoast SEO plugin v25.3.1 - https:\/\/yoast.com\/wordpress\/plugins\/seo\/ -->\n<title>Compra e Venda de Neg\u00f3cios, Contabilidade e Payroll<\/title>\n<meta name=\"description\" content=\"Contabilidade Lisboa, Recursos Humanos, Incentivos Financeiros e Payroll, IVA, IRC, Processamento Salarial, Compra e Venda de Neg\u00f3cios\" \/>\n<meta name=\"robots\" content=\"index, follow, max-snippet:-1, max-image-preview:large, max-video-preview:-1\" \/>\n<link rel=\"canonical\" href=\"https:\/\/www.areagest.com\/pt\/pt\/servicos\/\" \/>\n<meta property=\"og:locale\" content=\"pt_PT\" \/>\n<meta property=\"og:type\" content=\"article\" \/>\n<meta property=\"og:title\" content=\"Compra e Venda de Neg\u00f3cios, Contabilidade e Payroll\" \/>\n<meta property=\"og:description\" content=\"Contabilidade Lisboa, Recursos Humanos, Incentivos Financeiros e Payroll, IVA, IRC, Processamento Salarial, Compra e Venda de Neg\u00f3cios\" \/>\n<meta property=\"og:url\" content=\"https:\/\/www.areagest.com\/pt\/pt\/servicos\/\" \/>\n<meta property=\"og:site_name\" content=\"Areagest Servi\u00e7os de Gest\u00e3o\" \/>\n<meta property=\"article:modified_time\" content=\"2025-06-10T15:05:32+00:00\" \/>\n<script type=\"application\/ld+json\" class=\"yoast-schema-graph\">{\"@context\":\"https:\/\/schema.org\",\"@graph\":[{\"@type\":\"WebPage\",\"@id\":\"https:\/\/www.areagest.com\/pt\/pt\/servicos\/\",\"url\":\"https:\/\/www.areagest.com\/pt\/pt\/servicos\/\",\"name\":\"Compra e Venda de Neg\u00f3cios, Contabilidade e Payroll\",\"isPartOf\":{\"@id\":\"https:\/\/www.areagest.com\/pt\/#website\"},\"datePublished\":\"2014-08-05T14:36:39+00:00\",\"dateModified\":\"2025-06-10T15:05:32+00:00\",\"description\":\"Contabilidade Lisboa, Recursos Humanos, Incentivos Financeiros e Payroll, IVA, IRC, Processamento Salarial, Compra e Venda de Neg\u00f3cios\",\"breadcrumb\":{\"@id\":\"https:\/\/www.areagest.com\/pt\/pt\/servicos\/#breadcrumb\"},\"inLanguage\":\"pt-PT\",\"potentialAction\":[{\"@type\":\"ReadAction\",\"target\":[\"https:\/\/www.areagest.com\/pt\/pt\/servicos\/\"]}]},{\"@type\":\"BreadcrumbList\",\"@id\":\"https:\/\/www.areagest.com\/pt\/pt\/servicos\/#breadcrumb\",\"itemListElement\":[{\"@type\":\"ListItem\",\"position\":1,\"name\":\"In\u00edcio\",\"item\":\"https:\/\/www.areagest.com\/pt\/\"},{\"@type\":\"ListItem\",\"position\":2,\"name\":\"Servi\u00e7os\"}]},{\"@type\":\"WebSite\",\"@id\":\"https:\/\/www.areagest.com\/pt\/#website\",\"url\":\"https:\/\/www.areagest.com\/pt\/\",\"name\":\"Areagest Servi\u00e7os de Gest\u00e3o\",\"description\":\"Compra e Venda de Empresas, Portugal 2030, Assessoria Financeira\",\"potentialAction\":[{\"@type\":\"SearchAction\",\"target\":{\"@type\":\"EntryPoint\",\"urlTemplate\":\"https:\/\/www.areagest.com\/pt\/?s={search_term_string}\"},\"query-input\":{\"@type\":\"PropertyValueSpecification\",\"valueRequired\":true,\"valueName\":\"search_term_string\"}}],\"inLanguage\":\"pt-PT\"}]}<\/script>\n<!-- \/ Yoast SEO plugin. -->","yoast_head_json":{"title":"Compra e Venda de Neg\u00f3cios, Contabilidade e Payroll","description":"Contabilidade Lisboa, Recursos Humanos, Incentivos Financeiros e Payroll, IVA, IRC, Processamento Salarial, Compra e Venda de Neg\u00f3cios","robots":{"index":"index","follow":"follow","max-snippet":"max-snippet:-1","max-image-preview":"max-image-preview:large","max-video-preview":"max-video-preview:-1"},"canonical":"https:\/\/www.areagest.com\/pt\/pt\/servicos\/","og_locale":"pt_PT","og_type":"article","og_title":"Compra e Venda de Neg\u00f3cios, Contabilidade e Payroll","og_description":"Contabilidade Lisboa, Recursos Humanos, Incentivos Financeiros e Payroll, IVA, IRC, Processamento Salarial, Compra e Venda de Neg\u00f3cios","og_url":"https:\/\/www.areagest.com\/pt\/pt\/servicos\/","og_site_name":"Areagest Servi\u00e7os de Gest\u00e3o","article_modified_time":"2025-06-10T15:05:32+00:00","schema":{"@context":"https:\/\/schema.org","@graph":[{"@type":"WebPage","@id":"https:\/\/www.areagest.com\/pt\/pt\/servicos\/","url":"https:\/\/www.areagest.com\/pt\/pt\/servicos\/","name":"Compra e Venda de Neg\u00f3cios, Contabilidade e Payroll","isPartOf":{"@id":"https:\/\/www.areagest.com\/pt\/#website"},"datePublished":"2014-08-05T14:36:39+00:00","dateModified":"2025-06-10T15:05:32+00:00","description":"Contabilidade Lisboa, Recursos Humanos, Incentivos Financeiros e Payroll, IVA, IRC, Processamento Salarial, Compra e Venda de Neg\u00f3cios","breadcrumb":{"@id":"https:\/\/www.areagest.com\/pt\/pt\/servicos\/#breadcrumb"},"inLanguage":"pt-PT","potentialAction":[{"@type":"ReadAction","target":["https:\/\/www.areagest.com\/pt\/pt\/servicos\/"]}]},{"@type":"BreadcrumbList","@id":"https:\/\/www.areagest.com\/pt\/pt\/servicos\/#breadcrumb","itemListElement":[{"@type":"ListItem","position":1,"name":"In\u00edcio","item":"https:\/\/www.areagest.com\/pt\/"},{"@type":"ListItem","position":2,"name":"Servi\u00e7os"}]},{"@type":"WebSite","@id":"https:\/\/www.areagest.com\/pt\/#website","url":"https:\/\/www.areagest.com\/pt\/","name":"Areagest Servi\u00e7os de Gest\u00e3o","description":"Compra e Venda de Empresas, Portugal 2030, Assessoria Financeira","potentialAction":[{"@type":"SearchAction","target":{"@type":"EntryPoint","urlTemplate":"https:\/\/www.areagest.com\/pt\/?s={search_term_string}"},"query-input":{"@type":"PropertyValueSpecification","valueRequired":true,"valueName":"search_term_string"}}],"inLanguage":"pt-PT"}]}},"_links":{"self":[{"href":"https:\/\/www.areagest.com\/pt\/wp-json\/wp\/v2\/pages\/98","targetHints":{"allow":["GET"]}}],"collection":[{"href":"https:\/\/www.areagest.com\/pt\/wp-json\/wp\/v2\/pages"}],"about":[{"href":"https:\/\/www.areagest.com\/pt\/wp-json\/wp\/v2\/types\/page"}],"author":[{"embeddable":true,"href":"https:\/\/www.areagest.com\/pt\/wp-json\/wp\/v2\/users\/1"}],"replies":[{"embeddable":true,"href":"https:\/\/www.areagest.com\/pt\/wp-json\/wp\/v2\/comments?post=98"}],"version-history":[{"count":8,"href":"https:\/\/www.areagest.com\/pt\/wp-json\/wp\/v2\/pages\/98\/revisions"}],"predecessor-version":[{"id":7853,"href":"https:\/\/www.areagest.com\/pt\/wp-json\/wp\/v2\/pages\/98\/revisions\/7853"}],"wp:attachment":[{"href":"https:\/\/www.areagest.com\/pt\/wp-json\/wp\/v2\/media?parent=98"}],"curies":[{"name":"wp","href":"https:\/\/api.w.org\/{rel}","templated":true}]}}