{"id":954,"date":"2014-09-29T17:09:14","date_gmt":"2014-09-29T16:09:14","guid":{"rendered":"http:\/\/areagest.com\/?page_id=954"},"modified":"2025-09-27T17:37:38","modified_gmt":"2025-09-27T16:37:38","slug":"comptabilite-et-gestion-de-rh","status":"publish","type":"page","link":"https:\/\/www.areagest.com\/pt\/fr\/comptabilite-ma-externalisation-financiere-salaires\/comptabilite-et-gestion-de-rh\/","title":{"rendered":"Comptabilit\u00e9 et Gestion des RH"},"content":{"rendered":"<div class=\"kopa-two-third\"><\/p>\n<p>&nbsp;<\/p>\n<table class=\"subtitle-services\" border=\"0\" cellspacing=\"0\">\n<tbody>\n<tr>\n<td>                            <div class=\"squareDemo squareDemo_production shape box maskImg\" id=\"square_production_RH_CTB9077716\" style=\"border-width: 0px; border-color: rgb(0, 0, 0); width: 62px; height: 62px; opacity: 1; background: url(https:\/\/www.areagest.com\/wp-content\/uploads\/2014\/08\/rh_a.png) 0% 0% \/ 100% no-repeat transparent;\">\r\n                                <span class=\"textArea\" style=\"width: 42px; height: 12px; line-height: 0px; font-size: 0px; margin-top: -6px; margin-left: 0px;\"><\/span>\r\n                                <div class=\"squareLitDemo shape inOut swrillOut animated fadeOut\" id=\"square-lit\" style=\"top: 0px; width: 62px; height: 62px; right: 0px; margin-left: 0px; transform: rotate(0deg); background: url(https:\/\/www.areagest.com\/wp-content\/uploads\/2014\/08\/rh_b.png) 0% 0% \/ 100% no-repeat transparent;\" out=\"fadeOut\" in=\"fadeIn\" entrance=\"effect\">\r\n                                    <a class=\"title_2 title_link_out\" href=\"\/pt\/servicos\/gestao-de-rh-e-contabilidade\/\" target=\"\"><h3 class=\"title\" style=\"font-size: 0px; margin-left: -4px; transform: rotate(0deg); -webkit-transform: rotate(0deg);\"><\/h3><\/a>\r\n                                    <hr class=\"divLit hidden\">\r\n                                    <div class=\"textAreaWrapper\" style=\"padding-right: 14px; transform: rotate(0deg); -webkit-transform: rotate(0deg);\">\r\n                                        <span class=\"textArea\" style=\"width: 42px; height: 12px; line-height: 0px; font-size: 0px;\"><\/span>\r\n                                    <\/div>\r\n                                <\/div>\r\n                            <\/div>\r\n                        <\/td>\n<td valign=\"center\">\n<h1>Comptabilit\u00e9 et Gestion des RH<\/h1>\n<\/td>\n<\/tr>\n<\/tbody>\n<\/table>\n<h5><strong>COMPTABILIT\u00c9<\/strong><\/h5>\n<h5><span style=\"color: #666666;\">Nous avons mis en place une structure fond\u00e9e sur un service personnalis\u00e9. Commodit\u00e9, rapidit\u00e9 et efficacit\u00e9 sont les objectifs de la communication directe entre nos clients et nos \u00e9quipes de Comptabilit\u00e9 et de Gestion des Ressources Humaines. La mise en \u0153uvre et le maintien de ce concept sont possibles gr\u00e2ce \u00e0 une s\u00e9lection rigoureuse du personnel sp\u00e9cialis\u00e9 de l\u2019entreprise.<\/span><\/h5>\n<h5><strong>RESSOURCES HUMAINES<\/strong><\/h5>\n<h5><span style=\"color: #666666;\">Les services de ressources humaines que nous proposons sont adapt\u00e9s \u00e0 chaque r\u00e9alit\u00e9 d\u2019entreprise, d\u00e9finis lors d\u2019une r\u00e9union pr\u00e9alable puis d\u00e9taill\u00e9s dans la proposition de services. En r\u00e9sum\u00e9, les services disponibles comprennent :<\/span><\/h5>\n<h5><span style=\"color: #666666;\">\u2022 Traitement des salaires dans nos bureaux ; \u2022 Imp\u00f4ts du personnel li\u00e9s \u00e0 l\u2019entreprise ; \u2022 \u00c9mission de rapports \u00e0 caract\u00e8re social, fiscal et statistique ; \u2022 Inscriptions et enregistrements aupr\u00e8s de la s\u00e9curit\u00e9 sociale ; \u2022 R\u00e9ponse aux questions li\u00e9es \u00e0 la gestion administrative des ressources humaines.<\/span><\/h5>\n<h5><strong>INFORMATIONS DE GESTION<\/strong><\/h5>\n<h5><span style=\"color: #666666;\">Pour analyser l\u2019\u00e9volution des activit\u00e9s et les r\u00e9sultats de l\u2019entreprise, nous fournissons, chaque mois ou chaque trimestre, un tableau de bord avec une analyse \u00e9conomique et financi\u00e8re, ainsi qu\u2019un rapport comparatif d\u2019exploitation. \u00c0 la suite de l\u2019analyse de ces rapports, des r\u00e9unions sont programm\u00e9es entre l\u2019\u00e9quipe Areagest et le client afin d\u2019assurer un cadre de gestion et strat\u00e9gique capable d\u2019apporter une valeur ajout\u00e9e dans les domaines de la Comptabilit\u00e9 et de la Gestion des Ressources Humaines.<\/span><\/h5>\n<h5><strong>SERVICES COMPL\u00c9MENTAIRES INCLUS<\/strong><\/h5>\n<h5><span style=\"color: #666666;\">\u2022 Cl\u00f4ture annuelle des comptes ; <\/span><\/h5>\n<h5><span style=\"color: #666666;\">\u2022 Pr\u00e9paration de toute la documentation \u00e0 caract\u00e8re fiscal ; <\/span><\/h5>\n<h5><span style=\"color: #666666;\">\u2022 Pr\u00e9paration de tous les annexes au bilan et aux \u00e9tats financiers ; <\/span><\/h5>\n<h5><span style=\"color: #666666;\">\u2022 Assistance t\u00e9l\u00e9phonique et en personne en mati\u00e8re comptable et fiscale ; <\/span><\/h5>\n<h5><span style=\"color: #666666;\">\u2022 Responsabilit\u00e9 fiscale aupr\u00e8s des autorit\u00e9s publiques ; <\/span><\/h5>\n<h5><span style=\"color: #666666;\">\u2022 Accompagnement lors d\u2019\u00e9ventuelles inspections fiscales ; <\/span><\/h5>\n<h5><span style=\"color: #666666;\">\u2022 Statistiques fiscales ; <\/span><\/h5>\n<h5><span style=\"color: #666666;\">\u2022 Gestion des immobilisations dans nos bureaux par du personnel sp\u00e9cialis\u00e9 ; <\/span><\/h5>\n<h5><span style=\"color: #666666;\">\u2022 Reporting mensuel et annuel selon nos formats standards.<\/span><\/h5>\n<p><\/div>\n","protected":false},"excerpt":{"rendered":"","protected":false},"author":1,"featured_media":0,"parent":938,"menu_order":0,"comment_status":"closed","ping_status":"closed","template":"","meta":{"footnotes":""},"class_list":["post-954","page","type-page","status-publish","hentry"],"yoast_head":"<!-- This site is optimized with the Yoast SEO plugin v25.3.1 - https:\/\/yoast.com\/wordpress\/plugins\/seo\/ -->\n<title>Comptabilit\u00e9, M&amp;A, Externalisation financi\u00e8re, Salaires<\/title>\n<meta name=\"description\" content=\"Comptabilit\u00e9, M&amp;A externalisation financi\u00e8re, salaires, compre et vente des entreprises, soutien \u00e0 la gestion, conseil financier, finance\" \/>\n<meta name=\"robots\" content=\"index, follow, max-snippet:-1, max-image-preview:large, max-video-preview:-1\" \/>\n<link rel=\"canonical\" href=\"https:\/\/www.areagest.com\/pt\/fr\/comptabilite-ma-externalisation-financiere-salaires\/comptabilite-et-gestion-de-rh\/\" \/>\n<meta property=\"og:locale\" content=\"pt_PT\" \/>\n<meta property=\"og:type\" content=\"article\" \/>\n<meta property=\"og:title\" content=\"Comptabilit\u00e9, M&amp;A, Externalisation financi\u00e8re, Salaires\" \/>\n<meta property=\"og:description\" content=\"Comptabilit\u00e9, M&amp;A externalisation financi\u00e8re, salaires, compre et vente des entreprises, soutien \u00e0 la gestion, conseil financier, finance\" \/>\n<meta property=\"og:url\" content=\"https:\/\/www.areagest.com\/pt\/fr\/comptabilite-ma-externalisation-financiere-salaires\/comptabilite-et-gestion-de-rh\/\" \/>\n<meta property=\"og:site_name\" content=\"Areagest Servi\u00e7os de Gest\u00e3o\" \/>\n<meta property=\"article:modified_time\" content=\"2025-09-27T16:37:38+00:00\" \/>\n<meta name=\"twitter:label1\" content=\"Tempo estimado de leitura\" \/>\n\t<meta name=\"twitter:data1\" content=\"2 minutos\" \/>\n<script type=\"application\/ld+json\" class=\"yoast-schema-graph\">{\"@context\":\"https:\/\/schema.org\",\"@graph\":[{\"@type\":\"WebPage\",\"@id\":\"https:\/\/www.areagest.com\/pt\/fr\/comptabilite-ma-externalisation-financiere-salaires\/comptabilite-et-gestion-de-rh\/\",\"url\":\"https:\/\/www.areagest.com\/pt\/fr\/comptabilite-ma-externalisation-financiere-salaires\/comptabilite-et-gestion-de-rh\/\",\"name\":\"Comptabilit\u00e9, M&A, Externalisation financi\u00e8re, Salaires\",\"isPartOf\":{\"@id\":\"https:\/\/www.areagest.com\/pt\/#website\"},\"datePublished\":\"2014-09-29T16:09:14+00:00\",\"dateModified\":\"2025-09-27T16:37:38+00:00\",\"description\":\"Comptabilit\u00e9, M&A externalisation financi\u00e8re, salaires, compre et vente des entreprises, soutien \u00e0 la gestion, conseil financier, finance\",\"breadcrumb\":{\"@id\":\"https:\/\/www.areagest.com\/pt\/fr\/comptabilite-ma-externalisation-financiere-salaires\/comptabilite-et-gestion-de-rh\/#breadcrumb\"},\"inLanguage\":\"pt-PT\",\"potentialAction\":[{\"@type\":\"ReadAction\",\"target\":[\"https:\/\/www.areagest.com\/pt\/fr\/comptabilite-ma-externalisation-financiere-salaires\/comptabilite-et-gestion-de-rh\/\"]}]},{\"@type\":\"BreadcrumbList\",\"@id\":\"https:\/\/www.areagest.com\/pt\/fr\/comptabilite-ma-externalisation-financiere-salaires\/comptabilite-et-gestion-de-rh\/#breadcrumb\",\"itemListElement\":[{\"@type\":\"ListItem\",\"position\":1,\"name\":\"In\u00edcio\",\"item\":\"https:\/\/www.areagest.com\/pt\/\"},{\"@type\":\"ListItem\",\"position\":2,\"name\":\"Services\",\"item\":\"https:\/\/www.areagest.com\/pt\/comptabilite-ma-externalisation-financiere-salaires\/\"},{\"@type\":\"ListItem\",\"position\":3,\"name\":\"Comptabilit\u00e9 et Gestion des RH\"}]},{\"@type\":\"WebSite\",\"@id\":\"https:\/\/www.areagest.com\/pt\/#website\",\"url\":\"https:\/\/www.areagest.com\/pt\/\",\"name\":\"Areagest Servi\u00e7os de Gest\u00e3o\",\"description\":\"Compra e Venda de Empresas, Portugal 2030, Assessoria Financeira\",\"potentialAction\":[{\"@type\":\"SearchAction\",\"target\":{\"@type\":\"EntryPoint\",\"urlTemplate\":\"https:\/\/www.areagest.com\/pt\/?s={search_term_string}\"},\"query-input\":{\"@type\":\"PropertyValueSpecification\",\"valueRequired\":true,\"valueName\":\"search_term_string\"}}],\"inLanguage\":\"pt-PT\"}]}<\/script>\n<!-- \/ Yoast SEO plugin. -->","yoast_head_json":{"title":"Comptabilit\u00e9, M&A, Externalisation financi\u00e8re, Salaires","description":"Comptabilit\u00e9, M&A externalisation financi\u00e8re, salaires, compre et vente des entreprises, soutien \u00e0 la gestion, conseil financier, finance","robots":{"index":"index","follow":"follow","max-snippet":"max-snippet:-1","max-image-preview":"max-image-preview:large","max-video-preview":"max-video-preview:-1"},"canonical":"https:\/\/www.areagest.com\/pt\/fr\/comptabilite-ma-externalisation-financiere-salaires\/comptabilite-et-gestion-de-rh\/","og_locale":"pt_PT","og_type":"article","og_title":"Comptabilit\u00e9, M&A, Externalisation financi\u00e8re, Salaires","og_description":"Comptabilit\u00e9, M&A externalisation financi\u00e8re, salaires, compre et vente des entreprises, soutien \u00e0 la gestion, conseil financier, finance","og_url":"https:\/\/www.areagest.com\/pt\/fr\/comptabilite-ma-externalisation-financiere-salaires\/comptabilite-et-gestion-de-rh\/","og_site_name":"Areagest Servi\u00e7os de Gest\u00e3o","article_modified_time":"2025-09-27T16:37:38+00:00","twitter_misc":{"Tempo estimado de leitura":"2 minutos"},"schema":{"@context":"https:\/\/schema.org","@graph":[{"@type":"WebPage","@id":"https:\/\/www.areagest.com\/pt\/fr\/comptabilite-ma-externalisation-financiere-salaires\/comptabilite-et-gestion-de-rh\/","url":"https:\/\/www.areagest.com\/pt\/fr\/comptabilite-ma-externalisation-financiere-salaires\/comptabilite-et-gestion-de-rh\/","name":"Comptabilit\u00e9, M&A, Externalisation financi\u00e8re, Salaires","isPartOf":{"@id":"https:\/\/www.areagest.com\/pt\/#website"},"datePublished":"2014-09-29T16:09:14+00:00","dateModified":"2025-09-27T16:37:38+00:00","description":"Comptabilit\u00e9, M&A externalisation financi\u00e8re, salaires, compre et vente des entreprises, soutien \u00e0 la gestion, conseil financier, finance","breadcrumb":{"@id":"https:\/\/www.areagest.com\/pt\/fr\/comptabilite-ma-externalisation-financiere-salaires\/comptabilite-et-gestion-de-rh\/#breadcrumb"},"inLanguage":"pt-PT","potentialAction":[{"@type":"ReadAction","target":["https:\/\/www.areagest.com\/pt\/fr\/comptabilite-ma-externalisation-financiere-salaires\/comptabilite-et-gestion-de-rh\/"]}]},{"@type":"BreadcrumbList","@id":"https:\/\/www.areagest.com\/pt\/fr\/comptabilite-ma-externalisation-financiere-salaires\/comptabilite-et-gestion-de-rh\/#breadcrumb","itemListElement":[{"@type":"ListItem","position":1,"name":"In\u00edcio","item":"https:\/\/www.areagest.com\/pt\/"},{"@type":"ListItem","position":2,"name":"Services","item":"https:\/\/www.areagest.com\/pt\/comptabilite-ma-externalisation-financiere-salaires\/"},{"@type":"ListItem","position":3,"name":"Comptabilit\u00e9 et Gestion des RH"}]},{"@type":"WebSite","@id":"https:\/\/www.areagest.com\/pt\/#website","url":"https:\/\/www.areagest.com\/pt\/","name":"Areagest Servi\u00e7os de Gest\u00e3o","description":"Compra e Venda de Empresas, Portugal 2030, Assessoria Financeira","potentialAction":[{"@type":"SearchAction","target":{"@type":"EntryPoint","urlTemplate":"https:\/\/www.areagest.com\/pt\/?s={search_term_string}"},"query-input":{"@type":"PropertyValueSpecification","valueRequired":true,"valueName":"search_term_string"}}],"inLanguage":"pt-PT"}]}},"_links":{"self":[{"href":"https:\/\/www.areagest.com\/pt\/wp-json\/wp\/v2\/pages\/954","targetHints":{"allow":["GET"]}}],"collection":[{"href":"https:\/\/www.areagest.com\/pt\/wp-json\/wp\/v2\/pages"}],"about":[{"href":"https:\/\/www.areagest.com\/pt\/wp-json\/wp\/v2\/types\/page"}],"author":[{"embeddable":true,"href":"https:\/\/www.areagest.com\/pt\/wp-json\/wp\/v2\/users\/1"}],"replies":[{"embeddable":true,"href":"https:\/\/www.areagest.com\/pt\/wp-json\/wp\/v2\/comments?post=954"}],"version-history":[{"count":12,"href":"https:\/\/www.areagest.com\/pt\/wp-json\/wp\/v2\/pages\/954\/revisions"}],"predecessor-version":[{"id":8007,"href":"https:\/\/www.areagest.com\/pt\/wp-json\/wp\/v2\/pages\/954\/revisions\/8007"}],"up":[{"embeddable":true,"href":"https:\/\/www.areagest.com\/pt\/wp-json\/wp\/v2\/pages\/938"}],"wp:attachment":[{"href":"https:\/\/www.areagest.com\/pt\/wp-json\/wp\/v2\/media?parent=954"}],"curies":[{"name":"wp","href":"https:\/\/api.w.org\/{rel}","templated":true}]}}