{"id":948,"date":"2014-09-29T17:03:18","date_gmt":"2014-09-29T16:03:18","guid":{"rendered":"http:\/\/areagest.com\/?page_id=948"},"modified":"2025-06-10T16:32:48","modified_gmt":"2025-06-10T15:32:48","slug":"externalisation-administrative-et-financiere","status":"publish","type":"page","link":"https:\/\/www.areagest.com\/pt\/fr\/comptabilite-ma-externalisation-financiere-salaires\/externalisation-administrative-et-financiere\/","title":{"rendered":"Comptabilit\u00e9, Salaires, Externalisation Administrative et Financi\u00e8re"},"content":{"rendered":"<table class=\"subtitle-services\" border=\"0\" cellspacing=\"0\">\n<tbody>\n<tr>\n<td>                            <div class=\"squareDemo squareDemo_production shape box maskImg\" id=\"square_production_Outsourcing_fr9555016\" style='background: url(\"https:\/\/www.areagest.com\/wp-content\/uploads\/2014\/08\/outsourcing_a.png\") no-repeat 0% 0% \/ 100%; border-width: 0px; border-color: rgb(0, 0, 0); width: 62px; height: 62px; opacity: 1;'>\r\n                                <span class=\"textArea\" style=\"width: 42px; height: 12px; line-height: 0px; font-size: 0px; margin-top: -6px; margin-left: 0px;\"><\/span>\r\n                                <div class=\"squareLitDemo shape inOut swrillOut animated fadeOut\" id=\"square-lit\" style='background: url(\"https:\/\/www.areagest.com\/wp-content\/uploads\/2014\/08\/outsourcing_b.png\") no-repeat 0% 0% \/ 100%; top: 0px; width: 62px; height: 62px; right: 0px; margin-left: 0px; transform: rotate(0deg);' entrance=\"effect\" in=\"fadeIn\" out=\"fadeOut\">\r\n                                    <a class=\"title_2 title_link_out\" href=\"\/fr\/services-2\/externalisation-administrative-et-financiere\/\" target=\"\"><h3 class=\"title\" style=\"font-size: 0px; margin-left: -4px; transform: rotate(0deg); -webkit-transform: rotate(0deg);\"><\/h3><\/a>\r\n                                    <hr class=\"divLit hidden\">\r\n                                    <div class=\"textAreaWrapper\" style=\"padding-right: 14px; transform: rotate(0deg); -webkit-transform: rotate(0deg);\">\r\n                                        <span class=\"textArea\" style=\"width: 42px; height: 12px; line-height: 0px; font-size: 0px;\"><\/span>\r\n                                    <\/div>\r\n                                <\/div>\r\n                            <\/div>\r\n                        <\/td>\n<td valign=\"center\">\n<h1>Comptabilit\u00e9, Salaires, Externalisation Administrative et Financi\u00e8re<\/h1>\n<\/td>\n<\/tr>\n<\/tbody>\n<\/table>\n<h4>D\u00e9couvrez nos plans d\u2019externalisation<\/h4>\n<h4>* con\u00e7us sur mesure en fonction de vos besoins<\/h4>\n<h4>* en fonction de l\u2019\u00e9quipe interne actuelle<\/h4>\n<h4>* de mani\u00e8re progressive et optimale<\/h4>\n<h4>Nous garantissons une solution comp\u00e9titive vous permettant une r\u00e9duction des co\u00fbts lors de la cr\u00e9ation ou du maintien d\u2019une \u00e9quipe interne.<\/h4>\n<h4>Nous offrons le dessin strat\u00e9gique d\u2019une solution comp\u00e9titive pour votre entreprise.<\/h4>\n<p>&nbsp;<\/p>\n<p>&nbsp;<\/p>\n<ul id=\"toggle-view\"><\/p>\n<p><li class=\"clearfix\"><span>+<\/span><h3>\/\/ Externalization Administrative<\/h3><div class=\"clear\"><\/div><div class=\"panel clearfix\"><p><\/p>\n<h5>\u00c9mission et envoi de documents de facturation<\/h5>\n<h5>\u00c9mission et envoi de documents de transport<\/h5>\n<h5>Gestion totale de recouvrement, en partenariat avec la Soci\u00e9t\u00e9 d\u2019Avocats<\/h5>\n<h5>Contr\u00f4le de recouvrement<\/h5>\n<h5>\u00c9mission d\u2019ordres de paiement<\/h5>\n<h5>Contr\u00f4le de tr\u00e9sorerie<\/h5>\n<h5>Assistance t\u00e9l\u00e9phonique personnalis\u00e9e<\/h5>\n<h5>Gestion de correspondance<\/h5>\n<h5>Inventaire et contr\u00f4le des stocks<\/h5>\n<h5>Gestion des achats<\/h5>\n<h5>Autres services d\u00e9finis en fonction des besoins du client<\/h5>\n<p><\/p><\/div><\/li><\/p>\n<p><li class=\"clearfix\"><span>+<\/span><h3>\/\/Externalization de Direcci\u00f3n Financi\u00e8re et Contr\u00f4le de G\u00e9stion<\/h3><div class=\"clear\"><\/div><div class=\"panel clearfix\"><p><\/p>\n<h5>Analyse financi\u00e8re hebdomadaire ou bimensuelle: analyse p\u00e9riodique de l\u2019\u00e9volution de l\u2019entreprise, des profits, co\u00fbts, rentabilit\u00e9, flux de tr\u00e9sorerie, analyse des risques, tableau de bord \u00e9quilibr\u00e9, d\u00e9finition des indicateurs cl\u00e9s de performance et autres indicateurs de performance.<\/h5>\n<h5>Analyse de l\u2019entreprise par section<\/h5>\n<h5>Analyse financi\u00e8re<\/h5>\n<h5>Gestion de tr\u00e9sorerie<\/h5>\n<h5>Contr\u00f4le de gestion<\/h5>\n<h5>Comptabilit\u00e9 analytique<\/h5>\n<h5>Gestion budg\u00e9taire<\/h5>\n<h5>Planification de gestion<\/h5>\n<h5>Gestion strat\u00e9gique<\/h5>\n<p><\/p><\/div><\/li><\/p>\n<p><li class=\"clearfix\"><span>+<\/span><h3>\/\/ Externalization de Gestion des Ressources Humaines<\/h3><div class=\"clear\"><\/div><div class=\"panel clearfix\"><p><\/p>\n<h5>Traitement des salaires (fiches de paie, fiches de r\u00e9mun\u00e9rations, guides de paiement et d\u00e9clarations annuelles des retenues d\u2019imp\u00f4ts des employ\u00e9s, Mod\u00e8le 10, rapport unique, obligations d\u00e9claratives);<\/h5>\n<h5>Gestion et traitement des dossiers de la S\u00e9curit\u00e9 sociale;<\/h5>\n<h5>Proc\u00e9dures de recrutement et s\u00e9lection de collaborateurs;<\/h5>\n<h5>\u00c9valuation de performance et de productivit\u00e9;<\/h5>\n<h5>Planification et distribution des t\u00e2ches;<\/h5>\n<h5>Gestion des r\u00e9mun\u00e9rations des membres ex\u00e9cutifs (expatri\u00e9s et non-expatri\u00e9s)<\/h5>\n<h5>D\u00e9finition du plan de carri\u00e8re<\/h5>\n<h5>Gestion temporaire des ressources<\/h5>\n<h5>Gestion du plan de formation<\/h5>\n<h5>Autres services d\u00e9finis en fonction des besoins du client<\/h5>\n<p><\/p><\/div><\/li><\/p>\n<p><li class=\"clearfix\"><span>+<\/span><h3>\/\/ Externalization de Comptabilit\u00e9<\/h3><div class=\"clear\"><\/div><div class=\"panel clearfix\"><p><\/p>\n<h5>Comptabilit\u00e9 financi\u00e8re<\/h5>\n<h5>Analyse, pr\u00e9vision et optimisation de la charge fiscale<\/h5>\n<h5>Comptabilit\u00e9 analytique et des co\u00fbts<\/h5>\n<h5>Comptabilit\u00e9 budg\u00e9taire<\/h5>\n<h5>D\u00e9finition et mise en place du <em>reporting<\/em> comptable<\/h5>\n<h5>Autres services d\u00e9finis en fonction des besoins du client<\/h5>\n<h5>Comptabilit\u00e9 et gestion des RH<\/h5>\n<p><\/p><\/div><\/li><\/p>\n<p><\/ul>\n","protected":false},"excerpt":{"rendered":"<p>Comptabilit\u00e9, Salaires, Externalisation Administrative et Financi\u00e8re D\u00e9couvrez nos plans d\u2019externalisation * con\u00e7us sur mesure en fonction de vos besoins * en fonction de l\u2019\u00e9quipe interne actuelle * de mani\u00e8re progressive et optimale Nous garantissons une solution comp\u00e9titive vous permettant une r\u00e9duction des co\u00fbts lors de la cr\u00e9ation ou du maintien d\u2019une \u00e9quipe interne. Nous offrons&#8230;<\/p>\n","protected":false},"author":1,"featured_media":0,"parent":938,"menu_order":0,"comment_status":"closed","ping_status":"closed","template":"","meta":{"footnotes":""},"class_list":["post-948","page","type-page","status-publish","hentry"],"yoast_head":"<!-- This site is optimized with the Yoast SEO plugin v25.3.1 - https:\/\/yoast.com\/wordpress\/plugins\/seo\/ -->\n<title>Comptabilit\u00e9, M&amp;A, Externalisation financi\u00e8re, Salaires<\/title>\n<meta name=\"description\" content=\"Comptabilit\u00e9, M&amp;A externalisation financi\u00e8re, salaires, compre et vente des entreprises, soutien \u00e0 la gestion, conseil financier, finance\" \/>\n<meta name=\"robots\" content=\"index, follow, max-snippet:-1, max-image-preview:large, max-video-preview:-1\" \/>\n<link rel=\"canonical\" href=\"https:\/\/www.areagest.com\/pt\/fr\/comptabilite-ma-externalisation-financiere-salaires\/externalisation-administrative-et-financiere\/\" \/>\n<meta property=\"og:locale\" content=\"pt_PT\" \/>\n<meta property=\"og:type\" content=\"article\" \/>\n<meta property=\"og:title\" content=\"Comptabilit\u00e9, M&amp;A, Externalisation financi\u00e8re, Salaires\" \/>\n<meta property=\"og:description\" content=\"Comptabilit\u00e9, M&amp;A externalisation financi\u00e8re, salaires, compre et vente des entreprises, soutien \u00e0 la gestion, conseil financier, finance\" \/>\n<meta property=\"og:url\" content=\"https:\/\/www.areagest.com\/pt\/fr\/comptabilite-ma-externalisation-financiere-salaires\/externalisation-administrative-et-financiere\/\" \/>\n<meta property=\"og:site_name\" content=\"Areagest Servi\u00e7os de Gest\u00e3o\" \/>\n<meta property=\"article:modified_time\" content=\"2025-06-10T15:32:48+00:00\" \/>\n<meta name=\"twitter:label1\" content=\"Tempo estimado de leitura\" \/>\n\t<meta name=\"twitter:data1\" content=\"2 minutos\" \/>\n<script type=\"application\/ld+json\" class=\"yoast-schema-graph\">{\"@context\":\"https:\/\/schema.org\",\"@graph\":[{\"@type\":\"WebPage\",\"@id\":\"https:\/\/www.areagest.com\/pt\/fr\/comptabilite-ma-externalisation-financiere-salaires\/externalisation-administrative-et-financiere\/\",\"url\":\"https:\/\/www.areagest.com\/pt\/fr\/comptabilite-ma-externalisation-financiere-salaires\/externalisation-administrative-et-financiere\/\",\"name\":\"Comptabilit\u00e9, M&A, Externalisation financi\u00e8re, Salaires\",\"isPartOf\":{\"@id\":\"https:\/\/www.areagest.com\/pt\/#website\"},\"datePublished\":\"2014-09-29T16:03:18+00:00\",\"dateModified\":\"2025-06-10T15:32:48+00:00\",\"description\":\"Comptabilit\u00e9, M&A externalisation financi\u00e8re, salaires, compre et vente des entreprises, soutien \u00e0 la gestion, conseil financier, finance\",\"breadcrumb\":{\"@id\":\"https:\/\/www.areagest.com\/pt\/fr\/comptabilite-ma-externalisation-financiere-salaires\/externalisation-administrative-et-financiere\/#breadcrumb\"},\"inLanguage\":\"pt-PT\",\"potentialAction\":[{\"@type\":\"ReadAction\",\"target\":[\"https:\/\/www.areagest.com\/pt\/fr\/comptabilite-ma-externalisation-financiere-salaires\/externalisation-administrative-et-financiere\/\"]}]},{\"@type\":\"BreadcrumbList\",\"@id\":\"https:\/\/www.areagest.com\/pt\/fr\/comptabilite-ma-externalisation-financiere-salaires\/externalisation-administrative-et-financiere\/#breadcrumb\",\"itemListElement\":[{\"@type\":\"ListItem\",\"position\":1,\"name\":\"In\u00edcio\",\"item\":\"https:\/\/www.areagest.com\/pt\/\"},{\"@type\":\"ListItem\",\"position\":2,\"name\":\"Services\",\"item\":\"https:\/\/www.areagest.com\/pt\/comptabilite-ma-externalisation-financiere-salaires\/\"},{\"@type\":\"ListItem\",\"position\":3,\"name\":\"Comptabilit\u00e9, Salaires, Externalisation Administrative et Financi\u00e8re\"}]},{\"@type\":\"WebSite\",\"@id\":\"https:\/\/www.areagest.com\/pt\/#website\",\"url\":\"https:\/\/www.areagest.com\/pt\/\",\"name\":\"Areagest Servi\u00e7os de Gest\u00e3o\",\"description\":\"Compra e Venda de Empresas, Portugal 2030, Assessoria Financeira\",\"potentialAction\":[{\"@type\":\"SearchAction\",\"target\":{\"@type\":\"EntryPoint\",\"urlTemplate\":\"https:\/\/www.areagest.com\/pt\/?s={search_term_string}\"},\"query-input\":{\"@type\":\"PropertyValueSpecification\",\"valueRequired\":true,\"valueName\":\"search_term_string\"}}],\"inLanguage\":\"pt-PT\"}]}<\/script>\n<!-- \/ Yoast SEO plugin. -->","yoast_head_json":{"title":"Comptabilit\u00e9, M&A, Externalisation financi\u00e8re, Salaires","description":"Comptabilit\u00e9, M&A externalisation financi\u00e8re, salaires, compre et vente des entreprises, soutien \u00e0 la gestion, conseil financier, finance","robots":{"index":"index","follow":"follow","max-snippet":"max-snippet:-1","max-image-preview":"max-image-preview:large","max-video-preview":"max-video-preview:-1"},"canonical":"https:\/\/www.areagest.com\/pt\/fr\/comptabilite-ma-externalisation-financiere-salaires\/externalisation-administrative-et-financiere\/","og_locale":"pt_PT","og_type":"article","og_title":"Comptabilit\u00e9, M&A, Externalisation financi\u00e8re, Salaires","og_description":"Comptabilit\u00e9, M&A externalisation financi\u00e8re, salaires, compre et vente des entreprises, soutien \u00e0 la gestion, conseil financier, finance","og_url":"https:\/\/www.areagest.com\/pt\/fr\/comptabilite-ma-externalisation-financiere-salaires\/externalisation-administrative-et-financiere\/","og_site_name":"Areagest Servi\u00e7os de Gest\u00e3o","article_modified_time":"2025-06-10T15:32:48+00:00","twitter_misc":{"Tempo estimado de leitura":"2 minutos"},"schema":{"@context":"https:\/\/schema.org","@graph":[{"@type":"WebPage","@id":"https:\/\/www.areagest.com\/pt\/fr\/comptabilite-ma-externalisation-financiere-salaires\/externalisation-administrative-et-financiere\/","url":"https:\/\/www.areagest.com\/pt\/fr\/comptabilite-ma-externalisation-financiere-salaires\/externalisation-administrative-et-financiere\/","name":"Comptabilit\u00e9, M&A, Externalisation financi\u00e8re, Salaires","isPartOf":{"@id":"https:\/\/www.areagest.com\/pt\/#website"},"datePublished":"2014-09-29T16:03:18+00:00","dateModified":"2025-06-10T15:32:48+00:00","description":"Comptabilit\u00e9, M&A externalisation financi\u00e8re, salaires, compre et vente des entreprises, soutien \u00e0 la gestion, conseil financier, finance","breadcrumb":{"@id":"https:\/\/www.areagest.com\/pt\/fr\/comptabilite-ma-externalisation-financiere-salaires\/externalisation-administrative-et-financiere\/#breadcrumb"},"inLanguage":"pt-PT","potentialAction":[{"@type":"ReadAction","target":["https:\/\/www.areagest.com\/pt\/fr\/comptabilite-ma-externalisation-financiere-salaires\/externalisation-administrative-et-financiere\/"]}]},{"@type":"BreadcrumbList","@id":"https:\/\/www.areagest.com\/pt\/fr\/comptabilite-ma-externalisation-financiere-salaires\/externalisation-administrative-et-financiere\/#breadcrumb","itemListElement":[{"@type":"ListItem","position":1,"name":"In\u00edcio","item":"https:\/\/www.areagest.com\/pt\/"},{"@type":"ListItem","position":2,"name":"Services","item":"https:\/\/www.areagest.com\/pt\/comptabilite-ma-externalisation-financiere-salaires\/"},{"@type":"ListItem","position":3,"name":"Comptabilit\u00e9, Salaires, Externalisation Administrative et Financi\u00e8re"}]},{"@type":"WebSite","@id":"https:\/\/www.areagest.com\/pt\/#website","url":"https:\/\/www.areagest.com\/pt\/","name":"Areagest Servi\u00e7os de Gest\u00e3o","description":"Compra e Venda de Empresas, Portugal 2030, Assessoria Financeira","potentialAction":[{"@type":"SearchAction","target":{"@type":"EntryPoint","urlTemplate":"https:\/\/www.areagest.com\/pt\/?s={search_term_string}"},"query-input":{"@type":"PropertyValueSpecification","valueRequired":true,"valueName":"search_term_string"}}],"inLanguage":"pt-PT"}]}},"_links":{"self":[{"href":"https:\/\/www.areagest.com\/pt\/wp-json\/wp\/v2\/pages\/948","targetHints":{"allow":["GET"]}}],"collection":[{"href":"https:\/\/www.areagest.com\/pt\/wp-json\/wp\/v2\/pages"}],"about":[{"href":"https:\/\/www.areagest.com\/pt\/wp-json\/wp\/v2\/types\/page"}],"author":[{"embeddable":true,"href":"https:\/\/www.areagest.com\/pt\/wp-json\/wp\/v2\/users\/1"}],"replies":[{"embeddable":true,"href":"https:\/\/www.areagest.com\/pt\/wp-json\/wp\/v2\/comments?post=948"}],"version-history":[{"count":6,"href":"https:\/\/www.areagest.com\/pt\/wp-json\/wp\/v2\/pages\/948\/revisions"}],"predecessor-version":[{"id":6613,"href":"https:\/\/www.areagest.com\/pt\/wp-json\/wp\/v2\/pages\/948\/revisions\/6613"}],"up":[{"embeddable":true,"href":"https:\/\/www.areagest.com\/pt\/wp-json\/wp\/v2\/pages\/938"}],"wp:attachment":[{"href":"https:\/\/www.areagest.com\/pt\/wp-json\/wp\/v2\/media?parent=948"}],"curies":[{"name":"wp","href":"https:\/\/api.w.org\/{rel}","templated":true}]}}