{"id":944,"date":"2014-09-29T16:51:18","date_gmt":"2014-09-29T15:51:18","guid":{"rendered":"http:\/\/areagest.com\/?page_id=944"},"modified":"2025-06-10T16:21:53","modified_gmt":"2025-06-10T15:21:53","slug":"externalizacion-financiera-y-administrativa","status":"publish","type":"page","link":"https:\/\/www.areagest.com\/pt\/es\/contabilidad-ma-compra-y-venta-de-negocios-gestoria-nominas\/externalizacion-financiera-y-administrativa\/","title":{"rendered":"Contabilidad, N\u00f3minas, Externalizaci\u00f3n Financiera y Administrativa"},"content":{"rendered":"<table class=\"subtitle-services\" border=\"0\" cellspacing=\"0\">\n<tbody>\n<tr>\n<td>                            <div class=\"squareDemo squareDemo_production shape box maskImg\" id=\"square_production_Outsourcing_ESP2725986\" style='background: url(\"https:\/\/www.areagest.com\/wp-content\/uploads\/2014\/08\/outsourcing_a.png\") no-repeat 0% 0% \/ 100%; border-width: 0px; border-color: rgb(0, 0, 0); width: 62px; height: 62px; opacity: 1;'>\r\n                                <span class=\"textArea\" style=\"width: 42px; height: 12px; line-height: 0px; font-size: 0px; margin-top: -6px; margin-left: 0px;\"><\/span>\r\n                                <div class=\"squareLitDemo shape inOut swrillOut animated fadeOut\" id=\"square-lit\" style='background: url(\"https:\/\/www.areagest.com\/wp-content\/uploads\/2014\/08\/outsourcing_b.png\") no-repeat 0% 0% \/ 100%; top: 0px; width: 62px; height: 62px; right: 0px; margin-left: 0px; transform: rotate(0deg);' entrance=\"effect\" in=\"fadeIn\" out=\"fadeOut\">\r\n                                    <a class=\"title_2 title_link_out\" href=\"\/es\/servicios\/externalizacion-financiera-y-administrativa\/\" target=\"\"><h3 class=\"title\" style=\"font-size: 0px; margin-left: -4px; transform: rotate(0deg); -webkit-transform: rotate(0deg);\"><\/h3><\/a>\r\n                                    <hr class=\"divLit hidden\">\r\n                                    <div class=\"textAreaWrapper\" style=\"padding-right: 14px; transform: rotate(0deg); -webkit-transform: rotate(0deg);\">\r\n                                        <span class=\"textArea\" style=\"width: 42px; height: 12px; line-height: 0px; font-size: 0px;\"><\/span>\r\n                                    <\/div>\r\n                                <\/div>\r\n                            <\/div>\r\n                        <\/td>\n<td valign=\"center\">\n<h1>Contabilidad, N\u00f3minas, Externalizaci\u00f3n Financiera y Administrativa<\/h1>\n<\/td>\n<\/tr>\n<\/tbody>\n<\/table>\n<h4>Conozca nuestros planes de externalizaci\u00f3n<\/h4>\n<h4>* dise\u00f1ados a la medida de sus necesidades<\/h4>\n<h4>* en funci\u00f3n del equipo interno actual<\/h4>\n<h4>* de forma gradual y optimizada<\/h4>\n<h4>Garantizamos una soluci\u00f3n competitiva que reducir\u00e1 sus costes de creaci\u00f3n o mantenimiento de un equipo interno.<\/h4>\n<h4>Ofrecemos el dise\u00f1o estrat\u00e9gico de una soluci\u00f3n competitiva para su empresa.<\/h4>\n<p>&nbsp;<\/p>\n<p>&nbsp;<\/p>\n<ul id=\"toggle-view\"><\/p>\n<p><li class=\"clearfix\"><span>+<\/span><h3>\/\/ Externalizaci\u00f3n Administrativa<\/h3><div class=\"clear\"><\/div><div class=\"panel clearfix\"><p><\/p>\n<h5>Emisi\u00f3n y env\u00edo de documentos de facturaci\u00f3n<\/h5>\n<h5>Emisi\u00f3n y env\u00edo de documentos de transporte<\/h5>\n<h5>Gesti\u00f3n integral de cobros, en colaboraci\u00f3n con Sociedade de Advogados<\/h5>\n<h5>Control de recibos<\/h5>\n<h5>Emisi\u00f3n de \u00f3rdenes de pago<\/h5>\n<h5>Control de tesorer\u00eda<\/h5>\n<h5>Atenci\u00f3n telef\u00f3nica personalizada<\/h5>\n<h5>Gesti\u00f3n de correspondencia<\/h5>\n<h5>Inventario y control de existencias<\/h5>\n<h5>Gesti\u00f3n de compras<\/h5>\n<h5>Otros servicios definidos seg\u00fan las necesidades del cliente<\/h5>\n<p><\/p><\/div><\/li><\/p>\n<p><li class=\"clearfix\"><span>+<\/span><h3>\/\/Externalizaci\u00f3n de Direcci\u00f3n Financiera y Control de Gesti\u00f3n<\/h3><div class=\"clear\"><\/div><div class=\"panel clearfix\"><p><\/p>\n<h5>An\u00e1lisis de la empresa por secciones<\/h5>\n<h5>An\u00e1lisis financiero<\/h5>\n<h5>Gesti\u00f3n de tesorer\u00eda<\/h5>\n<h5>Control de gesti\u00f3n<\/h5>\n<h5>Contabilidad anal\u00edtica<\/h5>\n<h5>Gesti\u00f3n presupuestaria<\/h5>\n<h5>Planificaci\u00f3n de gesti\u00f3n<\/h5>\n<h5>Gesti\u00f3n estrat\u00e9gica<\/h5>\n<p><\/p><\/div><\/li><\/p>\n<p><li class=\"clearfix\"><span>+<\/span><h3>\/\/ Externalizaci\u00f3n y Gesti\u00f3n de Recursos Humanos<\/h3><div class=\"clear\"><\/div><div class=\"panel clearfix\"><p><\/p>\n<h5>Procesado de vencimientos (recibos de vencimientos, n\u00f3minas, directrices de pagos y declaraciones anuales de retenciones de impuestos a funcionarios, Modelo 10, informe \u00fanico, otras obligaciones declarativas);<\/h5>\n<h5>Gesti\u00f3n y procesado de Seguridad Social;<\/h5>\n<h5>Procesos de contrataci\u00f3n y selecci\u00f3n de colaboradores;<\/h5>\n<h5>Evaluaci\u00f3n de rendimiento y productividad;<\/h5>\n<h5>Planificaci\u00f3n y distribuci\u00f3n de funciones<\/h5>\n<h5>Gesti\u00f3n de pagos a ejecutivos (desplazados o no)<\/h5>\n<h5>Definici\u00f3n del plan de carrera<\/h5>\n<h5>Gesti\u00f3n provisional de recursos<\/h5>\n<h5>Gesti\u00f3n de planes de formaci\u00f3n<\/h5>\n<h5>Otros servicios definidos seg\u00fan las necesidades del cliente<\/h5>\n<p><\/p><\/div><\/li><\/p>\n<p><li class=\"clearfix\"><span>+<\/span><h3>\/\/ Externalizaci\u00f3n de Contabilidad<\/h3><div class=\"clear\"><\/div><div class=\"panel clearfix\"><p><\/p>\n<h5>Contabilidad financiera<\/h5>\n<h5>An\u00e1lisis, previsi\u00f3n y optimizaci\u00f3n de cargas fiscales<\/h5>\n<h5>Contabilidad anal\u00edtica o de costes<\/h5>\n<h5>Contabilidad presupuestaria<\/h5>\n<h5>Definici\u00f3n e implementaci\u00f3n del informe contable<\/h5>\n<h5>Otros servicios definidos seg\u00fan las necesidades del cliente<\/h5>\n<p><\/p><\/div><\/li><\/p>\n<p><\/ul>\n","protected":false},"excerpt":{"rendered":"<p>Contabilidad, N\u00f3minas, Externalizaci\u00f3n Financiera y Administrativa Conozca nuestros planes de externalizaci\u00f3n * dise\u00f1ados a la medida de sus necesidades * en funci\u00f3n del equipo interno actual * de forma gradual y optimizada Garantizamos una soluci\u00f3n competitiva que reducir\u00e1 sus costes de creaci\u00f3n o mantenimiento de un equipo interno. Ofrecemos el dise\u00f1o estrat\u00e9gico de una soluci\u00f3n&#8230;<\/p>\n","protected":false},"author":1,"featured_media":0,"parent":936,"menu_order":0,"comment_status":"closed","ping_status":"closed","template":"","meta":{"footnotes":""},"class_list":["post-944","page","type-page","status-publish","hentry"],"yoast_head":"<!-- This site is optimized with the Yoast SEO plugin v25.3.1 - https:\/\/yoast.com\/wordpress\/plugins\/seo\/ -->\n<title>Contabilidad, M&amp;A, Gestoria, Nominas<\/title>\n<meta name=\"description\" content=\"Contabilidad, M&amp;A, Nominas, Consultor\u00eda financiera, Finanzas, Gestoria, Compra y Venta de Neg\u00f3cios, Externalizaci\u00f3n Financiera\" \/>\n<meta name=\"robots\" content=\"index, follow, max-snippet:-1, max-image-preview:large, max-video-preview:-1\" \/>\n<link rel=\"canonical\" href=\"https:\/\/www.areagest.com\/pt\/es\/contabilidad-ma-compra-y-venta-de-negocios-gestoria-nominas\/externalizacion-financiera-y-administrativa\/\" \/>\n<meta property=\"og:locale\" content=\"pt_PT\" \/>\n<meta property=\"og:type\" content=\"article\" \/>\n<meta property=\"og:title\" content=\"Contabilidad, M&amp;A, Gestoria, Nominas\" \/>\n<meta property=\"og:description\" content=\"Contabilidad, M&amp;A, Nominas, Consultor\u00eda financiera, Finanzas, Gestoria, Compra y Venta de Neg\u00f3cios, Externalizaci\u00f3n Financiera\" \/>\n<meta property=\"og:url\" content=\"https:\/\/www.areagest.com\/pt\/es\/contabilidad-ma-compra-y-venta-de-negocios-gestoria-nominas\/externalizacion-financiera-y-administrativa\/\" \/>\n<meta property=\"og:site_name\" content=\"Areagest Servi\u00e7os de Gest\u00e3o\" \/>\n<meta property=\"article:modified_time\" content=\"2025-06-10T15:21:53+00:00\" \/>\n<meta name=\"twitter:label1\" content=\"Tempo estimado de leitura\" \/>\n\t<meta name=\"twitter:data1\" content=\"2 minutos\" \/>\n<script type=\"application\/ld+json\" class=\"yoast-schema-graph\">{\"@context\":\"https:\/\/schema.org\",\"@graph\":[{\"@type\":\"WebPage\",\"@id\":\"https:\/\/www.areagest.com\/pt\/es\/contabilidad-ma-compra-y-venta-de-negocios-gestoria-nominas\/externalizacion-financiera-y-administrativa\/\",\"url\":\"https:\/\/www.areagest.com\/pt\/es\/contabilidad-ma-compra-y-venta-de-negocios-gestoria-nominas\/externalizacion-financiera-y-administrativa\/\",\"name\":\"Contabilidad, M&A, Gestoria, Nominas\",\"isPartOf\":{\"@id\":\"https:\/\/www.areagest.com\/pt\/#website\"},\"datePublished\":\"2014-09-29T15:51:18+00:00\",\"dateModified\":\"2025-06-10T15:21:53+00:00\",\"description\":\"Contabilidad, M&A, Nominas, Consultor\u00eda financiera, Finanzas, Gestoria, Compra y Venta de Neg\u00f3cios, Externalizaci\u00f3n Financiera\",\"breadcrumb\":{\"@id\":\"https:\/\/www.areagest.com\/pt\/es\/contabilidad-ma-compra-y-venta-de-negocios-gestoria-nominas\/externalizacion-financiera-y-administrativa\/#breadcrumb\"},\"inLanguage\":\"pt-PT\",\"potentialAction\":[{\"@type\":\"ReadAction\",\"target\":[\"https:\/\/www.areagest.com\/pt\/es\/contabilidad-ma-compra-y-venta-de-negocios-gestoria-nominas\/externalizacion-financiera-y-administrativa\/\"]}]},{\"@type\":\"BreadcrumbList\",\"@id\":\"https:\/\/www.areagest.com\/pt\/es\/contabilidad-ma-compra-y-venta-de-negocios-gestoria-nominas\/externalizacion-financiera-y-administrativa\/#breadcrumb\",\"itemListElement\":[{\"@type\":\"ListItem\",\"position\":1,\"name\":\"In\u00edcio\",\"item\":\"https:\/\/www.areagest.com\/pt\/\"},{\"@type\":\"ListItem\",\"position\":2,\"name\":\"Servicios\",\"item\":\"https:\/\/www.areagest.com\/pt\/contabilidad-ma-compra-y-venta-de-negocios-gestoria-nominas\/\"},{\"@type\":\"ListItem\",\"position\":3,\"name\":\"Contabilidad, N\u00f3minas, Externalizaci\u00f3n Financiera y Administrativa\"}]},{\"@type\":\"WebSite\",\"@id\":\"https:\/\/www.areagest.com\/pt\/#website\",\"url\":\"https:\/\/www.areagest.com\/pt\/\",\"name\":\"Areagest Servi\u00e7os de Gest\u00e3o\",\"description\":\"Compra e Venda de Empresas, Portugal 2030, Assessoria Financeira\",\"potentialAction\":[{\"@type\":\"SearchAction\",\"target\":{\"@type\":\"EntryPoint\",\"urlTemplate\":\"https:\/\/www.areagest.com\/pt\/?s={search_term_string}\"},\"query-input\":{\"@type\":\"PropertyValueSpecification\",\"valueRequired\":true,\"valueName\":\"search_term_string\"}}],\"inLanguage\":\"pt-PT\"}]}<\/script>\n<!-- \/ Yoast SEO plugin. -->","yoast_head_json":{"title":"Contabilidad, M&A, Gestoria, Nominas","description":"Contabilidad, M&A, Nominas, Consultor\u00eda financiera, Finanzas, Gestoria, Compra y Venta de Neg\u00f3cios, Externalizaci\u00f3n Financiera","robots":{"index":"index","follow":"follow","max-snippet":"max-snippet:-1","max-image-preview":"max-image-preview:large","max-video-preview":"max-video-preview:-1"},"canonical":"https:\/\/www.areagest.com\/pt\/es\/contabilidad-ma-compra-y-venta-de-negocios-gestoria-nominas\/externalizacion-financiera-y-administrativa\/","og_locale":"pt_PT","og_type":"article","og_title":"Contabilidad, M&A, Gestoria, Nominas","og_description":"Contabilidad, M&A, Nominas, Consultor\u00eda financiera, Finanzas, Gestoria, Compra y Venta de Neg\u00f3cios, Externalizaci\u00f3n Financiera","og_url":"https:\/\/www.areagest.com\/pt\/es\/contabilidad-ma-compra-y-venta-de-negocios-gestoria-nominas\/externalizacion-financiera-y-administrativa\/","og_site_name":"Areagest Servi\u00e7os de Gest\u00e3o","article_modified_time":"2025-06-10T15:21:53+00:00","twitter_misc":{"Tempo estimado de leitura":"2 minutos"},"schema":{"@context":"https:\/\/schema.org","@graph":[{"@type":"WebPage","@id":"https:\/\/www.areagest.com\/pt\/es\/contabilidad-ma-compra-y-venta-de-negocios-gestoria-nominas\/externalizacion-financiera-y-administrativa\/","url":"https:\/\/www.areagest.com\/pt\/es\/contabilidad-ma-compra-y-venta-de-negocios-gestoria-nominas\/externalizacion-financiera-y-administrativa\/","name":"Contabilidad, M&A, Gestoria, Nominas","isPartOf":{"@id":"https:\/\/www.areagest.com\/pt\/#website"},"datePublished":"2014-09-29T15:51:18+00:00","dateModified":"2025-06-10T15:21:53+00:00","description":"Contabilidad, M&A, Nominas, Consultor\u00eda financiera, Finanzas, Gestoria, Compra y Venta de Neg\u00f3cios, Externalizaci\u00f3n Financiera","breadcrumb":{"@id":"https:\/\/www.areagest.com\/pt\/es\/contabilidad-ma-compra-y-venta-de-negocios-gestoria-nominas\/externalizacion-financiera-y-administrativa\/#breadcrumb"},"inLanguage":"pt-PT","potentialAction":[{"@type":"ReadAction","target":["https:\/\/www.areagest.com\/pt\/es\/contabilidad-ma-compra-y-venta-de-negocios-gestoria-nominas\/externalizacion-financiera-y-administrativa\/"]}]},{"@type":"BreadcrumbList","@id":"https:\/\/www.areagest.com\/pt\/es\/contabilidad-ma-compra-y-venta-de-negocios-gestoria-nominas\/externalizacion-financiera-y-administrativa\/#breadcrumb","itemListElement":[{"@type":"ListItem","position":1,"name":"In\u00edcio","item":"https:\/\/www.areagest.com\/pt\/"},{"@type":"ListItem","position":2,"name":"Servicios","item":"https:\/\/www.areagest.com\/pt\/contabilidad-ma-compra-y-venta-de-negocios-gestoria-nominas\/"},{"@type":"ListItem","position":3,"name":"Contabilidad, N\u00f3minas, Externalizaci\u00f3n Financiera y Administrativa"}]},{"@type":"WebSite","@id":"https:\/\/www.areagest.com\/pt\/#website","url":"https:\/\/www.areagest.com\/pt\/","name":"Areagest Servi\u00e7os de Gest\u00e3o","description":"Compra e Venda de Empresas, Portugal 2030, Assessoria Financeira","potentialAction":[{"@type":"SearchAction","target":{"@type":"EntryPoint","urlTemplate":"https:\/\/www.areagest.com\/pt\/?s={search_term_string}"},"query-input":{"@type":"PropertyValueSpecification","valueRequired":true,"valueName":"search_term_string"}}],"inLanguage":"pt-PT"}]}},"_links":{"self":[{"href":"https:\/\/www.areagest.com\/pt\/wp-json\/wp\/v2\/pages\/944","targetHints":{"allow":["GET"]}}],"collection":[{"href":"https:\/\/www.areagest.com\/pt\/wp-json\/wp\/v2\/pages"}],"about":[{"href":"https:\/\/www.areagest.com\/pt\/wp-json\/wp\/v2\/types\/page"}],"author":[{"embeddable":true,"href":"https:\/\/www.areagest.com\/pt\/wp-json\/wp\/v2\/users\/1"}],"replies":[{"embeddable":true,"href":"https:\/\/www.areagest.com\/pt\/wp-json\/wp\/v2\/comments?post=944"}],"version-history":[{"count":10,"href":"https:\/\/www.areagest.com\/pt\/wp-json\/wp\/v2\/pages\/944\/revisions"}],"predecessor-version":[{"id":6610,"href":"https:\/\/www.areagest.com\/pt\/wp-json\/wp\/v2\/pages\/944\/revisions\/6610"}],"up":[{"embeddable":true,"href":"https:\/\/www.areagest.com\/pt\/wp-json\/wp\/v2\/pages\/936"}],"wp:attachment":[{"href":"https:\/\/www.areagest.com\/pt\/wp-json\/wp\/v2\/media?parent=944"}],"curies":[{"name":"wp","href":"https:\/\/api.w.org\/{rel}","templated":true}]}}