{"id":938,"date":"2014-09-29T16:46:40","date_gmt":"2014-09-29T15:46:40","guid":{"rendered":"http:\/\/areagest.com\/?page_id=938"},"modified":"2025-06-10T16:28:14","modified_gmt":"2025-06-10T15:28:14","slug":"comptabilite-ma-externalisation-financiere-salaires","status":"publish","type":"page","link":"https:\/\/www.areagest.com\/pt\/fr\/comptabilite-ma-externalisation-financiere-salaires\/","title":{"rendered":"Services"},"content":{"rendered":"<h4>La seule mani\u00e8re d\u2019avoir du succ\u00e8s sans effort, c\u2019est de compter sur nous.<\/h4>\n<h4><span style=\"color: #25b8ed;\">NOUS VEILLONS \u00c0 LA SATISFACTION DE NOTRE CLIENT<\/span><\/h4>\n<h4><\/h4>\n<h4><span style=\"color: #666666;\">D\u00e9couvrez nos services, de l\u2019externalisation financi\u00e8re au conseil en marketing.<\/span><\/h4>\n<h3><span style=\"color: #666666;\">Nous sommes pr\u00e9sents pour le client et en raison du client, avec lequel nous souhaitons devenir un partenaire d\u2019activit\u00e9.<\/span><\/h3>\n","protected":false},"excerpt":{"rendered":"<p>La seule mani\u00e8re d\u2019avoir du succ\u00e8s sans effort, c\u2019est de compter sur nous. NOUS VEILLONS \u00c0 LA SATISFACTION DE NOTRE CLIENT D\u00e9couvrez nos services, de l\u2019externalisation financi\u00e8re au conseil en marketing. Nous sommes pr\u00e9sents pour le client et en raison du client, avec lequel nous souhaitons devenir un partenaire d\u2019activit\u00e9.<\/p>\n","protected":false},"author":1,"featured_media":0,"parent":0,"menu_order":0,"comment_status":"closed","ping_status":"closed","template":"","meta":{"footnotes":""},"class_list":["post-938","page","type-page","status-publish","hentry"],"yoast_head":"<!-- This site is optimized with the Yoast SEO plugin v25.3.1 - https:\/\/yoast.com\/wordpress\/plugins\/seo\/ -->\n<title>Comptabilit\u00e9, M&amp;A, Externalisation financi\u00e8re, Salaires<\/title>\n<meta name=\"description\" content=\"Comptabilit\u00e9, M&amp;A externalisation financi\u00e8re, salaires, compre et vente des entreprises, soutien \u00e0 la gestion, conseil financier, finance\" \/>\n<meta name=\"robots\" content=\"index, follow, max-snippet:-1, max-image-preview:large, max-video-preview:-1\" \/>\n<link rel=\"canonical\" href=\"https:\/\/www.areagest.com\/pt\/fr\/comptabilite-ma-externalisation-financiere-salaires\/\" \/>\n<meta property=\"og:locale\" content=\"pt_PT\" \/>\n<meta property=\"og:type\" content=\"article\" \/>\n<meta property=\"og:title\" content=\"Comptabilit\u00e9, M&amp;A, Externalisation financi\u00e8re, Salaires\" \/>\n<meta property=\"og:description\" content=\"Comptabilit\u00e9, M&amp;A externalisation financi\u00e8re, salaires, compre et vente des entreprises, soutien \u00e0 la gestion, conseil financier, finance\" \/>\n<meta property=\"og:url\" content=\"https:\/\/www.areagest.com\/pt\/fr\/comptabilite-ma-externalisation-financiere-salaires\/\" \/>\n<meta property=\"og:site_name\" content=\"Areagest Servi\u00e7os de Gest\u00e3o\" \/>\n<meta property=\"article:modified_time\" content=\"2025-06-10T15:28:14+00:00\" \/>\n<script type=\"application\/ld+json\" class=\"yoast-schema-graph\">{\"@context\":\"https:\/\/schema.org\",\"@graph\":[{\"@type\":\"WebPage\",\"@id\":\"https:\/\/www.areagest.com\/pt\/fr\/comptabilite-ma-externalisation-financiere-salaires\/\",\"url\":\"https:\/\/www.areagest.com\/pt\/fr\/comptabilite-ma-externalisation-financiere-salaires\/\",\"name\":\"Comptabilit\u00e9, M&A, Externalisation financi\u00e8re, Salaires\",\"isPartOf\":{\"@id\":\"https:\/\/www.areagest.com\/pt\/#website\"},\"datePublished\":\"2014-09-29T15:46:40+00:00\",\"dateModified\":\"2025-06-10T15:28:14+00:00\",\"description\":\"Comptabilit\u00e9, M&A externalisation financi\u00e8re, salaires, compre et vente des entreprises, soutien \u00e0 la gestion, conseil financier, finance\",\"breadcrumb\":{\"@id\":\"https:\/\/www.areagest.com\/pt\/fr\/comptabilite-ma-externalisation-financiere-salaires\/#breadcrumb\"},\"inLanguage\":\"pt-PT\",\"potentialAction\":[{\"@type\":\"ReadAction\",\"target\":[\"https:\/\/www.areagest.com\/pt\/fr\/comptabilite-ma-externalisation-financiere-salaires\/\"]}]},{\"@type\":\"BreadcrumbList\",\"@id\":\"https:\/\/www.areagest.com\/pt\/fr\/comptabilite-ma-externalisation-financiere-salaires\/#breadcrumb\",\"itemListElement\":[{\"@type\":\"ListItem\",\"position\":1,\"name\":\"In\u00edcio\",\"item\":\"https:\/\/www.areagest.com\/pt\/\"},{\"@type\":\"ListItem\",\"position\":2,\"name\":\"Services\"}]},{\"@type\":\"WebSite\",\"@id\":\"https:\/\/www.areagest.com\/pt\/#website\",\"url\":\"https:\/\/www.areagest.com\/pt\/\",\"name\":\"Areagest Servi\u00e7os de Gest\u00e3o\",\"description\":\"Compra e Venda de Empresas, Portugal 2030, Assessoria Financeira\",\"potentialAction\":[{\"@type\":\"SearchAction\",\"target\":{\"@type\":\"EntryPoint\",\"urlTemplate\":\"https:\/\/www.areagest.com\/pt\/?s={search_term_string}\"},\"query-input\":{\"@type\":\"PropertyValueSpecification\",\"valueRequired\":true,\"valueName\":\"search_term_string\"}}],\"inLanguage\":\"pt-PT\"}]}<\/script>\n<!-- \/ Yoast SEO plugin. -->","yoast_head_json":{"title":"Comptabilit\u00e9, M&A, Externalisation financi\u00e8re, Salaires","description":"Comptabilit\u00e9, M&A externalisation financi\u00e8re, salaires, compre et vente des entreprises, soutien \u00e0 la gestion, conseil financier, finance","robots":{"index":"index","follow":"follow","max-snippet":"max-snippet:-1","max-image-preview":"max-image-preview:large","max-video-preview":"max-video-preview:-1"},"canonical":"https:\/\/www.areagest.com\/pt\/fr\/comptabilite-ma-externalisation-financiere-salaires\/","og_locale":"pt_PT","og_type":"article","og_title":"Comptabilit\u00e9, M&A, Externalisation financi\u00e8re, Salaires","og_description":"Comptabilit\u00e9, M&A externalisation financi\u00e8re, salaires, compre et vente des entreprises, soutien \u00e0 la gestion, conseil financier, finance","og_url":"https:\/\/www.areagest.com\/pt\/fr\/comptabilite-ma-externalisation-financiere-salaires\/","og_site_name":"Areagest Servi\u00e7os de Gest\u00e3o","article_modified_time":"2025-06-10T15:28:14+00:00","schema":{"@context":"https:\/\/schema.org","@graph":[{"@type":"WebPage","@id":"https:\/\/www.areagest.com\/pt\/fr\/comptabilite-ma-externalisation-financiere-salaires\/","url":"https:\/\/www.areagest.com\/pt\/fr\/comptabilite-ma-externalisation-financiere-salaires\/","name":"Comptabilit\u00e9, M&A, Externalisation financi\u00e8re, Salaires","isPartOf":{"@id":"https:\/\/www.areagest.com\/pt\/#website"},"datePublished":"2014-09-29T15:46:40+00:00","dateModified":"2025-06-10T15:28:14+00:00","description":"Comptabilit\u00e9, M&A externalisation financi\u00e8re, salaires, compre et vente des entreprises, soutien \u00e0 la gestion, conseil financier, finance","breadcrumb":{"@id":"https:\/\/www.areagest.com\/pt\/fr\/comptabilite-ma-externalisation-financiere-salaires\/#breadcrumb"},"inLanguage":"pt-PT","potentialAction":[{"@type":"ReadAction","target":["https:\/\/www.areagest.com\/pt\/fr\/comptabilite-ma-externalisation-financiere-salaires\/"]}]},{"@type":"BreadcrumbList","@id":"https:\/\/www.areagest.com\/pt\/fr\/comptabilite-ma-externalisation-financiere-salaires\/#breadcrumb","itemListElement":[{"@type":"ListItem","position":1,"name":"In\u00edcio","item":"https:\/\/www.areagest.com\/pt\/"},{"@type":"ListItem","position":2,"name":"Services"}]},{"@type":"WebSite","@id":"https:\/\/www.areagest.com\/pt\/#website","url":"https:\/\/www.areagest.com\/pt\/","name":"Areagest Servi\u00e7os de Gest\u00e3o","description":"Compra e Venda de Empresas, Portugal 2030, Assessoria Financeira","potentialAction":[{"@type":"SearchAction","target":{"@type":"EntryPoint","urlTemplate":"https:\/\/www.areagest.com\/pt\/?s={search_term_string}"},"query-input":{"@type":"PropertyValueSpecification","valueRequired":true,"valueName":"search_term_string"}}],"inLanguage":"pt-PT"}]}},"_links":{"self":[{"href":"https:\/\/www.areagest.com\/pt\/wp-json\/wp\/v2\/pages\/938","targetHints":{"allow":["GET"]}}],"collection":[{"href":"https:\/\/www.areagest.com\/pt\/wp-json\/wp\/v2\/pages"}],"about":[{"href":"https:\/\/www.areagest.com\/pt\/wp-json\/wp\/v2\/types\/page"}],"author":[{"embeddable":true,"href":"https:\/\/www.areagest.com\/pt\/wp-json\/wp\/v2\/users\/1"}],"replies":[{"embeddable":true,"href":"https:\/\/www.areagest.com\/pt\/wp-json\/wp\/v2\/comments?post=938"}],"version-history":[{"count":5,"href":"https:\/\/www.areagest.com\/pt\/wp-json\/wp\/v2\/pages\/938\/revisions"}],"predecessor-version":[{"id":1194,"href":"https:\/\/www.areagest.com\/pt\/wp-json\/wp\/v2\/pages\/938\/revisions\/1194"}],"wp:attachment":[{"href":"https:\/\/www.areagest.com\/pt\/wp-json\/wp\/v2\/media?parent=938"}],"curies":[{"name":"wp","href":"https:\/\/api.w.org\/{rel}","templated":true}]}}