{"id":930,"date":"2014-09-29T16:31:16","date_gmt":"2014-09-29T15:31:16","guid":{"rendered":"http:\/\/areagest.com\/?page_id=930"},"modified":"2025-06-10T16:27:08","modified_gmt":"2025-06-10T15:27:08","slug":"entreprise","status":"publish","type":"page","link":"https:\/\/www.areagest.com\/pt\/fr\/entreprise\/","title":{"rendered":"Entreprise"},"content":{"rendered":"<h3><strong>AREAGEST<\/strong><\/h3>\n<h3>Servi\u00e7os de Gest\u00e3o<\/h3>\n<h3><\/h3>\n<h3><\/h3>\n<h5>Satisfaction du client<br \/>\n<span style=\"color: #666666;\">Nous \u00e9valuons en permanence vos besoins en fonction de l\u2019\u00e9volution et des exigences de votre activit\u00e9.<\/span><\/h5>\n<h5>Comp\u00e9tence technique<br \/>\n<span style=\"color: #666666;\">Nous misons sur la formation et la mise \u00e0 niveau continue de nos collaborateurs, \u00e0 travers l\u2019utilisation de m\u00e9thodes d\u2019\u00e9valuation et des audits internes.<\/span><\/h5>\n<h5>Assertivit\u00e9 des collaborateurs<br \/>\n<span style=\"color: #666666;\">Nous misons sur le maintien et l\u2019exp\u00e9rience de nos collaborateurs, que nous consid\u00e9rons comme notre principal actif. Leur anciennet\u00e9 et maintien est une garantie de connaissance et d\u2019assertivit\u00e9 pour nos clients.<\/span><\/h5>\n<h5>Int\u00e9grit\u00e9 et responsabilit\u00e9<br \/>\n<span style=\"color: #666666;\">Nous adoptons un comportement \u00e9thique et responsable compatible avec la long\u00e9vit\u00e9 et la tranquillit\u00e9 op\u00e9rationnelle des ressources humaines utilis\u00e9es.<\/span><\/h5>\n<h5>Confiance et s\u00e9curit\u00e9<br \/>\n<span style=\"color: #666666;\">Nous garantissons, de mani\u00e8re efficace et professionnelle, la confidentialit\u00e9 des informations auxquelles nous avons acc\u00e8s.<\/span><\/h5>\n<h5>Rapidit\u00e9<br \/>\n<span style=\"color: #666666;\">Nous r\u00e9pondons aux demandes de nos clients en temps voulu, en vue de garantir un service efficace et rapide.<\/span><\/h5>\n<h5>Personnalisation et disponibilit\u00e9<br \/>\n<span style=\"color: #666666;\">Nous cherchons \u00e0 \u00e9tablir des relations de partenariat et de proximit\u00e9 avec nos clients \u00e0 travers un suivi personnalis\u00e9.<\/span><\/h5>\n<h5>Travail en \u00e9quipe<br \/>\n<span style=\"color: #666666;\">Bien que dot\u00e9s d\u2019une \u00e9quipe de collaborateurs aux comp\u00e9tences multidisciplinaires, nous avons recours \u00e0 des partenaires sp\u00e9cialis\u00e9s, lorsque cela s\u2019av\u00e8re n\u00e9cessaire, en vue de fournir un service complet et professionnel.<\/span><\/h5>\n<h5>Innovation<br \/>\n<span style=\"color: #666666;\">Nous misons sur la conception et le d\u00e9veloppement de produits et de services adapt\u00e9s aux besoins du march\u00e9, en g\u00e9n\u00e9ral, et de nos clients, en particulier.<\/span><\/h5>\n<p>Toutes les informations fournies et collect\u00e9es sur ce site concernant les donn\u00e9es de personnes physiques et trait\u00e9es conform\u00e9ment \u00e0 toutes les proc\u00e9dures d\u00e9finies dans le R\u00e8glement G\u00e9n\u00e9ral de Protection des Donn\u00e9es.<\/p>\n<p>&nbsp;<\/p>\n","protected":false},"excerpt":{"rendered":"<p>AREAGEST Servi\u00e7os de Gest\u00e3o Satisfaction du client Nous \u00e9valuons en permanence vos besoins en fonction de l\u2019\u00e9volution et des exigences de votre activit\u00e9. Comp\u00e9tence technique Nous misons sur la formation et la mise \u00e0 niveau continue de nos collaborateurs, \u00e0 travers l\u2019utilisation de m\u00e9thodes d\u2019\u00e9valuation et des audits internes. Assertivit\u00e9 des collaborateurs Nous misons sur&#8230;<\/p>\n","protected":false},"author":1,"featured_media":0,"parent":0,"menu_order":0,"comment_status":"closed","ping_status":"closed","template":"","meta":{"footnotes":""},"class_list":["post-930","page","type-page","status-publish","hentry"],"yoast_head":"<!-- This site is optimized with the Yoast SEO plugin v25.3.1 - https:\/\/yoast.com\/wordpress\/plugins\/seo\/ -->\n<title>Comptabilit\u00e9, M&amp;A, Externalisation financi\u00e8re, Salaires<\/title>\n<meta name=\"description\" content=\"Comptabilit\u00e9, M&amp;A externalisation financi\u00e8re, salaires, compre et vente des entreprises, soutien \u00e0 la gestion, conseil financier, finance\" \/>\n<meta name=\"robots\" content=\"index, follow, max-snippet:-1, max-image-preview:large, max-video-preview:-1\" \/>\n<link rel=\"canonical\" href=\"https:\/\/www.areagest.com\/pt\/fr\/entreprise\/\" \/>\n<meta property=\"og:locale\" content=\"pt_PT\" \/>\n<meta property=\"og:type\" content=\"article\" \/>\n<meta property=\"og:title\" content=\"Comptabilit\u00e9, M&amp;A, Externalisation financi\u00e8re, Salaires\" \/>\n<meta property=\"og:description\" content=\"Comptabilit\u00e9, M&amp;A externalisation financi\u00e8re, salaires, compre et vente des entreprises, soutien \u00e0 la gestion, conseil financier, finance\" \/>\n<meta property=\"og:url\" content=\"https:\/\/www.areagest.com\/pt\/fr\/entreprise\/\" \/>\n<meta property=\"og:site_name\" content=\"Areagest Servi\u00e7os de Gest\u00e3o\" \/>\n<meta property=\"article:modified_time\" content=\"2025-06-10T15:27:08+00:00\" \/>\n<meta name=\"twitter:label1\" content=\"Tempo estimado de leitura\" \/>\n\t<meta name=\"twitter:data1\" content=\"1 minuto\" \/>\n<script type=\"application\/ld+json\" class=\"yoast-schema-graph\">{\"@context\":\"https:\/\/schema.org\",\"@graph\":[{\"@type\":\"WebPage\",\"@id\":\"https:\/\/www.areagest.com\/pt\/fr\/entreprise\/\",\"url\":\"https:\/\/www.areagest.com\/pt\/fr\/entreprise\/\",\"name\":\"Comptabilit\u00e9, M&A, Externalisation financi\u00e8re, Salaires\",\"isPartOf\":{\"@id\":\"https:\/\/www.areagest.com\/pt\/#website\"},\"datePublished\":\"2014-09-29T15:31:16+00:00\",\"dateModified\":\"2025-06-10T15:27:08+00:00\",\"description\":\"Comptabilit\u00e9, M&A externalisation financi\u00e8re, salaires, compre et vente des entreprises, soutien \u00e0 la gestion, conseil financier, finance\",\"breadcrumb\":{\"@id\":\"https:\/\/www.areagest.com\/pt\/fr\/entreprise\/#breadcrumb\"},\"inLanguage\":\"pt-PT\",\"potentialAction\":[{\"@type\":\"ReadAction\",\"target\":[\"https:\/\/www.areagest.com\/pt\/fr\/entreprise\/\"]}]},{\"@type\":\"BreadcrumbList\",\"@id\":\"https:\/\/www.areagest.com\/pt\/fr\/entreprise\/#breadcrumb\",\"itemListElement\":[{\"@type\":\"ListItem\",\"position\":1,\"name\":\"In\u00edcio\",\"item\":\"https:\/\/www.areagest.com\/pt\/\"},{\"@type\":\"ListItem\",\"position\":2,\"name\":\"Entreprise\"}]},{\"@type\":\"WebSite\",\"@id\":\"https:\/\/www.areagest.com\/pt\/#website\",\"url\":\"https:\/\/www.areagest.com\/pt\/\",\"name\":\"Areagest Servi\u00e7os de Gest\u00e3o\",\"description\":\"Compra e Venda de Empresas, Portugal 2030, Assessoria Financeira\",\"potentialAction\":[{\"@type\":\"SearchAction\",\"target\":{\"@type\":\"EntryPoint\",\"urlTemplate\":\"https:\/\/www.areagest.com\/pt\/?s={search_term_string}\"},\"query-input\":{\"@type\":\"PropertyValueSpecification\",\"valueRequired\":true,\"valueName\":\"search_term_string\"}}],\"inLanguage\":\"pt-PT\"}]}<\/script>\n<!-- \/ Yoast SEO plugin. -->","yoast_head_json":{"title":"Comptabilit\u00e9, M&A, Externalisation financi\u00e8re, Salaires","description":"Comptabilit\u00e9, M&A externalisation financi\u00e8re, salaires, compre et vente des entreprises, soutien \u00e0 la gestion, conseil financier, finance","robots":{"index":"index","follow":"follow","max-snippet":"max-snippet:-1","max-image-preview":"max-image-preview:large","max-video-preview":"max-video-preview:-1"},"canonical":"https:\/\/www.areagest.com\/pt\/fr\/entreprise\/","og_locale":"pt_PT","og_type":"article","og_title":"Comptabilit\u00e9, M&A, Externalisation financi\u00e8re, Salaires","og_description":"Comptabilit\u00e9, M&A externalisation financi\u00e8re, salaires, compre et vente des entreprises, soutien \u00e0 la gestion, conseil financier, finance","og_url":"https:\/\/www.areagest.com\/pt\/fr\/entreprise\/","og_site_name":"Areagest Servi\u00e7os de Gest\u00e3o","article_modified_time":"2025-06-10T15:27:08+00:00","twitter_misc":{"Tempo estimado de leitura":"1 minuto"},"schema":{"@context":"https:\/\/schema.org","@graph":[{"@type":"WebPage","@id":"https:\/\/www.areagest.com\/pt\/fr\/entreprise\/","url":"https:\/\/www.areagest.com\/pt\/fr\/entreprise\/","name":"Comptabilit\u00e9, M&A, Externalisation financi\u00e8re, Salaires","isPartOf":{"@id":"https:\/\/www.areagest.com\/pt\/#website"},"datePublished":"2014-09-29T15:31:16+00:00","dateModified":"2025-06-10T15:27:08+00:00","description":"Comptabilit\u00e9, M&A externalisation financi\u00e8re, salaires, compre et vente des entreprises, soutien \u00e0 la gestion, conseil financier, finance","breadcrumb":{"@id":"https:\/\/www.areagest.com\/pt\/fr\/entreprise\/#breadcrumb"},"inLanguage":"pt-PT","potentialAction":[{"@type":"ReadAction","target":["https:\/\/www.areagest.com\/pt\/fr\/entreprise\/"]}]},{"@type":"BreadcrumbList","@id":"https:\/\/www.areagest.com\/pt\/fr\/entreprise\/#breadcrumb","itemListElement":[{"@type":"ListItem","position":1,"name":"In\u00edcio","item":"https:\/\/www.areagest.com\/pt\/"},{"@type":"ListItem","position":2,"name":"Entreprise"}]},{"@type":"WebSite","@id":"https:\/\/www.areagest.com\/pt\/#website","url":"https:\/\/www.areagest.com\/pt\/","name":"Areagest Servi\u00e7os de Gest\u00e3o","description":"Compra e Venda de Empresas, Portugal 2030, Assessoria Financeira","potentialAction":[{"@type":"SearchAction","target":{"@type":"EntryPoint","urlTemplate":"https:\/\/www.areagest.com\/pt\/?s={search_term_string}"},"query-input":{"@type":"PropertyValueSpecification","valueRequired":true,"valueName":"search_term_string"}}],"inLanguage":"pt-PT"}]}},"_links":{"self":[{"href":"https:\/\/www.areagest.com\/pt\/wp-json\/wp\/v2\/pages\/930","targetHints":{"allow":["GET"]}}],"collection":[{"href":"https:\/\/www.areagest.com\/pt\/wp-json\/wp\/v2\/pages"}],"about":[{"href":"https:\/\/www.areagest.com\/pt\/wp-json\/wp\/v2\/types\/page"}],"author":[{"embeddable":true,"href":"https:\/\/www.areagest.com\/pt\/wp-json\/wp\/v2\/users\/1"}],"replies":[{"embeddable":true,"href":"https:\/\/www.areagest.com\/pt\/wp-json\/wp\/v2\/comments?post=930"}],"version-history":[{"count":12,"href":"https:\/\/www.areagest.com\/pt\/wp-json\/wp\/v2\/pages\/930\/revisions"}],"predecessor-version":[{"id":7859,"href":"https:\/\/www.areagest.com\/pt\/wp-json\/wp\/v2\/pages\/930\/revisions\/7859"}],"wp:attachment":[{"href":"https:\/\/www.areagest.com\/pt\/wp-json\/wp\/v2\/media?parent=930"}],"curies":[{"name":"wp","href":"https:\/\/api.w.org\/{rel}","templated":true}]}}