{"id":92,"date":"2014-08-05T15:34:24","date_gmt":"2014-08-05T14:34:24","guid":{"rendered":"http:\/\/areagest.com\/?page_id=92"},"modified":"2025-08-14T17:07:29","modified_gmt":"2025-08-14T16:07:29","slug":"carreiras","status":"publish","type":"page","link":"https:\/\/www.areagest.com\/pt\/pt\/empresa\/carreiras\/","title":{"rendered":"Carreiras"},"content":{"rendered":"<h3><strong>A SUA CARREIRA NA AREAGEST<\/strong><\/h3>\n<h4><\/h4>\n<h3>Venha Crescer Connosco.<\/h3>\n<h5><span style=\"color: #666666;\">A capta\u00e7\u00e3o e gest\u00e3o do talento e motiva\u00e7\u00e3o dos nossos Colaboradores \u00e9 muito importante para n\u00f3s.<\/span><\/h5>\n<h5><span style=\"color: #666666;\">A diferencia\u00e7\u00e3o dos servi\u00e7os Areagest come\u00e7a, antes de mais, por uma equipa coesa, motivada e capaz de esclarecer as d\u00favidas dos nossos Clientes acrescentando valor.<\/span><\/h5>\n<h5><span style=\"color: #666666;\">Se considerar o posicionamento e as \u00e1reas de servi\u00e7os onde atuamos estimulantes para si, deixe-nos o seu curr\u00edculo, acompanhado <\/span><span style=\"color: #666666;\">de uma comunica\u00e7\u00e3o criativa e motivacional da sua candidatura. Iremos trat\u00e1-la no estrito cumprimento das normas do Regulamento Geral de Prote\u00e7\u00e3o de Dados<\/span><\/h5>\n<h5><span style=\"color: #666666;\">Fruto do nosso crescimento, estamos em processo de recrutamento cont\u00ednuo e olharemos para <\/span><span style=\"color: #666666;\">o seu CV e Comunica\u00e7\u00e3o motivacional com muita aten\u00e7\u00e3o e, se nos agradar, far-lhe-emos chegar um convite para uma entrevista, <\/span><span style=\"color: #666666;\">logo que necess\u00e1rio. Contacte-nos para o email rh@areagest.com.\u00a0<\/span><\/h5>\n<h3><\/h3>\n","protected":false},"excerpt":{"rendered":"<p>A SUA CARREIRA NA AREAGEST Venha Crescer Connosco. A capta\u00e7\u00e3o e gest\u00e3o do talento e motiva\u00e7\u00e3o dos nossos Colaboradores \u00e9 muito importante para n\u00f3s. A diferencia\u00e7\u00e3o dos servi\u00e7os Areagest come\u00e7a, antes de mais, por uma equipa coesa, motivada e capaz de esclarecer as d\u00favidas dos nossos Clientes acrescentando valor. Se considerar o posicionamento e as&#8230;<\/p>\n","protected":false},"author":1,"featured_media":0,"parent":84,"menu_order":6,"comment_status":"closed","ping_status":"closed","template":"","meta":{"footnotes":""},"class_list":["post-92","page","type-page","status-publish","hentry"],"yoast_head":"<!-- This site is optimized with the Yoast SEO plugin v25.3.1 - https:\/\/yoast.com\/wordpress\/plugins\/seo\/ -->\n<title>Carreiras - Areagest Servi\u00e7os de Gest\u00e3o<\/title>\n<meta name=\"description\" content=\"Candidate-se a uma posi\u00e7\u00e3o na Areagest. Venha participar no nosso sucesso. Traga o seu talento.\" \/>\n<meta name=\"robots\" content=\"index, follow, max-snippet:-1, max-image-preview:large, max-video-preview:-1\" \/>\n<link rel=\"canonical\" href=\"https:\/\/www.areagest.com\/pt\/pt\/empresa\/carreiras\/\" \/>\n<meta property=\"og:locale\" content=\"pt_PT\" \/>\n<meta property=\"og:type\" content=\"article\" \/>\n<meta property=\"og:title\" content=\"Carreiras - Areagest Servi\u00e7os de Gest\u00e3o\" \/>\n<meta property=\"og:description\" content=\"Candidate-se a uma posi\u00e7\u00e3o na Areagest. Venha participar no nosso sucesso. Traga o seu talento.\" \/>\n<meta property=\"og:url\" content=\"https:\/\/www.areagest.com\/pt\/pt\/empresa\/carreiras\/\" \/>\n<meta property=\"og:site_name\" content=\"Areagest Servi\u00e7os de Gest\u00e3o\" \/>\n<meta property=\"article:modified_time\" content=\"2025-08-14T16:07:29+00:00\" \/>\n<meta name=\"twitter:label1\" content=\"Tempo estimado de leitura\" \/>\n\t<meta name=\"twitter:data1\" content=\"1 minuto\" \/>\n<script type=\"application\/ld+json\" class=\"yoast-schema-graph\">{\"@context\":\"https:\/\/schema.org\",\"@graph\":[{\"@type\":\"WebPage\",\"@id\":\"https:\/\/www.areagest.com\/pt\/pt\/empresa\/carreiras\/\",\"url\":\"https:\/\/www.areagest.com\/pt\/pt\/empresa\/carreiras\/\",\"name\":\"Carreiras - Areagest Servi\u00e7os de Gest\u00e3o\",\"isPartOf\":{\"@id\":\"https:\/\/www.areagest.com\/pt\/#website\"},\"datePublished\":\"2014-08-05T14:34:24+00:00\",\"dateModified\":\"2025-08-14T16:07:29+00:00\",\"description\":\"Candidate-se a uma posi\u00e7\u00e3o na Areagest. Venha participar no nosso sucesso. Traga o seu talento.\",\"breadcrumb\":{\"@id\":\"https:\/\/www.areagest.com\/pt\/pt\/empresa\/carreiras\/#breadcrumb\"},\"inLanguage\":\"pt-PT\",\"potentialAction\":[{\"@type\":\"ReadAction\",\"target\":[\"https:\/\/www.areagest.com\/pt\/pt\/empresa\/carreiras\/\"]}]},{\"@type\":\"BreadcrumbList\",\"@id\":\"https:\/\/www.areagest.com\/pt\/pt\/empresa\/carreiras\/#breadcrumb\",\"itemListElement\":[{\"@type\":\"ListItem\",\"position\":1,\"name\":\"In\u00edcio\",\"item\":\"https:\/\/www.areagest.com\/pt\/\"},{\"@type\":\"ListItem\",\"position\":2,\"name\":\"Empresa\",\"item\":\"https:\/\/www.areagest.com\/pt\/empresa\/\"},{\"@type\":\"ListItem\",\"position\":3,\"name\":\"Carreiras\"}]},{\"@type\":\"WebSite\",\"@id\":\"https:\/\/www.areagest.com\/pt\/#website\",\"url\":\"https:\/\/www.areagest.com\/pt\/\",\"name\":\"Areagest Servi\u00e7os de Gest\u00e3o\",\"description\":\"Compra e Venda de Empresas, Portugal 2030, Assessoria Financeira\",\"potentialAction\":[{\"@type\":\"SearchAction\",\"target\":{\"@type\":\"EntryPoint\",\"urlTemplate\":\"https:\/\/www.areagest.com\/pt\/?s={search_term_string}\"},\"query-input\":{\"@type\":\"PropertyValueSpecification\",\"valueRequired\":true,\"valueName\":\"search_term_string\"}}],\"inLanguage\":\"pt-PT\"}]}<\/script>\n<!-- \/ Yoast SEO plugin. -->","yoast_head_json":{"title":"Carreiras - Areagest Servi\u00e7os de Gest\u00e3o","description":"Candidate-se a uma posi\u00e7\u00e3o na Areagest. Venha participar no nosso sucesso. Traga o seu talento.","robots":{"index":"index","follow":"follow","max-snippet":"max-snippet:-1","max-image-preview":"max-image-preview:large","max-video-preview":"max-video-preview:-1"},"canonical":"https:\/\/www.areagest.com\/pt\/pt\/empresa\/carreiras\/","og_locale":"pt_PT","og_type":"article","og_title":"Carreiras - Areagest Servi\u00e7os de Gest\u00e3o","og_description":"Candidate-se a uma posi\u00e7\u00e3o na Areagest. Venha participar no nosso sucesso. Traga o seu talento.","og_url":"https:\/\/www.areagest.com\/pt\/pt\/empresa\/carreiras\/","og_site_name":"Areagest Servi\u00e7os de Gest\u00e3o","article_modified_time":"2025-08-14T16:07:29+00:00","twitter_misc":{"Tempo estimado de leitura":"1 minuto"},"schema":{"@context":"https:\/\/schema.org","@graph":[{"@type":"WebPage","@id":"https:\/\/www.areagest.com\/pt\/pt\/empresa\/carreiras\/","url":"https:\/\/www.areagest.com\/pt\/pt\/empresa\/carreiras\/","name":"Carreiras - Areagest Servi\u00e7os de Gest\u00e3o","isPartOf":{"@id":"https:\/\/www.areagest.com\/pt\/#website"},"datePublished":"2014-08-05T14:34:24+00:00","dateModified":"2025-08-14T16:07:29+00:00","description":"Candidate-se a uma posi\u00e7\u00e3o na Areagest. Venha participar no nosso sucesso. Traga o seu talento.","breadcrumb":{"@id":"https:\/\/www.areagest.com\/pt\/pt\/empresa\/carreiras\/#breadcrumb"},"inLanguage":"pt-PT","potentialAction":[{"@type":"ReadAction","target":["https:\/\/www.areagest.com\/pt\/pt\/empresa\/carreiras\/"]}]},{"@type":"BreadcrumbList","@id":"https:\/\/www.areagest.com\/pt\/pt\/empresa\/carreiras\/#breadcrumb","itemListElement":[{"@type":"ListItem","position":1,"name":"In\u00edcio","item":"https:\/\/www.areagest.com\/pt\/"},{"@type":"ListItem","position":2,"name":"Empresa","item":"https:\/\/www.areagest.com\/pt\/empresa\/"},{"@type":"ListItem","position":3,"name":"Carreiras"}]},{"@type":"WebSite","@id":"https:\/\/www.areagest.com\/pt\/#website","url":"https:\/\/www.areagest.com\/pt\/","name":"Areagest Servi\u00e7os de Gest\u00e3o","description":"Compra e Venda de Empresas, Portugal 2030, Assessoria Financeira","potentialAction":[{"@type":"SearchAction","target":{"@type":"EntryPoint","urlTemplate":"https:\/\/www.areagest.com\/pt\/?s={search_term_string}"},"query-input":{"@type":"PropertyValueSpecification","valueRequired":true,"valueName":"search_term_string"}}],"inLanguage":"pt-PT"}]}},"_links":{"self":[{"href":"https:\/\/www.areagest.com\/pt\/wp-json\/wp\/v2\/pages\/92","targetHints":{"allow":["GET"]}}],"collection":[{"href":"https:\/\/www.areagest.com\/pt\/wp-json\/wp\/v2\/pages"}],"about":[{"href":"https:\/\/www.areagest.com\/pt\/wp-json\/wp\/v2\/types\/page"}],"author":[{"embeddable":true,"href":"https:\/\/www.areagest.com\/pt\/wp-json\/wp\/v2\/users\/1"}],"replies":[{"embeddable":true,"href":"https:\/\/www.areagest.com\/pt\/wp-json\/wp\/v2\/comments?post=92"}],"version-history":[{"count":46,"href":"https:\/\/www.areagest.com\/pt\/wp-json\/wp\/v2\/pages\/92\/revisions"}],"predecessor-version":[{"id":7944,"href":"https:\/\/www.areagest.com\/pt\/wp-json\/wp\/v2\/pages\/92\/revisions\/7944"}],"up":[{"embeddable":true,"href":"https:\/\/www.areagest.com\/pt\/wp-json\/wp\/v2\/pages\/84"}],"wp:attachment":[{"href":"https:\/\/www.areagest.com\/pt\/wp-json\/wp\/v2\/media?parent=92"}],"curies":[{"name":"wp","href":"https:\/\/api.w.org\/{rel}","templated":true}]}}