{"id":912,"date":"2014-09-29T16:21:43","date_gmt":"2014-09-29T15:21:43","guid":{"rendered":"http:\/\/areagest.com\/?page_id=912"},"modified":"2014-10-06T16:07:59","modified_gmt":"2014-10-06T15:07:59","slug":"dna-areagest","status":"publish","type":"page","link":"https:\/\/www.areagest.com\/pt\/en\/dna-areagest\/","title":{"rendered":"DNA AREAGEST"},"content":{"rendered":"","protected":false},"excerpt":{"rendered":"","protected":false},"author":1,"featured_media":0,"parent":0,"menu_order":1,"comment_status":"closed","ping_status":"closed","template":"","meta":{"footnotes":""},"class_list":["post-912","page","type-page","status-publish","hentry"],"yoast_head":"<!-- This site is optimized with the Yoast SEO plugin v25.3.1 - https:\/\/yoast.com\/wordpress\/plugins\/seo\/ -->\n<title>DNA AREAGEST - Areagest Servi\u00e7os de Gest\u00e3o<\/title>\n<meta name=\"description\" content=\"O ADN Areagest revela-se na satisfa\u00e7\u00e3o dos nossos Clientes.\" \/>\n<meta name=\"robots\" content=\"index, follow, max-snippet:-1, max-image-preview:large, max-video-preview:-1\" \/>\n<link rel=\"canonical\" href=\"https:\/\/www.areagest.com\/pt\/en\/dna-areagest\/\" \/>\n<meta property=\"og:locale\" content=\"pt_PT\" \/>\n<meta property=\"og:type\" content=\"article\" \/>\n<meta property=\"og:title\" content=\"DNA AREAGEST - Areagest Servi\u00e7os de Gest\u00e3o\" \/>\n<meta property=\"og:description\" content=\"O ADN Areagest revela-se na satisfa\u00e7\u00e3o dos nossos Clientes.\" \/>\n<meta property=\"og:url\" content=\"https:\/\/www.areagest.com\/pt\/en\/dna-areagest\/\" \/>\n<meta property=\"og:site_name\" content=\"Areagest Servi\u00e7os de Gest\u00e3o\" \/>\n<meta property=\"article:modified_time\" content=\"2014-10-06T15:07:59+00:00\" \/>\n<script type=\"application\/ld+json\" class=\"yoast-schema-graph\">{\"@context\":\"https:\/\/schema.org\",\"@graph\":[{\"@type\":\"WebPage\",\"@id\":\"https:\/\/www.areagest.com\/pt\/en\/dna-areagest\/\",\"url\":\"https:\/\/www.areagest.com\/pt\/en\/dna-areagest\/\",\"name\":\"DNA AREAGEST - Areagest Servi\u00e7os de Gest\u00e3o\",\"isPartOf\":{\"@id\":\"https:\/\/www.areagest.com\/pt\/#website\"},\"datePublished\":\"2014-09-29T15:21:43+00:00\",\"dateModified\":\"2014-10-06T15:07:59+00:00\",\"description\":\"O ADN Areagest revela-se na satisfa\u00e7\u00e3o dos nossos Clientes.\",\"breadcrumb\":{\"@id\":\"https:\/\/www.areagest.com\/pt\/en\/dna-areagest\/#breadcrumb\"},\"inLanguage\":\"pt-PT\",\"potentialAction\":[{\"@type\":\"ReadAction\",\"target\":[\"https:\/\/www.areagest.com\/pt\/en\/dna-areagest\/\"]}]},{\"@type\":\"BreadcrumbList\",\"@id\":\"https:\/\/www.areagest.com\/pt\/en\/dna-areagest\/#breadcrumb\",\"itemListElement\":[{\"@type\":\"ListItem\",\"position\":1,\"name\":\"In\u00edcio\",\"item\":\"https:\/\/www.areagest.com\/pt\/\"},{\"@type\":\"ListItem\",\"position\":2,\"name\":\"DNA AREAGEST\"}]},{\"@type\":\"WebSite\",\"@id\":\"https:\/\/www.areagest.com\/pt\/#website\",\"url\":\"https:\/\/www.areagest.com\/pt\/\",\"name\":\"Areagest Servi\u00e7os de Gest\u00e3o\",\"description\":\"Compra e Venda de Empresas, Portugal 2030, Assessoria Financeira\",\"potentialAction\":[{\"@type\":\"SearchAction\",\"target\":{\"@type\":\"EntryPoint\",\"urlTemplate\":\"https:\/\/www.areagest.com\/pt\/?s={search_term_string}\"},\"query-input\":{\"@type\":\"PropertyValueSpecification\",\"valueRequired\":true,\"valueName\":\"search_term_string\"}}],\"inLanguage\":\"pt-PT\"}]}<\/script>\n<!-- \/ Yoast SEO plugin. -->","yoast_head_json":{"title":"DNA AREAGEST - Areagest Servi\u00e7os de Gest\u00e3o","description":"O ADN Areagest revela-se na satisfa\u00e7\u00e3o dos nossos Clientes.","robots":{"index":"index","follow":"follow","max-snippet":"max-snippet:-1","max-image-preview":"max-image-preview:large","max-video-preview":"max-video-preview:-1"},"canonical":"https:\/\/www.areagest.com\/pt\/en\/dna-areagest\/","og_locale":"pt_PT","og_type":"article","og_title":"DNA AREAGEST - Areagest Servi\u00e7os de Gest\u00e3o","og_description":"O ADN Areagest revela-se na satisfa\u00e7\u00e3o dos nossos Clientes.","og_url":"https:\/\/www.areagest.com\/pt\/en\/dna-areagest\/","og_site_name":"Areagest Servi\u00e7os de Gest\u00e3o","article_modified_time":"2014-10-06T15:07:59+00:00","schema":{"@context":"https:\/\/schema.org","@graph":[{"@type":"WebPage","@id":"https:\/\/www.areagest.com\/pt\/en\/dna-areagest\/","url":"https:\/\/www.areagest.com\/pt\/en\/dna-areagest\/","name":"DNA AREAGEST - Areagest Servi\u00e7os de Gest\u00e3o","isPartOf":{"@id":"https:\/\/www.areagest.com\/pt\/#website"},"datePublished":"2014-09-29T15:21:43+00:00","dateModified":"2014-10-06T15:07:59+00:00","description":"O ADN Areagest revela-se na satisfa\u00e7\u00e3o dos nossos Clientes.","breadcrumb":{"@id":"https:\/\/www.areagest.com\/pt\/en\/dna-areagest\/#breadcrumb"},"inLanguage":"pt-PT","potentialAction":[{"@type":"ReadAction","target":["https:\/\/www.areagest.com\/pt\/en\/dna-areagest\/"]}]},{"@type":"BreadcrumbList","@id":"https:\/\/www.areagest.com\/pt\/en\/dna-areagest\/#breadcrumb","itemListElement":[{"@type":"ListItem","position":1,"name":"In\u00edcio","item":"https:\/\/www.areagest.com\/pt\/"},{"@type":"ListItem","position":2,"name":"DNA AREAGEST"}]},{"@type":"WebSite","@id":"https:\/\/www.areagest.com\/pt\/#website","url":"https:\/\/www.areagest.com\/pt\/","name":"Areagest Servi\u00e7os de Gest\u00e3o","description":"Compra e Venda de Empresas, Portugal 2030, Assessoria Financeira","potentialAction":[{"@type":"SearchAction","target":{"@type":"EntryPoint","urlTemplate":"https:\/\/www.areagest.com\/pt\/?s={search_term_string}"},"query-input":{"@type":"PropertyValueSpecification","valueRequired":true,"valueName":"search_term_string"}}],"inLanguage":"pt-PT"}]}},"_links":{"self":[{"href":"https:\/\/www.areagest.com\/pt\/wp-json\/wp\/v2\/pages\/912","targetHints":{"allow":["GET"]}}],"collection":[{"href":"https:\/\/www.areagest.com\/pt\/wp-json\/wp\/v2\/pages"}],"about":[{"href":"https:\/\/www.areagest.com\/pt\/wp-json\/wp\/v2\/types\/page"}],"author":[{"embeddable":true,"href":"https:\/\/www.areagest.com\/pt\/wp-json\/wp\/v2\/users\/1"}],"replies":[{"embeddable":true,"href":"https:\/\/www.areagest.com\/pt\/wp-json\/wp\/v2\/comments?post=912"}],"version-history":[{"count":1,"href":"https:\/\/www.areagest.com\/pt\/wp-json\/wp\/v2\/pages\/912\/revisions"}],"predecessor-version":[{"id":913,"href":"https:\/\/www.areagest.com\/pt\/wp-json\/wp\/v2\/pages\/912\/revisions\/913"}],"wp:attachment":[{"href":"https:\/\/www.areagest.com\/pt\/wp-json\/wp\/v2\/media?parent=912"}],"curies":[{"name":"wp","href":"https:\/\/api.w.org\/{rel}","templated":true}]}}