{"id":86,"date":"2014-08-05T15:31:38","date_gmt":"2014-08-05T14:31:38","guid":{"rendered":"http:\/\/areagest.com\/?page_id=86"},"modified":"2025-08-14T17:05:12","modified_gmt":"2025-08-14T16:05:12","slug":"a-nossa-historia","status":"publish","type":"page","link":"https:\/\/www.areagest.com\/pt\/pt\/empresa\/a-nossa-historia\/","title":{"rendered":"O ADN Areagest"},"content":{"rendered":"<h5><span style=\"color: #25b8ed;\"><strong>Satisfa\u00e7\u00e3o do cliente<\/strong><\/span><br \/>\n<span style=\"color: #666666;\"> Avaliamos permanentemente as suas necessidades, face \u00e0 evolu\u00e7\u00e3o e exig\u00eancia do seu neg\u00f3cio.<\/span><\/h5>\n<h5><\/h5>\n<h5><span style=\"color: #25b8ed;\"><strong>Compet\u00eancia t\u00e9cnica<\/strong><\/span><br \/>\n<span style=\"color: #666666;\"> Apostamos na forma\u00e7\u00e3o e atualiza\u00e7\u00e3o cont\u00ednua dos nossos colaboradores, utilizando m\u00e9todos de avalia\u00e7\u00e3o e auditoria interna.<\/span><\/h5>\n<h5><\/h5>\n<h5><span style=\"color: #25b8ed;\"><strong>Assertividade colaborativa<\/strong><\/span><br \/>\n<span style=\"color: #666666;\"> Apostamos na perman\u00eancia e experi\u00eancia dos nossos colaboradores, que consideramos o nosso principal ativo. <\/span><\/h5>\n<h5><span style=\"color: #666666;\">A sua longevidade e perman\u00eancia, \u00e9 garantia de conhecimento e assertividade com os nossos clientes.<\/span><\/h5>\n<h5><\/h5>\n<h5><span style=\"color: #25b8ed;\"><strong>Integridade e responsabilidade<\/strong><\/span><br \/>\n<span style=\"color: #666666;\"> Assumimos uma postura \u00e9tica e respons\u00e1vel, consent\u00e2nea com a longevidade e a tranquilidade operacional dos recursos humanos usados.<\/span><\/h5>\n<h5><\/h5>\n<h5><span style=\"color: #25b8ed;\"><strong>Confian\u00e7a e seguran\u00e7a<\/strong><\/span><br \/>\n<span style=\"color: #666666;\"> Garantimos, de modo eficaz e profissional, a confidencialidade da informa\u00e7\u00e3o a que temos acesso.<\/span><\/h5>\n<h5><\/h5>\n<h5><span style=\"color: #25b8ed;\"><strong>Prontid\u00e3o<\/strong><\/span><br \/>\n<span style=\"color: #666666;\"> Respondemos \u00e0s solicita\u00e7\u00f5es dos nossos clientes, em tempo \u00fatil, de modo a assegurar um servi\u00e7o eficaz e atempado.<\/span><\/h5>\n<h5><\/h5>\n<h5><span style=\"color: #25b8ed;\"><strong>Personaliza\u00e7\u00e3o e disponibilidade<\/strong><\/span><br \/>\n<span style=\"color: #666666;\"> Procuramos construir rela\u00e7\u00f5es de parceria e proximidade com os nossos clientes, apostando num acompanhamento personalizado.<\/span><\/h5>\n<h5><\/h5>\n<h5><span style=\"color: #25b8ed;\"><strong>Trabalho em equipa<\/strong><\/span><br \/>\n<span style=\"color: #666666;\">A partilha de conhecimento \u00e9 um elementos essencial para o crescimento da nossa equipa. Prestamos todos os nossos servi\u00e7os com recurso a elementos internos. <\/span><\/h5>\n<h5><span style=\"color: #666666;\">N\u00e3o subcontratamos recursos.<\/span><\/h5>\n<h5><\/h5>\n<h5 id=\"coluna-txt-missao2\"><span style=\"color: #25b8ed;\"><strong>Inova\u00e7\u00e3o<\/strong><\/span><br \/>\n<span style=\"color: #666666;\"> Investimos na conce\u00e7\u00e3o e desenvolvimento de produtos e servi\u00e7os adequados \u00e0s necessidades do mercado em geral, e dos nossos clientes em particular.<\/span><\/h5>\n<p>&nbsp;<\/p>\n<p>Toda a informa\u00e7\u00e3o disponibilizada e recolhida neste site referente aos dados de pessoas singulares, \u00e9 tratada de acordo com todos os procedimentos definidos no Regulamento Geral da Prote\u00e7\u00e3o de Dados.<\/p>\n","protected":false},"excerpt":{"rendered":"<p>Satisfa\u00e7\u00e3o do cliente Avaliamos permanentemente as suas necessidades, face \u00e0 evolu\u00e7\u00e3o e exig\u00eancia do seu neg\u00f3cio. Compet\u00eancia t\u00e9cnica Apostamos na forma\u00e7\u00e3o e atualiza\u00e7\u00e3o cont\u00ednua dos nossos colaboradores, utilizando m\u00e9todos de avalia\u00e7\u00e3o e auditoria interna. Assertividade colaborativa Apostamos na perman\u00eancia e experi\u00eancia dos nossos colaboradores, que consideramos o nosso principal ativo. A sua longevidade e perman\u00eancia,&#8230;<\/p>\n","protected":false},"author":1,"featured_media":0,"parent":84,"menu_order":1,"comment_status":"closed","ping_status":"closed","template":"","meta":{"footnotes":""},"class_list":["post-86","page","type-page","status-publish","hentry"],"yoast_head":"<!-- This site is optimized with the Yoast SEO plugin v25.3.1 - https:\/\/yoast.com\/wordpress\/plugins\/seo\/ -->\n<title>O ADN Areagest - Areagest Servi\u00e7os de Gest\u00e3o<\/title>\n<meta name=\"description\" content=\"O ADN Areagest revela-se na satisfa\u00e7\u00e3o dos nossos Clientes.\" \/>\n<meta name=\"robots\" content=\"index, follow, max-snippet:-1, max-image-preview:large, max-video-preview:-1\" \/>\n<link rel=\"canonical\" href=\"https:\/\/www.areagest.com\/pt\/pt\/empresa\/a-nossa-historia\/\" \/>\n<meta property=\"og:locale\" content=\"pt_PT\" \/>\n<meta property=\"og:type\" content=\"article\" \/>\n<meta property=\"og:title\" content=\"O ADN Areagest - Areagest Servi\u00e7os de Gest\u00e3o\" \/>\n<meta property=\"og:description\" content=\"O ADN Areagest revela-se na satisfa\u00e7\u00e3o dos nossos Clientes.\" \/>\n<meta property=\"og:url\" content=\"https:\/\/www.areagest.com\/pt\/pt\/empresa\/a-nossa-historia\/\" \/>\n<meta property=\"og:site_name\" content=\"Areagest Servi\u00e7os de Gest\u00e3o\" \/>\n<meta property=\"article:modified_time\" content=\"2025-08-14T16:05:12+00:00\" \/>\n<meta name=\"twitter:label1\" content=\"Tempo estimado de leitura\" \/>\n\t<meta name=\"twitter:data1\" content=\"2 minutos\" \/>\n<script type=\"application\/ld+json\" class=\"yoast-schema-graph\">{\"@context\":\"https:\/\/schema.org\",\"@graph\":[{\"@type\":\"WebPage\",\"@id\":\"https:\/\/www.areagest.com\/pt\/pt\/empresa\/a-nossa-historia\/\",\"url\":\"https:\/\/www.areagest.com\/pt\/pt\/empresa\/a-nossa-historia\/\",\"name\":\"O ADN Areagest - Areagest Servi\u00e7os de Gest\u00e3o\",\"isPartOf\":{\"@id\":\"https:\/\/www.areagest.com\/pt\/#website\"},\"datePublished\":\"2014-08-05T14:31:38+00:00\",\"dateModified\":\"2025-08-14T16:05:12+00:00\",\"description\":\"O ADN Areagest revela-se na satisfa\u00e7\u00e3o dos nossos Clientes.\",\"breadcrumb\":{\"@id\":\"https:\/\/www.areagest.com\/pt\/pt\/empresa\/a-nossa-historia\/#breadcrumb\"},\"inLanguage\":\"pt-PT\",\"potentialAction\":[{\"@type\":\"ReadAction\",\"target\":[\"https:\/\/www.areagest.com\/pt\/pt\/empresa\/a-nossa-historia\/\"]}]},{\"@type\":\"BreadcrumbList\",\"@id\":\"https:\/\/www.areagest.com\/pt\/pt\/empresa\/a-nossa-historia\/#breadcrumb\",\"itemListElement\":[{\"@type\":\"ListItem\",\"position\":1,\"name\":\"In\u00edcio\",\"item\":\"https:\/\/www.areagest.com\/pt\/\"},{\"@type\":\"ListItem\",\"position\":2,\"name\":\"Empresa\",\"item\":\"https:\/\/www.areagest.com\/pt\/pt\/empresa\/\"},{\"@type\":\"ListItem\",\"position\":3,\"name\":\"O ADN Areagest\"}]},{\"@type\":\"WebSite\",\"@id\":\"https:\/\/www.areagest.com\/pt\/#website\",\"url\":\"https:\/\/www.areagest.com\/pt\/\",\"name\":\"Areagest Servi\u00e7os de Gest\u00e3o\",\"description\":\"Compra e Venda de Empresas, Portugal 2030, Assessoria Financeira\",\"potentialAction\":[{\"@type\":\"SearchAction\",\"target\":{\"@type\":\"EntryPoint\",\"urlTemplate\":\"https:\/\/www.areagest.com\/pt\/?s={search_term_string}\"},\"query-input\":{\"@type\":\"PropertyValueSpecification\",\"valueRequired\":true,\"valueName\":\"search_term_string\"}}],\"inLanguage\":\"pt-PT\"}]}<\/script>\n<!-- \/ Yoast SEO plugin. -->","yoast_head_json":{"title":"O ADN Areagest - Areagest Servi\u00e7os de Gest\u00e3o","description":"O ADN Areagest revela-se na satisfa\u00e7\u00e3o dos nossos Clientes.","robots":{"index":"index","follow":"follow","max-snippet":"max-snippet:-1","max-image-preview":"max-image-preview:large","max-video-preview":"max-video-preview:-1"},"canonical":"https:\/\/www.areagest.com\/pt\/pt\/empresa\/a-nossa-historia\/","og_locale":"pt_PT","og_type":"article","og_title":"O ADN Areagest - Areagest Servi\u00e7os de Gest\u00e3o","og_description":"O ADN Areagest revela-se na satisfa\u00e7\u00e3o dos nossos Clientes.","og_url":"https:\/\/www.areagest.com\/pt\/pt\/empresa\/a-nossa-historia\/","og_site_name":"Areagest Servi\u00e7os de Gest\u00e3o","article_modified_time":"2025-08-14T16:05:12+00:00","twitter_misc":{"Tempo estimado de leitura":"2 minutos"},"schema":{"@context":"https:\/\/schema.org","@graph":[{"@type":"WebPage","@id":"https:\/\/www.areagest.com\/pt\/pt\/empresa\/a-nossa-historia\/","url":"https:\/\/www.areagest.com\/pt\/pt\/empresa\/a-nossa-historia\/","name":"O ADN Areagest - Areagest Servi\u00e7os de Gest\u00e3o","isPartOf":{"@id":"https:\/\/www.areagest.com\/pt\/#website"},"datePublished":"2014-08-05T14:31:38+00:00","dateModified":"2025-08-14T16:05:12+00:00","description":"O ADN Areagest revela-se na satisfa\u00e7\u00e3o dos nossos Clientes.","breadcrumb":{"@id":"https:\/\/www.areagest.com\/pt\/pt\/empresa\/a-nossa-historia\/#breadcrumb"},"inLanguage":"pt-PT","potentialAction":[{"@type":"ReadAction","target":["https:\/\/www.areagest.com\/pt\/pt\/empresa\/a-nossa-historia\/"]}]},{"@type":"BreadcrumbList","@id":"https:\/\/www.areagest.com\/pt\/pt\/empresa\/a-nossa-historia\/#breadcrumb","itemListElement":[{"@type":"ListItem","position":1,"name":"In\u00edcio","item":"https:\/\/www.areagest.com\/pt\/"},{"@type":"ListItem","position":2,"name":"Empresa","item":"https:\/\/www.areagest.com\/pt\/pt\/empresa\/"},{"@type":"ListItem","position":3,"name":"O ADN Areagest"}]},{"@type":"WebSite","@id":"https:\/\/www.areagest.com\/pt\/#website","url":"https:\/\/www.areagest.com\/pt\/","name":"Areagest Servi\u00e7os de Gest\u00e3o","description":"Compra e Venda de Empresas, Portugal 2030, Assessoria Financeira","potentialAction":[{"@type":"SearchAction","target":{"@type":"EntryPoint","urlTemplate":"https:\/\/www.areagest.com\/pt\/?s={search_term_string}"},"query-input":{"@type":"PropertyValueSpecification","valueRequired":true,"valueName":"search_term_string"}}],"inLanguage":"pt-PT"}]}},"_links":{"self":[{"href":"https:\/\/www.areagest.com\/pt\/wp-json\/wp\/v2\/pages\/86","targetHints":{"allow":["GET"]}}],"collection":[{"href":"https:\/\/www.areagest.com\/pt\/wp-json\/wp\/v2\/pages"}],"about":[{"href":"https:\/\/www.areagest.com\/pt\/wp-json\/wp\/v2\/types\/page"}],"author":[{"embeddable":true,"href":"https:\/\/www.areagest.com\/pt\/wp-json\/wp\/v2\/users\/1"}],"replies":[{"embeddable":true,"href":"https:\/\/www.areagest.com\/pt\/wp-json\/wp\/v2\/comments?post=86"}],"version-history":[{"count":24,"href":"https:\/\/www.areagest.com\/pt\/wp-json\/wp\/v2\/pages\/86\/revisions"}],"predecessor-version":[{"id":7943,"href":"https:\/\/www.areagest.com\/pt\/wp-json\/wp\/v2\/pages\/86\/revisions\/7943"}],"up":[{"embeddable":true,"href":"https:\/\/www.areagest.com\/pt\/wp-json\/wp\/v2\/pages\/84"}],"wp:attachment":[{"href":"https:\/\/www.areagest.com\/pt\/wp-json\/wp\/v2\/media?parent=86"}],"curies":[{"name":"wp","href":"https:\/\/api.w.org\/{rel}","templated":true}]}}