{"id":84,"date":"2014-08-05T15:28:28","date_gmt":"2014-08-05T14:28:28","guid":{"rendered":"http:\/\/areagest.com\/?page_id=84"},"modified":"2026-04-24T16:39:39","modified_gmt":"2026-04-24T15:39:39","slug":"empresa","status":"publish","type":"page","link":"https:\/\/www.areagest.com\/pt\/pt\/empresa\/","title":{"rendered":"Empresa"},"content":{"rendered":"<h3><strong>AREAGEST\u00a0<\/strong><\/h3>\n<h3>Servi\u00e7os de Gest\u00e3o<\/h3>\n<p>&nbsp;<\/p>\n<h4>Somos uma organiza\u00e7\u00e3o especializada no apoio \u00e0s empresas, nas \u00e1reas do outsourcing administrativo e financeiro, contabilidade, fiscalidade, recursos humanos, assessoria de gest\u00e3o e candidaturas a incentivos fiscais, bem como avalia\u00e7\u00e3o de empresas.<\/h4>\n<h4>Estamos vocacionados para prestar servi\u00e7os a qualquer tipo de organiza\u00e7\u00e3o, privada ou p\u00fablica, independentemente da sua dimens\u00e3o ou sector de atividade e visamos atingir plenamente as suas necessidades e expectativas.<\/h4>\n<h4>Temos como objetivo ser uma empresa de refer\u00eancia no nosso sector de atividade, disponibilizando servi\u00e7os de qualidade, executados por profissionais experientes e com forma\u00e7\u00e3o espec\u00edfica nas diversas \u00e1reas de atua\u00e7\u00e3o, visando acrescentar valor ao neg\u00f3cio dos nossos Clientes.<\/h4>\n<h4><\/h4>\n<p>&nbsp;<\/p>\n<h4><span style=\"color: #666666;\">Seja Bem-Vindo.\u00a0<\/span><\/h4>\n<p>&nbsp;<\/p>\n<h3>Existem entidades que possuem compet\u00eancias, para a resolu\u00e7\u00e3o de conflitos de consumo que possam eventualmente surgir com os consumidores (tais como centros de arbitragem, ou outros), para mais informa\u00e7\u00f5es consulte a <strong>Lei n\u00ba 144\/22015.<\/strong><\/h3>\n","protected":false},"excerpt":{"rendered":"<p>AREAGEST\u00a0 Servi\u00e7os de Gest\u00e3o &nbsp; Somos uma organiza\u00e7\u00e3o especializada no apoio \u00e0s empresas, nas \u00e1reas do outsourcing administrativo e financeiro, contabilidade, fiscalidade, recursos humanos, assessoria de gest\u00e3o e candidaturas a incentivos fiscais, bem como avalia\u00e7\u00e3o de empresas. Estamos vocacionados para prestar servi\u00e7os a qualquer tipo de organiza\u00e7\u00e3o, privada ou p\u00fablica, independentemente da sua dimens\u00e3o ou&#8230;<\/p>\n","protected":false},"author":1,"featured_media":0,"parent":0,"menu_order":0,"comment_status":"closed","ping_status":"closed","template":"","meta":{"footnotes":""},"class_list":["post-84","page","type-page","status-publish","hentry"],"yoast_head":"<!-- This site is optimized with the Yoast SEO plugin v25.3.1 - https:\/\/yoast.com\/wordpress\/plugins\/seo\/ -->\n<title>Empresa - Areagest Servi\u00e7os de Gest\u00e3o<\/title>\n<meta name=\"description\" content=\"AREAGEST Servi\u00e7os de Gest\u00e3o S.A. Nascemos em 1982, em Lisboa. Trinta anos depois temos cinco escrit\u00f3rios em Portugal e um escrit\u00f3rio em Madrid. As v\u00e1rias\" \/>\n<meta name=\"robots\" content=\"index, follow, max-snippet:-1, max-image-preview:large, max-video-preview:-1\" \/>\n<link rel=\"canonical\" href=\"https:\/\/www.areagest.com\/pt\/pt\/empresa\/\" \/>\n<meta property=\"og:locale\" content=\"pt_PT\" \/>\n<meta property=\"og:type\" content=\"article\" \/>\n<meta property=\"og:title\" content=\"Empresa - Areagest Servi\u00e7os de Gest\u00e3o\" \/>\n<meta property=\"og:description\" content=\"AREAGEST Servi\u00e7os de Gest\u00e3o S.A. Nascemos em 1982, em Lisboa. Trinta anos depois temos cinco escrit\u00f3rios em Portugal e um escrit\u00f3rio em Madrid. As v\u00e1rias\" \/>\n<meta property=\"og:url\" content=\"https:\/\/www.areagest.com\/pt\/pt\/empresa\/\" \/>\n<meta property=\"og:site_name\" content=\"Areagest Servi\u00e7os de Gest\u00e3o\" \/>\n<meta property=\"article:modified_time\" content=\"2026-04-24T15:39:39+00:00\" \/>\n<meta name=\"twitter:label1\" content=\"Tempo estimado de leitura\" \/>\n\t<meta name=\"twitter:data1\" content=\"1 minuto\" \/>\n<script type=\"application\/ld+json\" class=\"yoast-schema-graph\">{\"@context\":\"https:\/\/schema.org\",\"@graph\":[{\"@type\":\"WebPage\",\"@id\":\"https:\/\/www.areagest.com\/pt\/pt\/empresa\/\",\"url\":\"https:\/\/www.areagest.com\/pt\/pt\/empresa\/\",\"name\":\"Empresa - Areagest Servi\u00e7os de Gest\u00e3o\",\"isPartOf\":{\"@id\":\"https:\/\/www.areagest.com\/pt\/#website\"},\"datePublished\":\"2014-08-05T14:28:28+00:00\",\"dateModified\":\"2026-04-24T15:39:39+00:00\",\"description\":\"AREAGEST Servi\u00e7os de Gest\u00e3o S.A. Nascemos em 1982, em Lisboa. Trinta anos depois temos cinco escrit\u00f3rios em Portugal e um escrit\u00f3rio em Madrid. As v\u00e1rias\",\"breadcrumb\":{\"@id\":\"https:\/\/www.areagest.com\/pt\/pt\/empresa\/#breadcrumb\"},\"inLanguage\":\"pt-PT\",\"potentialAction\":[{\"@type\":\"ReadAction\",\"target\":[\"https:\/\/www.areagest.com\/pt\/pt\/empresa\/\"]}]},{\"@type\":\"BreadcrumbList\",\"@id\":\"https:\/\/www.areagest.com\/pt\/pt\/empresa\/#breadcrumb\",\"itemListElement\":[{\"@type\":\"ListItem\",\"position\":1,\"name\":\"In\u00edcio\",\"item\":\"https:\/\/www.areagest.com\/pt\/\"},{\"@type\":\"ListItem\",\"position\":2,\"name\":\"Empresa\"}]},{\"@type\":\"WebSite\",\"@id\":\"https:\/\/www.areagest.com\/pt\/#website\",\"url\":\"https:\/\/www.areagest.com\/pt\/\",\"name\":\"Areagest Servi\u00e7os de Gest\u00e3o\",\"description\":\"Compra e Venda de Empresas, Portugal 2030, Assessoria Financeira\",\"potentialAction\":[{\"@type\":\"SearchAction\",\"target\":{\"@type\":\"EntryPoint\",\"urlTemplate\":\"https:\/\/www.areagest.com\/pt\/?s={search_term_string}\"},\"query-input\":{\"@type\":\"PropertyValueSpecification\",\"valueRequired\":true,\"valueName\":\"search_term_string\"}}],\"inLanguage\":\"pt-PT\"}]}<\/script>\n<!-- \/ Yoast SEO plugin. -->","yoast_head_json":{"title":"Empresa - Areagest Servi\u00e7os de Gest\u00e3o","description":"AREAGEST Servi\u00e7os de Gest\u00e3o S.A. Nascemos em 1982, em Lisboa. Trinta anos depois temos cinco escrit\u00f3rios em Portugal e um escrit\u00f3rio em Madrid. As v\u00e1rias","robots":{"index":"index","follow":"follow","max-snippet":"max-snippet:-1","max-image-preview":"max-image-preview:large","max-video-preview":"max-video-preview:-1"},"canonical":"https:\/\/www.areagest.com\/pt\/pt\/empresa\/","og_locale":"pt_PT","og_type":"article","og_title":"Empresa - Areagest Servi\u00e7os de Gest\u00e3o","og_description":"AREAGEST Servi\u00e7os de Gest\u00e3o S.A. Nascemos em 1982, em Lisboa. Trinta anos depois temos cinco escrit\u00f3rios em Portugal e um escrit\u00f3rio em Madrid. As v\u00e1rias","og_url":"https:\/\/www.areagest.com\/pt\/pt\/empresa\/","og_site_name":"Areagest Servi\u00e7os de Gest\u00e3o","article_modified_time":"2026-04-24T15:39:39+00:00","twitter_misc":{"Tempo estimado de leitura":"1 minuto"},"schema":{"@context":"https:\/\/schema.org","@graph":[{"@type":"WebPage","@id":"https:\/\/www.areagest.com\/pt\/pt\/empresa\/","url":"https:\/\/www.areagest.com\/pt\/pt\/empresa\/","name":"Empresa - Areagest Servi\u00e7os de Gest\u00e3o","isPartOf":{"@id":"https:\/\/www.areagest.com\/pt\/#website"},"datePublished":"2014-08-05T14:28:28+00:00","dateModified":"2026-04-24T15:39:39+00:00","description":"AREAGEST Servi\u00e7os de Gest\u00e3o S.A. Nascemos em 1982, em Lisboa. Trinta anos depois temos cinco escrit\u00f3rios em Portugal e um escrit\u00f3rio em Madrid. As v\u00e1rias","breadcrumb":{"@id":"https:\/\/www.areagest.com\/pt\/pt\/empresa\/#breadcrumb"},"inLanguage":"pt-PT","potentialAction":[{"@type":"ReadAction","target":["https:\/\/www.areagest.com\/pt\/pt\/empresa\/"]}]},{"@type":"BreadcrumbList","@id":"https:\/\/www.areagest.com\/pt\/pt\/empresa\/#breadcrumb","itemListElement":[{"@type":"ListItem","position":1,"name":"In\u00edcio","item":"https:\/\/www.areagest.com\/pt\/"},{"@type":"ListItem","position":2,"name":"Empresa"}]},{"@type":"WebSite","@id":"https:\/\/www.areagest.com\/pt\/#website","url":"https:\/\/www.areagest.com\/pt\/","name":"Areagest Servi\u00e7os de Gest\u00e3o","description":"Compra e Venda de Empresas, Portugal 2030, Assessoria Financeira","potentialAction":[{"@type":"SearchAction","target":{"@type":"EntryPoint","urlTemplate":"https:\/\/www.areagest.com\/pt\/?s={search_term_string}"},"query-input":{"@type":"PropertyValueSpecification","valueRequired":true,"valueName":"search_term_string"}}],"inLanguage":"pt-PT"}]}},"_links":{"self":[{"href":"https:\/\/www.areagest.com\/pt\/wp-json\/wp\/v2\/pages\/84","targetHints":{"allow":["GET"]}}],"collection":[{"href":"https:\/\/www.areagest.com\/pt\/wp-json\/wp\/v2\/pages"}],"about":[{"href":"https:\/\/www.areagest.com\/pt\/wp-json\/wp\/v2\/types\/page"}],"author":[{"embeddable":true,"href":"https:\/\/www.areagest.com\/pt\/wp-json\/wp\/v2\/users\/1"}],"replies":[{"embeddable":true,"href":"https:\/\/www.areagest.com\/pt\/wp-json\/wp\/v2\/comments?post=84"}],"version-history":[{"count":24,"href":"https:\/\/www.areagest.com\/pt\/wp-json\/wp\/v2\/pages\/84\/revisions"}],"predecessor-version":[{"id":8024,"href":"https:\/\/www.areagest.com\/pt\/wp-json\/wp\/v2\/pages\/84\/revisions\/8024"}],"wp:attachment":[{"href":"https:\/\/www.areagest.com\/pt\/wp-json\/wp\/v2\/media?parent=84"}],"curies":[{"name":"wp","href":"https:\/\/api.w.org\/{rel}","templated":true}]}}