{"id":7996,"date":"2025-09-27T17:15:39","date_gmt":"2025-09-27T16:15:39","guid":{"rendered":"https:\/\/www.areagest.com\/pt\/?page_id=7996"},"modified":"2025-09-27T17:15:39","modified_gmt":"2025-09-27T16:15:39","slug":"intermediation-dans-lachat-et-la-vente-dentreprises","status":"publish","type":"page","link":"https:\/\/www.areagest.com\/pt\/fr\/comptabilite-ma-externalisation-financiere-salaires\/intermediation-dans-lachat-et-la-vente-dentreprises\/","title":{"rendered":"Interm\u00e9diation dans l\u2019Achat et la Vente d\u2019Entreprises"},"content":{"rendered":"<div class=\"kopa-two-third\"><\/p>\n<table class=\"subtitle-services\" border=\"0\" cellspacing=\"0\">\n<tbody>\n<tr>\n<td>                            <div class=\"squareDemo squareDemo_production shape box maskImg\" id=\"square_production_Outsourcing7528661\" style=\"border-width: 0px; border-color: rgb(0, 0, 0); width: 62px; height: 62px; opacity: 1; background: url(https:\/\/www.areagest.com\/wp-content\/uploads\/2014\/08\/outsourcing_a.png) 0% 0% \/ 100% no-repeat transparent;\">\r\n                                <span class=\"textArea\" style=\"width: 42px; height: 12px; line-height: 0px; font-size: 0px; margin-top: -6px; margin-left: 0px;\"><\/span>\r\n                                <div class=\"squareLitDemo shape inOut swrillOut animated fadeOut\" id=\"square-lit\" style=\"top: 0px; width: 62px; height: 62px; right: 0px; margin-left: 0px; transform: rotate(0deg); background: url(https:\/\/www.areagest.com\/wp-content\/uploads\/2014\/08\/outsourcing_b.png) 0% 0% \/ 100% no-repeat transparent;\" out=\"fadeOut\" in=\"fadeIn\" entrance=\"effect\">\r\n                                    <a class=\"title_2 title_link_out\" href=\"\/pt\/servicos\/outsourcing-financeiro-e-administrativo\/\" target=\"\"><h3 class=\"title\" style=\"font-size: 0px; margin-left: -4px; transform: rotate(0deg); -webkit-transform: rotate(0deg);\"><\/h3><\/a>\r\n                                    <hr class=\"divLit hidden\">\r\n                                    <div class=\"textAreaWrapper\" style=\"padding-right: 14px; transform: rotate(0deg); -webkit-transform: rotate(0deg);\">\r\n                                        <span class=\"textArea\" style=\"width: 42px; height: 12px; line-height: 0px; font-size: 0px;\"><\/span>\r\n                                    <\/div>\r\n                                <\/div>\r\n                            <\/div>\r\n                        <\/td>\n<td valign=\"center\">\n<h1><strong>Interm\u00e9diation dans l\u2019Achat et la Vente d\u2019Entreprises<\/strong><\/h1>\n<\/td>\n<\/tr>\n<\/tbody>\n<\/table>\n<h4><span style=\"color: #000000;\">La cession d\u2019entreprises de taille significative est aujourd\u2019hui une d\u00e9cision de plus en plus technique et doit \u00eatre accompagn\u00e9e par des sp\u00e9cialistes, non seulement sur le plan \u00e9conomique et financier, mais aussi sur le plan juridique, afin de garantir \u00e0 l\u2019acheteur et au vendeur qu\u2019ils ne seront pas confront\u00e9s \u00e0 de mauvaises surprises pouvant mener \u00e0 des litiges, avec tous les inconv\u00e9nients financiers et de temps que les tribunaux entra\u00eenent habituellement.<\/span><\/h4>\n<h4><\/h4>\n<p>&nbsp;<\/p>\n<h4 style=\"padding-left: 90px;\"><span style=\"color: #666666;\"><strong>* Vous souhaitez \u00e9valuer la possibilit\u00e9 de vendre votre entreprise ? Nous pouvons vous aider avec nos services :<\/strong><\/span><\/h4>\n<h5 style=\"padding-left: 120px;\">\u00c9laboration du dossier de vente de l\u2019entreprise ;<\/h5>\n<h5 style=\"padding-left: 120px;\">Recherche et identification des acheteurs potentiels, pr\u00e9paration d\u2019une \u00ab short list \u00bb \u00e0 pr\u00e9senter au vendeur pour qualifier leur potentiel ;<\/h5>\n<h5 style=\"padding-left: 120px;\">Approche des acheteurs potentiels s\u00e9lectionn\u00e9s par le client (vendeur) pour un contact plus approfondi ;<\/h5>\n<h5 style=\"padding-left: 120px;\">Collecte d\u2019informations aupr\u00e8s des acheteurs potentiels afin de fournir au vendeur des rapports de suivi des travaux et des contacts r\u00e9alis\u00e9s ;<\/h5>\n<h5 style=\"padding-left: 120px;\">N\u00e9gociation ;<\/h5>\n<h5 style=\"padding-left: 120px;\">Assistance juridique avec un cabinet d\u2019avocats : structure, op\u00e9ration et contrats ;<\/h5>\n<h5 style=\"padding-left: 120px;\">Due Diligence ;<\/h5>\n<h5 style=\"padding-left: 120px;\">Cl\u00f4ture de la transaction.<\/h5>\n<h5><\/h5>\n<p>&nbsp;<\/p>\n<h4 style=\"padding-left: 90px;\"><span style=\"color: #666666;\"><strong>* Vous souhaitez investir dans une nouvelle entreprise ? Nous pouvons vous aider avec nos services :<\/strong><\/span><\/h4>\n<h5 style=\"padding-left: 120px;\">D\u00e9finition du potentiel d\u2019investissement ;<\/h5>\n<h5 style=\"padding-left: 120px;\">Pr\u00e9paration d\u2019une \u00ab short list \u00bb de vendeurs potentiels et pr\u00e9sentation \u00e0 l\u2019acheteur potentiel pour qualification ;<\/h5>\n<h5 style=\"padding-left: 120px;\">Collecte d\u2019informations aupr\u00e8s des vendeurs potentiels s\u00e9lectionn\u00e9s et qualifi\u00e9s par l\u2019acheteur, avec pr\u00e9sentation de rapports de suivi ;<\/h5>\n<h5 style=\"padding-left: 120px;\">Pr\u00e9paration du dossier de vente d\u2019entreprise sur la base des informations recueillies aupr\u00e8s du vendeur, pour les opportunit\u00e9s s\u00e9lectionn\u00e9es par l\u2019acheteur ;<\/h5>\n<h5 style=\"padding-left: 120px;\">N\u00e9gociation ;<\/h5>\n<h5 style=\"padding-left: 120px;\">Assistance juridique avec un cabinet d\u2019avocats : structure, op\u00e9ration et contrats ;<\/h5>\n<h5 style=\"padding-left: 120px;\">Due Diligence ;<\/h5>\n<h5 style=\"padding-left: 120px;\">Cl\u00f4ture de la transaction.<\/h5>\n<p>&nbsp;<\/p>\n<h3><span style=\"color: #ff9900;\"><strong>Contactez-nous.<\/strong><\/span><\/h3>\n<h3><span style=\"color: #ff9900;\"><strong>Depuis 2010, nous avons conseill\u00e9 plus de 500 processus de lev\u00e9e de capitaux pour des entreprises.<\/strong><\/span><\/h3>\n<h3>Les op\u00e9rations accompagn\u00e9es par Areagest repr\u00e9sentent un investissement de plus de 45 000 000 \u20ac dans plus de 20 secteurs d\u2019activit\u00e9.<\/h3>\n<p>&nbsp;<\/p>\n<p><aside id=\"kopa_widget_testimonials-4\" class=\"kopa-testimonial-widget amr_widget \">\n            <div class=\"flexslider kopa-testimonial-slider\">\n                <ul class=\"slides\">\n                                            <li class=\"clearfix\">\n                            <div class=\"avatar\">\n                                                                    <img decoding=\"async\" src=\"https:\/\/areagest.com\/wp-content\/uploads\/2014\/09\/optivisao-118x118.jpg\" alt=\"Optivis\u00e3o\">\n                                                            <\/div>\n                            <div class=\"testimonial-content\">\n                                <div class=\"testimonial-content-inside\">\n                                    <p>&#8220;Com o apoio dos servi\u00e7os da Areagest, o meu projeto foi aprovado e fiz o investimento que precisava para modernizar a minha empresa. Recomendo os servi\u00e7os Areagest pelo seu profissionalismo e dedica\u00e7\u00e3o ao Cliente.&#8221;<\/p>\n<p><span style=\"color: #11a0dc;\"><strong>Ant\u00f3nio Martins\u00a0<\/strong>&#8211; CEO <\/span><\/p>\n                                <\/div>\n                                <span>Optivis\u00e3o<\/span>\n                            <\/div>\n                        <\/li>\n                                            <li class=\"clearfix\">\n                            <div class=\"avatar\">\n                                                                    <img decoding=\"async\" src=\"https:\/\/areagest.com\/wp-content\/uploads\/2014\/09\/era-arq-118x118.jpg\" alt=\"Era Arqueologia S.A.\">\n                                                            <\/div>\n                            <div class=\"testimonial-content\">\n                                <div class=\"testimonial-content-inside\">\n                                    <p>&#8220;A Areagest adapta-se \u00e0s necessidades da nossa empresa e aos nossos pedidos com facilidade e profissionalismo. J\u00e1 recomendei a Areagest a outras empresas que tamb\u00e9m se tornaram Clientes. Continuarei a recomendar os servi\u00e7os Areagest.&#8221;<\/p>\n<p><span style=\"color: #11a0dc;\"><strong>Luis Nuno\u00a0<\/strong>&#8211; CFO<\/span><\/p>\n                                <\/div>\n                                <span>Era Arqueologia S.A.<\/span>\n                            <\/div>\n                        <\/li>\n                                            <li class=\"clearfix\">\n                            <div class=\"avatar\">\n                                                                    <img decoding=\"async\" src=\"https:\/\/areagest.com\/wp-content\/uploads\/2014\/08\/lazyflav-118x118.jpg\" alt=\"Lazy Flavours\">\n                                                            <\/div>\n                            <div class=\"testimonial-content\">\n                                <div class=\"testimonial-content-inside\">\n                                    <p>\u201cConheci a Areagest numa das suas muitas a\u00e7\u00f5es informativas sobre financiamento de start-up e apoios ao investimento. Tinha uma ideia de neg\u00f3cio, mas n\u00e3o tinha a certeza como a poderia financiar e se a minha situa\u00e7\u00e3o se enquadrava em algum dos apoios existentes. Com o acompanhamento da Areagest candidatei-me a um dos apoios para cria\u00e7\u00e3o de novas empresas e hoje continuo a trabalhar com esta equipa, que me presta apoio na minha empresa, j\u00e1 criada, ao n\u00edvel de servi\u00e7os de contabilidade e apoio de gest\u00e3o. O facto de serem uma empresa com uma oferta de servi\u00e7os diversificada e capaz de acompanhar os empreendedores e as empresas desde antes da sua cria\u00e7\u00e3o \u00e9 uma enorme mais-valia e transmite a seguran\u00e7a necess\u00e1ria de que tudo \u00e9 feito com qualidade e precis\u00e3o.\u201d<\/p>\n<p><span style=\"color: #11a0dc;\"><strong>Mariana Cardoso\u00a0<\/strong>&#8211; Founding Partner<\/span><\/p>\n                                <\/div>\n                                <span>Lazy Flavours<\/span>\n                            <\/div>\n                        <\/li>\n                                            <li class=\"clearfix\">\n                            <div class=\"avatar\">\n                                                                    <img decoding=\"async\" src=\"https:\/\/areagest.com\/wp-content\/uploads\/2014\/09\/interface5-118x108.png\" alt=\"Interface Equipamento e T\u00e9cnica Lda.\">\n                                                            <\/div>\n                            <div class=\"testimonial-content\">\n                                <div class=\"testimonial-content-inside\">\n                                    <p>&#8220;A longevidade de d\u00e9cadas da nossa rela\u00e7\u00e3o com a Areagest deve-se sobretudo \u00e0 confian\u00e7a na marca e nos seus profissionais. Contamos com a Areagest como um parceiro de neg\u00f3cio fi\u00e1vel.&#8221;<\/p>\n<p><span style=\"color: #11a0dc;\"><strong>Manuel Matos Correia\u00a0<\/strong>&#8211; CEO<\/span><\/p>\n                                <\/div>\n                                <span>Interface Equipamento e T\u00e9cnica Lda.<\/span>\n                            <\/div>\n                        <\/li>\n                                            <li class=\"clearfix\">\n                            <div class=\"avatar\">\n                                                                    <img decoding=\"async\" src=\"https:\/\/areagest.com\/wp-content\/uploads\/2014\/09\/itise-118x118.jpg\" alt=\"Itise &#8211; Equipamentos T\u00e9cnicos de Precis\u00e3o e Cient\u00edficos\">\n                                                            <\/div>\n                            <div class=\"testimonial-content\">\n                                <div class=\"testimonial-content-inside\">\n                                    <p>&#8220;Trabalhamos com a Areagest h\u00e1 mais de 20 anos, em outsourcing. Os servi\u00e7os que nos prestam t\u00eam a qualidade e a proximidade adequadas a uma resposta eficaz \u00e0s nossas necessidades.&#8221;<\/p>\n<p><span style=\"color: #11a0dc;\"><strong>Luis Valente <\/strong>&#8211; CEO<\/span><\/p>\n                                <\/div>\n                                <span>Itise &#8211; Equipamentos T\u00e9cnicos de Precis\u00e3o e Cient\u00edficos<\/span>\n                            <\/div>\n                        <\/li>\n                                    <\/ul><!--slides-->\n            <\/div><!--kopa-testimonial-slider-->\n\n        \n        <\/aside><\/p>\n<p><\/div>\n","protected":false},"excerpt":{"rendered":"","protected":false},"author":1,"featured_media":0,"parent":938,"menu_order":0,"comment_status":"closed","ping_status":"closed","template":"","meta":{"footnotes":""},"class_list":["post-7996","page","type-page","status-publish","hentry"],"yoast_head":"<!-- This site is optimized with the Yoast SEO plugin v25.3.1 - https:\/\/yoast.com\/wordpress\/plugins\/seo\/ -->\n<title>Interm\u00e9diation dans l\u2019Achat et la Vente d\u2019Entreprises - Areagest Servi\u00e7os de Gest\u00e3o %<\/title>\n<meta name=\"description\" content=\"Compra e Venda de Neg\u00f3cios, Portugal 2030, Controlo de Gest\u00e3o, Assessoria de Gest\u00e3o, Avalia\u00e7\u00e3o de Neg\u00f3cios\" \/>\n<meta name=\"robots\" content=\"index, follow, max-snippet:-1, max-image-preview:large, max-video-preview:-1\" \/>\n<link rel=\"canonical\" href=\"https:\/\/www.areagest.com\/pt\/fr\/comptabilite-ma-externalisation-financiere-salaires\/intermediation-dans-lachat-et-la-vente-dentreprises\/\" \/>\n<meta property=\"og:locale\" content=\"pt_PT\" \/>\n<meta property=\"og:type\" content=\"article\" \/>\n<meta property=\"og:title\" content=\"Interm\u00e9diation dans l\u2019Achat et la Vente d\u2019Entreprises - Areagest Servi\u00e7os de Gest\u00e3o %\" \/>\n<meta property=\"og:description\" content=\"Compra e Venda de Neg\u00f3cios, Portugal 2030, Controlo de Gest\u00e3o, Assessoria de Gest\u00e3o, Avalia\u00e7\u00e3o de Neg\u00f3cios\" \/>\n<meta property=\"og:url\" content=\"https:\/\/www.areagest.com\/pt\/fr\/comptabilite-ma-externalisation-financiere-salaires\/intermediation-dans-lachat-et-la-vente-dentreprises\/\" \/>\n<meta property=\"og:site_name\" content=\"Areagest Servi\u00e7os de Gest\u00e3o\" \/>\n<script type=\"application\/ld+json\" class=\"yoast-schema-graph\">{\"@context\":\"https:\/\/schema.org\",\"@graph\":[{\"@type\":\"WebPage\",\"@id\":\"https:\/\/www.areagest.com\/pt\/fr\/comptabilite-ma-externalisation-financiere-salaires\/intermediation-dans-lachat-et-la-vente-dentreprises\/\",\"url\":\"https:\/\/www.areagest.com\/pt\/fr\/comptabilite-ma-externalisation-financiere-salaires\/intermediation-dans-lachat-et-la-vente-dentreprises\/\",\"name\":\"Interm\u00e9diation dans l\u2019Achat et la Vente d\u2019Entreprises - Areagest Servi\u00e7os de Gest\u00e3o %\",\"isPartOf\":{\"@id\":\"https:\/\/www.areagest.com\/pt\/#website\"},\"datePublished\":\"2025-09-27T16:15:39+00:00\",\"description\":\"Compra e Venda de Neg\u00f3cios, Portugal 2030, Controlo de Gest\u00e3o, Assessoria de Gest\u00e3o, Avalia\u00e7\u00e3o de Neg\u00f3cios\",\"breadcrumb\":{\"@id\":\"https:\/\/www.areagest.com\/pt\/fr\/comptabilite-ma-externalisation-financiere-salaires\/intermediation-dans-lachat-et-la-vente-dentreprises\/#breadcrumb\"},\"inLanguage\":\"pt-PT\",\"potentialAction\":[{\"@type\":\"ReadAction\",\"target\":[\"https:\/\/www.areagest.com\/pt\/fr\/comptabilite-ma-externalisation-financiere-salaires\/intermediation-dans-lachat-et-la-vente-dentreprises\/\"]}]},{\"@type\":\"BreadcrumbList\",\"@id\":\"https:\/\/www.areagest.com\/pt\/fr\/comptabilite-ma-externalisation-financiere-salaires\/intermediation-dans-lachat-et-la-vente-dentreprises\/#breadcrumb\",\"itemListElement\":[{\"@type\":\"ListItem\",\"position\":1,\"name\":\"In\u00edcio\",\"item\":\"https:\/\/www.areagest.com\/pt\/\"},{\"@type\":\"ListItem\",\"position\":2,\"name\":\"Services\",\"item\":\"https:\/\/www.areagest.com\/pt\/comptabilite-ma-externalisation-financiere-salaires\/\"},{\"@type\":\"ListItem\",\"position\":3,\"name\":\"Interm\u00e9diation dans l\u2019Achat et la Vente d\u2019Entreprises\"}]},{\"@type\":\"WebSite\",\"@id\":\"https:\/\/www.areagest.com\/pt\/#website\",\"url\":\"https:\/\/www.areagest.com\/pt\/\",\"name\":\"Areagest Servi\u00e7os de Gest\u00e3o\",\"description\":\"Compra e Venda de Empresas, Portugal 2030, Assessoria Financeira\",\"potentialAction\":[{\"@type\":\"SearchAction\",\"target\":{\"@type\":\"EntryPoint\",\"urlTemplate\":\"https:\/\/www.areagest.com\/pt\/?s={search_term_string}\"},\"query-input\":{\"@type\":\"PropertyValueSpecification\",\"valueRequired\":true,\"valueName\":\"search_term_string\"}}],\"inLanguage\":\"pt-PT\"}]}<\/script>\n<!-- \/ Yoast SEO plugin. -->","yoast_head_json":{"title":"Interm\u00e9diation dans l\u2019Achat et la Vente d\u2019Entreprises - Areagest Servi\u00e7os de Gest\u00e3o %","description":"Compra e Venda de Neg\u00f3cios, Portugal 2030, Controlo de Gest\u00e3o, Assessoria de Gest\u00e3o, Avalia\u00e7\u00e3o de Neg\u00f3cios","robots":{"index":"index","follow":"follow","max-snippet":"max-snippet:-1","max-image-preview":"max-image-preview:large","max-video-preview":"max-video-preview:-1"},"canonical":"https:\/\/www.areagest.com\/pt\/fr\/comptabilite-ma-externalisation-financiere-salaires\/intermediation-dans-lachat-et-la-vente-dentreprises\/","og_locale":"pt_PT","og_type":"article","og_title":"Interm\u00e9diation dans l\u2019Achat et la Vente d\u2019Entreprises - Areagest Servi\u00e7os de Gest\u00e3o %","og_description":"Compra e Venda de Neg\u00f3cios, Portugal 2030, Controlo de Gest\u00e3o, Assessoria de Gest\u00e3o, Avalia\u00e7\u00e3o de Neg\u00f3cios","og_url":"https:\/\/www.areagest.com\/pt\/fr\/comptabilite-ma-externalisation-financiere-salaires\/intermediation-dans-lachat-et-la-vente-dentreprises\/","og_site_name":"Areagest Servi\u00e7os de Gest\u00e3o","schema":{"@context":"https:\/\/schema.org","@graph":[{"@type":"WebPage","@id":"https:\/\/www.areagest.com\/pt\/fr\/comptabilite-ma-externalisation-financiere-salaires\/intermediation-dans-lachat-et-la-vente-dentreprises\/","url":"https:\/\/www.areagest.com\/pt\/fr\/comptabilite-ma-externalisation-financiere-salaires\/intermediation-dans-lachat-et-la-vente-dentreprises\/","name":"Interm\u00e9diation dans l\u2019Achat et la Vente d\u2019Entreprises - Areagest Servi\u00e7os de Gest\u00e3o %","isPartOf":{"@id":"https:\/\/www.areagest.com\/pt\/#website"},"datePublished":"2025-09-27T16:15:39+00:00","description":"Compra e Venda de Neg\u00f3cios, Portugal 2030, Controlo de Gest\u00e3o, Assessoria de Gest\u00e3o, Avalia\u00e7\u00e3o de Neg\u00f3cios","breadcrumb":{"@id":"https:\/\/www.areagest.com\/pt\/fr\/comptabilite-ma-externalisation-financiere-salaires\/intermediation-dans-lachat-et-la-vente-dentreprises\/#breadcrumb"},"inLanguage":"pt-PT","potentialAction":[{"@type":"ReadAction","target":["https:\/\/www.areagest.com\/pt\/fr\/comptabilite-ma-externalisation-financiere-salaires\/intermediation-dans-lachat-et-la-vente-dentreprises\/"]}]},{"@type":"BreadcrumbList","@id":"https:\/\/www.areagest.com\/pt\/fr\/comptabilite-ma-externalisation-financiere-salaires\/intermediation-dans-lachat-et-la-vente-dentreprises\/#breadcrumb","itemListElement":[{"@type":"ListItem","position":1,"name":"In\u00edcio","item":"https:\/\/www.areagest.com\/pt\/"},{"@type":"ListItem","position":2,"name":"Services","item":"https:\/\/www.areagest.com\/pt\/comptabilite-ma-externalisation-financiere-salaires\/"},{"@type":"ListItem","position":3,"name":"Interm\u00e9diation dans l\u2019Achat et la Vente d\u2019Entreprises"}]},{"@type":"WebSite","@id":"https:\/\/www.areagest.com\/pt\/#website","url":"https:\/\/www.areagest.com\/pt\/","name":"Areagest Servi\u00e7os de Gest\u00e3o","description":"Compra e Venda de Empresas, Portugal 2030, Assessoria Financeira","potentialAction":[{"@type":"SearchAction","target":{"@type":"EntryPoint","urlTemplate":"https:\/\/www.areagest.com\/pt\/?s={search_term_string}"},"query-input":{"@type":"PropertyValueSpecification","valueRequired":true,"valueName":"search_term_string"}}],"inLanguage":"pt-PT"}]}},"_links":{"self":[{"href":"https:\/\/www.areagest.com\/pt\/wp-json\/wp\/v2\/pages\/7996","targetHints":{"allow":["GET"]}}],"collection":[{"href":"https:\/\/www.areagest.com\/pt\/wp-json\/wp\/v2\/pages"}],"about":[{"href":"https:\/\/www.areagest.com\/pt\/wp-json\/wp\/v2\/types\/page"}],"author":[{"embeddable":true,"href":"https:\/\/www.areagest.com\/pt\/wp-json\/wp\/v2\/users\/1"}],"replies":[{"embeddable":true,"href":"https:\/\/www.areagest.com\/pt\/wp-json\/wp\/v2\/comments?post=7996"}],"version-history":[{"count":1,"href":"https:\/\/www.areagest.com\/pt\/wp-json\/wp\/v2\/pages\/7996\/revisions"}],"predecessor-version":[{"id":7997,"href":"https:\/\/www.areagest.com\/pt\/wp-json\/wp\/v2\/pages\/7996\/revisions\/7997"}],"up":[{"embeddable":true,"href":"https:\/\/www.areagest.com\/pt\/wp-json\/wp\/v2\/pages\/938"}],"wp:attachment":[{"href":"https:\/\/www.areagest.com\/pt\/wp-json\/wp\/v2\/media?parent=7996"}],"curies":[{"name":"wp","href":"https:\/\/api.w.org\/{rel}","templated":true}]}}