{"id":7971,"date":"2025-09-27T16:16:49","date_gmt":"2025-09-27T15:16:49","guid":{"rendered":"https:\/\/www.areagest.com\/pt\/?page_id=7971"},"modified":"2025-09-27T16:37:34","modified_gmt":"2025-09-27T15:37:34","slug":"evaluation-dentreprise","status":"publish","type":"page","link":"https:\/\/www.areagest.com\/pt\/fr\/comptabilite-ma-externalisation-financiere-salaires\/evaluation-dentreprise\/","title":{"rendered":"\u00c9valuation d\u2019Entreprise"},"content":{"rendered":"<div class=\"kopa-two-third\"><\/div>\n<table>\n<tbody>\n<tr>\n<td>                            <div class=\"squareDemo squareDemo_production shape box maskImg\" id=\"square_production_Outsourcing364559\" style=\"border-width: 0px; border-color: rgb(0, 0, 0); width: 62px; height: 62px; opacity: 1; background: url(https:\/\/www.areagest.com\/wp-content\/uploads\/2014\/08\/outsourcing_a.png) 0% 0% \/ 100% no-repeat transparent;\">\r\n                                <span class=\"textArea\" style=\"width: 42px; height: 12px; line-height: 0px; font-size: 0px; margin-top: -6px; margin-left: 0px;\"><\/span>\r\n                                <div class=\"squareLitDemo shape inOut swrillOut animated fadeOut\" id=\"square-lit\" style=\"top: 0px; width: 62px; height: 62px; right: 0px; margin-left: 0px; transform: rotate(0deg); background: url(https:\/\/www.areagest.com\/wp-content\/uploads\/2014\/08\/outsourcing_b.png) 0% 0% \/ 100% no-repeat transparent;\" out=\"fadeOut\" in=\"fadeIn\" entrance=\"effect\">\r\n                                    <a class=\"title_2 title_link_out\" href=\"\/pt\/servicos\/outsourcing-financeiro-e-administrativo\/\" target=\"\"><h3 class=\"title\" style=\"font-size: 0px; margin-left: -4px; transform: rotate(0deg); -webkit-transform: rotate(0deg);\"><\/h3><\/a>\r\n                                    <hr class=\"divLit hidden\">\r\n                                    <div class=\"textAreaWrapper\" style=\"padding-right: 14px; transform: rotate(0deg); -webkit-transform: rotate(0deg);\">\r\n                                        <span class=\"textArea\" style=\"width: 42px; height: 12px; line-height: 0px; font-size: 0px;\"><\/span>\r\n                                    <\/div>\r\n                                <\/div>\r\n                            <\/div>\r\n                        <\/td>\n<td>\n<h1><strong>\u00c9valuation d&#8217;Entreprise<\/strong><\/h1>\n<\/td>\n<\/tr>\n<\/tbody>\n<\/table>\n<h4><span style=\"color: #000000;\"><strong>VOUS SOUHAITEZ CONNA\u00ceTRE LA VALEUR DE VOTRE ENTREPRISE ?<\/strong><\/span><\/h4>\n<h4><span style=\"color: #000000;\"><strong>\u00ab LA CONNAISSANCE EST UN ACTIF \u00c0 RENTABILIT\u00c9 GARANTIE\u00bb<\/strong><\/span><\/h4>\n<p>&nbsp;<\/p>\n<h4><\/h4>\n<h4><span style=\"color: #000000;\">En tant qu\u2019entrepreneur, il est naturel de vouloir savoir combien vaut votre soci\u00e9t\u00e9.<\/span><br \/>\n<span style=\"color: #000000;\">Bien souvent, nous attribuons une valeur intuitive qui peut \u00eatre \u00e9loign\u00e9e de la r\u00e9alit\u00e9 financi\u00e8re \u2014 surtout lorsqu\u2019il s\u2019agit de vendre ou de solliciter un financement.<\/span><\/h4>\n<h4><span style=\"color: #000000;\">Chez Areagest, nous proposons un service d\u2019\u00e9valuation sp\u00e9cialis\u00e9, accompagn\u00e9 d\u2019un rapport technique rigoureux, qui vous permet:<\/span><br \/>\n<span style=\"color: #000000;\">&#8211; De conna\u00eetre la valeur r\u00e9elle de votre entreprise, sur la base de donn\u00e9es concr\u00e8tes.<\/span><br \/>\n<span style=\"color: #000000;\">&#8211; De disposer d\u2019un outil cr\u00e9dible \u00e0 pr\u00e9senter \u00e0 la banque si vous souhaitez financer la croissance de votre soci\u00e9t\u00e9.<\/span><\/h4>\n<h4><span style=\"color: #000000;\">Si vous souhaitez prendre des d\u00e9cisions \u00e9clair\u00e9es et mieux comprendre le potentiel de votre entreprise, contactez-nous.<\/span><br \/>\n<span style=\"color: #000000;\">Nous sommes pr\u00eats \u00e0 vous pr\u00e9senter une proposition personnalis\u00e9e pour l\u2019\u00e9valuation de votre projet.<\/span><\/h4>\n<h4><\/h4>\n<h3><span style=\"color: #25b8ed;\">Contactez-nous.<\/span><br \/>\n<span style=\"color: #25b8ed;\">Depuis 2010, nous avons conseill\u00e9 plus de 500 op\u00e9rations de lev\u00e9e de capitaux pour des entreprises.<\/span><br \/>\n<span style=\"color: #25b8ed;\">Les projets accompagn\u00e9s par Areagest repr\u00e9sentent un investissement de plus de 45 000 000 \u20ac dans plus de 20 secteurs d\u2019activit\u00e9.<\/span><\/h3>\n<aside id=\"kopa_widget_testimonials-4\" class=\"kopa-testimonial-widget amr_widget \">\n            <div class=\"flexslider kopa-testimonial-slider\">\n                <ul class=\"slides\">\n                                            <li class=\"clearfix\">\n                            <div class=\"avatar\">\n                                                                    <img decoding=\"async\" src=\"https:\/\/areagest.com\/wp-content\/uploads\/2014\/09\/interface5-118x108.png\" alt=\"Interface Equipamento e T\u00e9cnica Lda.\">\n                                                            <\/div>\n                            <div class=\"testimonial-content\">\n                                <div class=\"testimonial-content-inside\">\n                                    <p>&#8220;A longevidade de d\u00e9cadas da nossa rela\u00e7\u00e3o com a Areagest deve-se sobretudo \u00e0 confian\u00e7a na marca e nos seus profissionais. Contamos com a Areagest como um parceiro de neg\u00f3cio fi\u00e1vel.&#8221;<\/p>\n<p><span style=\"color: #11a0dc;\"><strong>Manuel Matos Correia\u00a0<\/strong>&#8211; CEO<\/span><\/p>\n                                <\/div>\n                                <span>Interface Equipamento e T\u00e9cnica Lda.<\/span>\n                            <\/div>\n                        <\/li>\n                                            <li class=\"clearfix\">\n                            <div class=\"avatar\">\n                                                                    <img decoding=\"async\" src=\"https:\/\/areagest.com\/wp-content\/uploads\/2014\/08\/lazyflav-118x118.jpg\" alt=\"Lazy Flavours\">\n                                                            <\/div>\n                            <div class=\"testimonial-content\">\n                                <div class=\"testimonial-content-inside\">\n                                    <p>\u201cConheci a Areagest numa das suas muitas a\u00e7\u00f5es informativas sobre financiamento de start-up e apoios ao investimento. Tinha uma ideia de neg\u00f3cio, mas n\u00e3o tinha a certeza como a poderia financiar e se a minha situa\u00e7\u00e3o se enquadrava em algum dos apoios existentes. Com o acompanhamento da Areagest candidatei-me a um dos apoios para cria\u00e7\u00e3o de novas empresas e hoje continuo a trabalhar com esta equipa, que me presta apoio na minha empresa, j\u00e1 criada, ao n\u00edvel de servi\u00e7os de contabilidade e apoio de gest\u00e3o. O facto de serem uma empresa com uma oferta de servi\u00e7os diversificada e capaz de acompanhar os empreendedores e as empresas desde antes da sua cria\u00e7\u00e3o \u00e9 uma enorme mais-valia e transmite a seguran\u00e7a necess\u00e1ria de que tudo \u00e9 feito com qualidade e precis\u00e3o.\u201d<\/p>\n<p><span style=\"color: #11a0dc;\"><strong>Mariana Cardoso\u00a0<\/strong>&#8211; Founding Partner<\/span><\/p>\n                                <\/div>\n                                <span>Lazy Flavours<\/span>\n                            <\/div>\n                        <\/li>\n                                            <li class=\"clearfix\">\n                            <div class=\"avatar\">\n                                                                    <img decoding=\"async\" src=\"https:\/\/areagest.com\/wp-content\/uploads\/2014\/09\/era-arq-118x118.jpg\" alt=\"Era Arqueologia S.A.\">\n                                                            <\/div>\n                            <div class=\"testimonial-content\">\n                                <div class=\"testimonial-content-inside\">\n                                    <p>&#8220;A Areagest adapta-se \u00e0s necessidades da nossa empresa e aos nossos pedidos com facilidade e profissionalismo. J\u00e1 recomendei a Areagest a outras empresas que tamb\u00e9m se tornaram Clientes. Continuarei a recomendar os servi\u00e7os Areagest.&#8221;<\/p>\n<p><span style=\"color: #11a0dc;\"><strong>Luis Nuno\u00a0<\/strong>&#8211; CFO<\/span><\/p>\n                                <\/div>\n                                <span>Era Arqueologia S.A.<\/span>\n                            <\/div>\n                        <\/li>\n                                            <li class=\"clearfix\">\n                            <div class=\"avatar\">\n                                                                    <img decoding=\"async\" src=\"https:\/\/areagest.com\/wp-content\/uploads\/2014\/09\/optivisao-118x118.jpg\" alt=\"Optivis\u00e3o\">\n                                                            <\/div>\n                            <div class=\"testimonial-content\">\n                                <div class=\"testimonial-content-inside\">\n                                    <p>&#8220;Com o apoio dos servi\u00e7os da Areagest, o meu projeto foi aprovado e fiz o investimento que precisava para modernizar a minha empresa. Recomendo os servi\u00e7os Areagest pelo seu profissionalismo e dedica\u00e7\u00e3o ao Cliente.&#8221;<\/p>\n<p><span style=\"color: #11a0dc;\"><strong>Ant\u00f3nio Martins\u00a0<\/strong>&#8211; CEO <\/span><\/p>\n                                <\/div>\n                                <span>Optivis\u00e3o<\/span>\n                            <\/div>\n                        <\/li>\n                                            <li class=\"clearfix\">\n                            <div class=\"avatar\">\n                                                                    <img decoding=\"async\" src=\"https:\/\/areagest.com\/wp-content\/uploads\/2014\/09\/itise-118x118.jpg\" alt=\"Itise &#8211; Equipamentos T\u00e9cnicos de Precis\u00e3o e Cient\u00edficos\">\n                                                            <\/div>\n                            <div class=\"testimonial-content\">\n                                <div class=\"testimonial-content-inside\">\n                                    <p>&#8220;Trabalhamos com a Areagest h\u00e1 mais de 20 anos, em outsourcing. Os servi\u00e7os que nos prestam t\u00eam a qualidade e a proximidade adequadas a uma resposta eficaz \u00e0s nossas necessidades.&#8221;<\/p>\n<p><span style=\"color: #11a0dc;\"><strong>Luis Valente <\/strong>&#8211; CEO<\/span><\/p>\n                                <\/div>\n                                <span>Itise &#8211; Equipamentos T\u00e9cnicos de Precis\u00e3o e Cient\u00edficos<\/span>\n                            <\/div>\n                        <\/li>\n                                    <\/ul><!--slides-->\n            <\/div><!--kopa-testimonial-slider-->\n\n        \n        <\/aside>\n<p>&nbsp;<\/p>\n<p>&nbsp;<\/p>\n","protected":false},"excerpt":{"rendered":"<p>\u00c9valuation d&#8217;Entreprise VOUS SOUHAITEZ CONNA\u00ceTRE LA VALEUR DE VOTRE ENTREPRISE ? \u00ab LA CONNAISSANCE EST UN ACTIF \u00c0 RENTABILIT\u00c9 GARANTIE\u00bb &nbsp; En tant qu\u2019entrepreneur, il est naturel de vouloir savoir combien vaut votre soci\u00e9t\u00e9. Bien souvent, nous attribuons une valeur intuitive qui peut \u00eatre \u00e9loign\u00e9e de la r\u00e9alit\u00e9 financi\u00e8re \u2014 surtout lorsqu\u2019il s\u2019agit de vendre&#8230;<\/p>\n","protected":false},"author":1,"featured_media":0,"parent":938,"menu_order":0,"comment_status":"closed","ping_status":"closed","template":"","meta":{"footnotes":""},"class_list":["post-7971","page","type-page","status-publish","hentry"],"yoast_head":"<!-- This site is optimized with the Yoast SEO plugin v25.3.1 - https:\/\/yoast.com\/wordpress\/plugins\/seo\/ -->\n<title>\u00c9valuation d\u2019Entreprise - Areagest Servi\u00e7os de Gest\u00e3o<\/title>\n<meta name=\"description\" content=\"M&amp;A, \u00c9valuation d\u2019Entreprise, Business Plan\" \/>\n<meta name=\"robots\" content=\"index, follow, max-snippet:-1, max-image-preview:large, max-video-preview:-1\" \/>\n<link rel=\"canonical\" href=\"https:\/\/www.areagest.com\/pt\/fr\/comptabilite-ma-externalisation-financiere-salaires\/evaluation-dentreprise\/\" \/>\n<meta property=\"og:locale\" content=\"pt_PT\" \/>\n<meta property=\"og:type\" content=\"article\" \/>\n<meta property=\"og:title\" content=\"\u00c9valuation d\u2019Entreprise - Areagest Servi\u00e7os de Gest\u00e3o\" \/>\n<meta property=\"og:description\" content=\"M&amp;A, \u00c9valuation d\u2019Entreprise, Business Plan\" \/>\n<meta property=\"og:url\" content=\"https:\/\/www.areagest.com\/pt\/fr\/comptabilite-ma-externalisation-financiere-salaires\/evaluation-dentreprise\/\" \/>\n<meta property=\"og:site_name\" content=\"Areagest Servi\u00e7os de Gest\u00e3o\" \/>\n<meta property=\"article:modified_time\" content=\"2025-09-27T15:37:34+00:00\" \/>\n<meta name=\"twitter:label1\" content=\"Tempo estimado de leitura\" \/>\n\t<meta name=\"twitter:data1\" content=\"1 minuto\" \/>\n<script type=\"application\/ld+json\" class=\"yoast-schema-graph\">{\"@context\":\"https:\/\/schema.org\",\"@graph\":[{\"@type\":\"WebPage\",\"@id\":\"https:\/\/www.areagest.com\/pt\/fr\/comptabilite-ma-externalisation-financiere-salaires\/evaluation-dentreprise\/\",\"url\":\"https:\/\/www.areagest.com\/pt\/fr\/comptabilite-ma-externalisation-financiere-salaires\/evaluation-dentreprise\/\",\"name\":\"\u00c9valuation d\u2019Entreprise - Areagest Servi\u00e7os de Gest\u00e3o\",\"isPartOf\":{\"@id\":\"https:\/\/www.areagest.com\/pt\/#website\"},\"datePublished\":\"2025-09-27T15:16:49+00:00\",\"dateModified\":\"2025-09-27T15:37:34+00:00\",\"description\":\"M&A, \u00c9valuation d\u2019Entreprise, Business Plan\",\"breadcrumb\":{\"@id\":\"https:\/\/www.areagest.com\/pt\/fr\/comptabilite-ma-externalisation-financiere-salaires\/evaluation-dentreprise\/#breadcrumb\"},\"inLanguage\":\"pt-PT\",\"potentialAction\":[{\"@type\":\"ReadAction\",\"target\":[\"https:\/\/www.areagest.com\/pt\/fr\/comptabilite-ma-externalisation-financiere-salaires\/evaluation-dentreprise\/\"]}]},{\"@type\":\"BreadcrumbList\",\"@id\":\"https:\/\/www.areagest.com\/pt\/fr\/comptabilite-ma-externalisation-financiere-salaires\/evaluation-dentreprise\/#breadcrumb\",\"itemListElement\":[{\"@type\":\"ListItem\",\"position\":1,\"name\":\"In\u00edcio\",\"item\":\"https:\/\/www.areagest.com\/pt\/\"},{\"@type\":\"ListItem\",\"position\":2,\"name\":\"Services\",\"item\":\"https:\/\/www.areagest.com\/pt\/comptabilite-ma-externalisation-financiere-salaires\/\"},{\"@type\":\"ListItem\",\"position\":3,\"name\":\"\u00c9valuation d\u2019Entreprise\"}]},{\"@type\":\"WebSite\",\"@id\":\"https:\/\/www.areagest.com\/pt\/#website\",\"url\":\"https:\/\/www.areagest.com\/pt\/\",\"name\":\"Areagest Servi\u00e7os de Gest\u00e3o\",\"description\":\"Compra e Venda de Empresas, Portugal 2030, Assessoria Financeira\",\"potentialAction\":[{\"@type\":\"SearchAction\",\"target\":{\"@type\":\"EntryPoint\",\"urlTemplate\":\"https:\/\/www.areagest.com\/pt\/?s={search_term_string}\"},\"query-input\":{\"@type\":\"PropertyValueSpecification\",\"valueRequired\":true,\"valueName\":\"search_term_string\"}}],\"inLanguage\":\"pt-PT\"}]}<\/script>\n<!-- \/ Yoast SEO plugin. -->","yoast_head_json":{"title":"\u00c9valuation d\u2019Entreprise - Areagest Servi\u00e7os de Gest\u00e3o","description":"M&A, \u00c9valuation d\u2019Entreprise, Business Plan","robots":{"index":"index","follow":"follow","max-snippet":"max-snippet:-1","max-image-preview":"max-image-preview:large","max-video-preview":"max-video-preview:-1"},"canonical":"https:\/\/www.areagest.com\/pt\/fr\/comptabilite-ma-externalisation-financiere-salaires\/evaluation-dentreprise\/","og_locale":"pt_PT","og_type":"article","og_title":"\u00c9valuation d\u2019Entreprise - Areagest Servi\u00e7os de Gest\u00e3o","og_description":"M&A, \u00c9valuation d\u2019Entreprise, Business Plan","og_url":"https:\/\/www.areagest.com\/pt\/fr\/comptabilite-ma-externalisation-financiere-salaires\/evaluation-dentreprise\/","og_site_name":"Areagest Servi\u00e7os de Gest\u00e3o","article_modified_time":"2025-09-27T15:37:34+00:00","twitter_misc":{"Tempo estimado de leitura":"1 minuto"},"schema":{"@context":"https:\/\/schema.org","@graph":[{"@type":"WebPage","@id":"https:\/\/www.areagest.com\/pt\/fr\/comptabilite-ma-externalisation-financiere-salaires\/evaluation-dentreprise\/","url":"https:\/\/www.areagest.com\/pt\/fr\/comptabilite-ma-externalisation-financiere-salaires\/evaluation-dentreprise\/","name":"\u00c9valuation d\u2019Entreprise - Areagest Servi\u00e7os de Gest\u00e3o","isPartOf":{"@id":"https:\/\/www.areagest.com\/pt\/#website"},"datePublished":"2025-09-27T15:16:49+00:00","dateModified":"2025-09-27T15:37:34+00:00","description":"M&A, \u00c9valuation d\u2019Entreprise, Business Plan","breadcrumb":{"@id":"https:\/\/www.areagest.com\/pt\/fr\/comptabilite-ma-externalisation-financiere-salaires\/evaluation-dentreprise\/#breadcrumb"},"inLanguage":"pt-PT","potentialAction":[{"@type":"ReadAction","target":["https:\/\/www.areagest.com\/pt\/fr\/comptabilite-ma-externalisation-financiere-salaires\/evaluation-dentreprise\/"]}]},{"@type":"BreadcrumbList","@id":"https:\/\/www.areagest.com\/pt\/fr\/comptabilite-ma-externalisation-financiere-salaires\/evaluation-dentreprise\/#breadcrumb","itemListElement":[{"@type":"ListItem","position":1,"name":"In\u00edcio","item":"https:\/\/www.areagest.com\/pt\/"},{"@type":"ListItem","position":2,"name":"Services","item":"https:\/\/www.areagest.com\/pt\/comptabilite-ma-externalisation-financiere-salaires\/"},{"@type":"ListItem","position":3,"name":"\u00c9valuation d\u2019Entreprise"}]},{"@type":"WebSite","@id":"https:\/\/www.areagest.com\/pt\/#website","url":"https:\/\/www.areagest.com\/pt\/","name":"Areagest Servi\u00e7os de Gest\u00e3o","description":"Compra e Venda de Empresas, Portugal 2030, Assessoria Financeira","potentialAction":[{"@type":"SearchAction","target":{"@type":"EntryPoint","urlTemplate":"https:\/\/www.areagest.com\/pt\/?s={search_term_string}"},"query-input":{"@type":"PropertyValueSpecification","valueRequired":true,"valueName":"search_term_string"}}],"inLanguage":"pt-PT"}]}},"_links":{"self":[{"href":"https:\/\/www.areagest.com\/pt\/wp-json\/wp\/v2\/pages\/7971","targetHints":{"allow":["GET"]}}],"collection":[{"href":"https:\/\/www.areagest.com\/pt\/wp-json\/wp\/v2\/pages"}],"about":[{"href":"https:\/\/www.areagest.com\/pt\/wp-json\/wp\/v2\/types\/page"}],"author":[{"embeddable":true,"href":"https:\/\/www.areagest.com\/pt\/wp-json\/wp\/v2\/users\/1"}],"replies":[{"embeddable":true,"href":"https:\/\/www.areagest.com\/pt\/wp-json\/wp\/v2\/comments?post=7971"}],"version-history":[{"count":2,"href":"https:\/\/www.areagest.com\/pt\/wp-json\/wp\/v2\/pages\/7971\/revisions"}],"predecessor-version":[{"id":7977,"href":"https:\/\/www.areagest.com\/pt\/wp-json\/wp\/v2\/pages\/7971\/revisions\/7977"}],"up":[{"embeddable":true,"href":"https:\/\/www.areagest.com\/pt\/wp-json\/wp\/v2\/pages\/938"}],"wp:attachment":[{"href":"https:\/\/www.areagest.com\/pt\/wp-json\/wp\/v2\/media?parent=7971"}],"curies":[{"name":"wp","href":"https:\/\/api.w.org\/{rel}","templated":true}]}}