{"id":7932,"date":"2025-08-10T19:50:08","date_gmt":"2025-08-10T18:50:08","guid":{"rendered":"https:\/\/www.areagest.com\/pt\/?page_id=7932"},"modified":"2025-09-27T17:05:40","modified_gmt":"2025-09-27T16:05:40","slug":"assessoria-de-gestao","status":"publish","type":"page","link":"https:\/\/www.areagest.com\/pt\/pt\/servicos\/assessoria-de-gestao\/","title":{"rendered":"Assessoria de Gest\u00e3o"},"content":{"rendered":"<div class=\"kopa-two-third\"><\/p>\n<table>\n<tbody>\n<tr>\n<td>                            <div class=\"squareDemo squareDemo_production shape box maskImg\" id=\"square_production_Outsourcing7383411\" style=\"border-width: 0px; border-color: rgb(0, 0, 0); width: 62px; height: 62px; opacity: 1; background: url(https:\/\/www.areagest.com\/wp-content\/uploads\/2014\/08\/outsourcing_a.png) 0% 0% \/ 100% no-repeat transparent;\">\r\n                                <span class=\"textArea\" style=\"width: 42px; height: 12px; line-height: 0px; font-size: 0px; margin-top: -6px; margin-left: 0px;\"><\/span>\r\n                                <div class=\"squareLitDemo shape inOut swrillOut animated fadeOut\" id=\"square-lit\" style=\"top: 0px; width: 62px; height: 62px; right: 0px; margin-left: 0px; transform: rotate(0deg); background: url(https:\/\/www.areagest.com\/wp-content\/uploads\/2014\/08\/outsourcing_b.png) 0% 0% \/ 100% no-repeat transparent;\" out=\"fadeOut\" in=\"fadeIn\" entrance=\"effect\">\r\n                                    <a class=\"title_2 title_link_out\" href=\"\/pt\/servicos\/outsourcing-financeiro-e-administrativo\/\" target=\"\"><h3 class=\"title\" style=\"font-size: 0px; margin-left: -4px; transform: rotate(0deg); -webkit-transform: rotate(0deg);\"><\/h3><\/a>\r\n                                    <hr class=\"divLit hidden\">\r\n                                    <div class=\"textAreaWrapper\" style=\"padding-right: 14px; transform: rotate(0deg); -webkit-transform: rotate(0deg);\">\r\n                                        <span class=\"textArea\" style=\"width: 42px; height: 12px; line-height: 0px; font-size: 0px;\"><\/span>\r\n                                    <\/div>\r\n                                <\/div>\r\n                            <\/div>\r\n                        <\/td>\n<td>\n<h1><strong>Assessoria de Gest\u00e3o<\/strong><\/h1>\n<\/td>\n<\/tr>\n<\/tbody>\n<\/table>\n<h3 data-start=\"368\" data-end=\"432\">Porqu\u00ea escolher a Areagest como sua assessora de gest\u00e3o?<\/h3>\n<h3 data-start=\"434\" data-end=\"646\">Na Areagest, posicionamo-nos como o parceiro estrat\u00e9gico entre a contabilidade tradicional e a gest\u00e3o operacional da sua empresa. N\u00e3o somos contabilistas, somos a <strong data-start=\"597\" data-end=\"643\">interface que transforma dados em decis\u00f5es informadas<\/strong>.<\/h3>\n<h3 data-start=\"648\" data-end=\"816\">Sabemos que a informa\u00e7\u00e3o financeira por si s\u00f3 n\u00e3o basta \u2014 \u00e9 preciso interpret\u00e1-la, antecipar cen\u00e1rios, e apoiar o gestor com ferramentas que tragam clareza e controlo.<\/h3>\n<h3><strong>\u00a0<\/strong><\/h3>\n<h3 data-start=\"823\" data-end=\"848\">Os nossos servi\u00e7os<\/h3>\n<h4 data-start=\"852\" data-end=\"983\"><span style=\"color: #000000;\"><strong data-start=\"852\" data-end=\"896\">An\u00e1lise e interpreta\u00e7\u00e3o da contabilidade<\/strong><\/span><br data-start=\"896\" data-end=\"899\" \/><span style=\"color: #000000;\">Traduzimos os n\u00fameros contabil\u00edsticos em indicadores claros e \u00fateis para a gest\u00e3o.<\/span><\/h4>\n<h4 data-start=\"987\" data-end=\"1126\"><span style=\"color: #000000;\"><strong data-start=\"987\" data-end=\"1026\">Relat\u00f3rios de gest\u00e3o personalizados<\/strong><\/span><br data-start=\"1026\" data-end=\"1029\" \/><span style=\"color: #000000;\">Desenvolvemos dashboards e relat\u00f3rios adaptados \u00e0 realidade e \u00e0s necessidades do seu neg\u00f3cio.<\/span><\/h4>\n<h4 data-start=\"1130\" data-end=\"1279\"><span style=\"color: #000000;\"><strong data-start=\"1130\" data-end=\"1164\">Previs\u00e3o e controlo or\u00e7amental<\/strong><\/span><br data-start=\"1164\" data-end=\"1167\" \/><span style=\"color: #000000;\">Constru\u00edmos previs\u00f5es financeiras realistas e monitorizamos desvios para manter o seu neg\u00f3cio no rumo certo.<\/span><\/h4>\n<h4 data-start=\"1283\" data-end=\"1439\"><span style=\"color: #000000;\"><strong data-start=\"1283\" data-end=\"1320\">An\u00e1lise de rentabilidade e custos<\/strong><\/span><br data-start=\"1320\" data-end=\"1323\" \/><span style=\"color: #000000;\">Avaliamos margens e custos fixos\/vari\u00e1veis, para identificar oportunidades de melhoria e aumento de resultados.<\/span><\/h4>\n<h4 data-start=\"1443\" data-end=\"1601\"><span style=\"color: #000000;\"><strong data-start=\"1443\" data-end=\"1489\">Suporte na tomada de decis\u00f5es estrat\u00e9gicas<\/strong><\/span><br data-start=\"1489\" data-end=\"1492\" \/><span style=\"color: #000000;\">Auxiliamos na avalia\u00e7\u00e3o de investimentos, expans\u00e3o, reestrutura\u00e7\u00f5es e outros movimentos-chave da empresa.<\/span><\/h4>\n<p>&nbsp;<\/p>\n<h3 data-start=\"1608\" data-end=\"1632\">Como funcionamos?<\/h3>\n<h4 data-start=\"1636\" data-end=\"1724\"><span style=\"color: #000000;\">Trabalhamos integrados com a equipa do contabilista e com a gest\u00e3o interna do cliente.<\/span><\/h4>\n<h4 data-start=\"1727\" data-end=\"1839\"><span style=\"color: #000000;\">Recebemos dados contabil\u00edsticos, interpretamo-los e entregamos informa\u00e7\u00e3o pr\u00e1tica, com periodicidade definida.<\/span><\/h4>\n<h4 data-start=\"1842\" data-end=\"1921\"><span style=\"color: #000000;\">Propomos reuni\u00f5es regulares para discutir resultados, riscos e oportunidades.<\/span><\/h4>\n<h4 data-start=\"1924\" data-end=\"2014\"><span style=\"color: #000000;\">Adaptamos o servi\u00e7o \u00e0 dimens\u00e3o e maturidade da empresa, para um suporte sempre ajustado.<\/span><\/h4>\n<hr data-start=\"2016\" data-end=\"2019\" \/>\n<h3 data-start=\"2021\" data-end=\"2056\">O que diferencia a Areagest?<\/h3>\n<h4 data-start=\"2060\" data-end=\"2107\"><span style=\"color: #000000;\"><strong data-start=\"2060\" data-end=\"2105\">Foco na decis\u00e3o, n\u00e3o apenas na informa\u00e7\u00e3o<\/strong><\/span><\/h4>\n<h4 data-start=\"2110\" data-end=\"2188\"><span style=\"color: #000000;\"><strong data-start=\"2110\" data-end=\"2186\">Experi\u00eancia t\u00e9cnica e pr\u00e1tica na an\u00e1lise financeira e gest\u00e3o empresarial<\/strong><\/span><\/h4>\n<h4 data-start=\"2191\" data-end=\"2236\"><span style=\"color: #000000;\"><strong data-start=\"2191\" data-end=\"2234\">Metodologias personalizadas e flex\u00edveis<\/strong><\/span><\/h4>\n<h4 data-start=\"2239\" data-end=\"2277\"><span style=\"color: #000000;\"><strong data-start=\"2239\" data-end=\"2275\">Suporte pr\u00f3ximo, \u00e1gil e dedicado<\/strong><\/span><\/h4>\n<hr data-start=\"2279\" data-end=\"2282\" \/>\n<h3 data-start=\"2284\" data-end=\"2352\">Est\u00e1 preparado para transformar os seus dados em crescimento?<\/h3>\n<h4 data-start=\"2354\" data-end=\"2511\">Agende uma reuni\u00e3o e descubra como a Assessoria de Gest\u00e3o da Areagest pode ajudar a sua empresa a tomar as melhores decis\u00f5es, de forma sustentada e segura.<\/h4>\n<h3><\/h3>\n<p>&nbsp;<\/p>\n<h4><span style=\"color: #000000;\"><strong>Fale connosco. <\/strong><\/span><\/h4>\n<h4><span style=\"color: #000000;\"><strong>Desde 2010, fomos consultores de +500 processos de obten\u00e7\u00e3o de capital para Empresas. <\/strong><\/span><\/h4>\n<h4><span style=\"color: #000000;\"><strong>Os processos assessorados pela Areagest correspondem a um investimento de\u00a0mais de 45.000.000 eur em mais de 20 setores de atividade.<\/strong><\/span><\/h4>\n<h4><\/h4>\n<p><aside id=\"kopa_widget_testimonials-4\" class=\"kopa-testimonial-widget amr_widget \">\n            <div class=\"flexslider kopa-testimonial-slider\">\n                <ul class=\"slides\">\n                                            <li class=\"clearfix\">\n                            <div class=\"avatar\">\n                                                                    <img decoding=\"async\" src=\"https:\/\/areagest.com\/wp-content\/uploads\/2014\/09\/era-arq-118x118.jpg\" alt=\"Era Arqueologia S.A.\">\n                                                            <\/div>\n                            <div class=\"testimonial-content\">\n                                <div class=\"testimonial-content-inside\">\n                                    <p>&#8220;A Areagest adapta-se \u00e0s necessidades da nossa empresa e aos nossos pedidos com facilidade e profissionalismo. J\u00e1 recomendei a Areagest a outras empresas que tamb\u00e9m se tornaram Clientes. Continuarei a recomendar os servi\u00e7os Areagest.&#8221;<\/p>\n<p><span style=\"color: #11a0dc;\"><strong>Luis Nuno\u00a0<\/strong>&#8211; CFO<\/span><\/p>\n                                <\/div>\n                                <span>Era Arqueologia S.A.<\/span>\n                            <\/div>\n                        <\/li>\n                                            <li class=\"clearfix\">\n                            <div class=\"avatar\">\n                                                                    <img decoding=\"async\" src=\"https:\/\/areagest.com\/wp-content\/uploads\/2014\/09\/interface5-118x108.png\" alt=\"Interface Equipamento e T\u00e9cnica Lda.\">\n                                                            <\/div>\n                            <div class=\"testimonial-content\">\n                                <div class=\"testimonial-content-inside\">\n                                    <p>&#8220;A longevidade de d\u00e9cadas da nossa rela\u00e7\u00e3o com a Areagest deve-se sobretudo \u00e0 confian\u00e7a na marca e nos seus profissionais. Contamos com a Areagest como um parceiro de neg\u00f3cio fi\u00e1vel.&#8221;<\/p>\n<p><span style=\"color: #11a0dc;\"><strong>Manuel Matos Correia\u00a0<\/strong>&#8211; CEO<\/span><\/p>\n                                <\/div>\n                                <span>Interface Equipamento e T\u00e9cnica Lda.<\/span>\n                            <\/div>\n                        <\/li>\n                                            <li class=\"clearfix\">\n                            <div class=\"avatar\">\n                                                                    <img decoding=\"async\" src=\"https:\/\/areagest.com\/wp-content\/uploads\/2014\/08\/lazyflav-118x118.jpg\" alt=\"Lazy Flavours\">\n                                                            <\/div>\n                            <div class=\"testimonial-content\">\n                                <div class=\"testimonial-content-inside\">\n                                    <p>\u201cConheci a Areagest numa das suas muitas a\u00e7\u00f5es informativas sobre financiamento de start-up e apoios ao investimento. Tinha uma ideia de neg\u00f3cio, mas n\u00e3o tinha a certeza como a poderia financiar e se a minha situa\u00e7\u00e3o se enquadrava em algum dos apoios existentes. Com o acompanhamento da Areagest candidatei-me a um dos apoios para cria\u00e7\u00e3o de novas empresas e hoje continuo a trabalhar com esta equipa, que me presta apoio na minha empresa, j\u00e1 criada, ao n\u00edvel de servi\u00e7os de contabilidade e apoio de gest\u00e3o. O facto de serem uma empresa com uma oferta de servi\u00e7os diversificada e capaz de acompanhar os empreendedores e as empresas desde antes da sua cria\u00e7\u00e3o \u00e9 uma enorme mais-valia e transmite a seguran\u00e7a necess\u00e1ria de que tudo \u00e9 feito com qualidade e precis\u00e3o.\u201d<\/p>\n<p><span style=\"color: #11a0dc;\"><strong>Mariana Cardoso\u00a0<\/strong>&#8211; Founding Partner<\/span><\/p>\n                                <\/div>\n                                <span>Lazy Flavours<\/span>\n                            <\/div>\n                        <\/li>\n                                            <li class=\"clearfix\">\n                            <div class=\"avatar\">\n                                                                    <img decoding=\"async\" src=\"https:\/\/areagest.com\/wp-content\/uploads\/2014\/09\/optivisao-118x118.jpg\" alt=\"Optivis\u00e3o\">\n                                                            <\/div>\n                            <div class=\"testimonial-content\">\n                                <div class=\"testimonial-content-inside\">\n                                    <p>&#8220;Com o apoio dos servi\u00e7os da Areagest, o meu projeto foi aprovado e fiz o investimento que precisava para modernizar a minha empresa. Recomendo os servi\u00e7os Areagest pelo seu profissionalismo e dedica\u00e7\u00e3o ao Cliente.&#8221;<\/p>\n<p><span style=\"color: #11a0dc;\"><strong>Ant\u00f3nio Martins\u00a0<\/strong>&#8211; CEO <\/span><\/p>\n                                <\/div>\n                                <span>Optivis\u00e3o<\/span>\n                            <\/div>\n                        <\/li>\n                                            <li class=\"clearfix\">\n                            <div class=\"avatar\">\n                                                                    <img decoding=\"async\" src=\"https:\/\/areagest.com\/wp-content\/uploads\/2014\/09\/itise-118x118.jpg\" alt=\"Itise &#8211; Equipamentos T\u00e9cnicos de Precis\u00e3o e Cient\u00edficos\">\n                                                            <\/div>\n                            <div class=\"testimonial-content\">\n                                <div class=\"testimonial-content-inside\">\n                                    <p>&#8220;Trabalhamos com a Areagest h\u00e1 mais de 20 anos, em outsourcing. Os servi\u00e7os que nos prestam t\u00eam a qualidade e a proximidade adequadas a uma resposta eficaz \u00e0s nossas necessidades.&#8221;<\/p>\n<p><span style=\"color: #11a0dc;\"><strong>Luis Valente <\/strong>&#8211; CEO<\/span><\/p>\n                                <\/div>\n                                <span>Itise &#8211; Equipamentos T\u00e9cnicos de Precis\u00e3o e Cient\u00edficos<\/span>\n                            <\/div>\n                        <\/li>\n                                    <\/ul><!--slides-->\n            <\/div><!--kopa-testimonial-slider-->\n\n        \n        <\/aside><\/p>\n<p><\/div>\n<div class=\"kopa-one-third last\"><\/p>\n<p>\n<div class=\"wpcf7 no-js\" id=\"wpcf7-f7934-o1\" lang=\"pt-PT\" dir=\"ltr\" data-wpcf7-id=\"7934\">\n<div class=\"screen-reader-response\"><p role=\"status\" aria-live=\"polite\" aria-atomic=\"true\"><\/p> <ul><\/ul><\/div>\n<form action=\"\/pt\/wp-json\/wp\/v2\/pages\/7932#wpcf7-f7934-o1\" method=\"post\" class=\"wpcf7-form init\" aria-label=\"Formul\u00e1rio de contacto\" novalidate=\"novalidate\" data-status=\"init\">\n<div style=\"display: none;\">\n<input type=\"hidden\" name=\"_wpcf7\" value=\"7934\" \/>\n<input type=\"hidden\" name=\"_wpcf7_version\" value=\"6.0.6\" \/>\n<input type=\"hidden\" name=\"_wpcf7_locale\" value=\"pt_PT\" \/>\n<input type=\"hidden\" name=\"_wpcf7_unit_tag\" value=\"wpcf7-f7934-o1\" \/>\n<input type=\"hidden\" name=\"_wpcf7_container_post\" value=\"0\" \/>\n<input type=\"hidden\" name=\"_wpcf7_posted_data_hash\" value=\"\" \/>\n<\/div>\n<div style=\"background-color: #f9f9f9; padding: 20px; border: 1px solid #dedede; border-radius: 10px;\">\n\t<h2>\/\/ OFERECEMOS UMA REUNI\u00c3O INICIAL SOBRE ASSESSORIA DE GEST\u00c3O PARA A SUA EMPRESA\n\t<\/h2>\n\t<div class=\"separador\">\n\t\t<div>\n\t\t\t<p>&nbsp;\n\t\t\t<\/p>\n\t\t<\/div>\n\t<\/div>\n\t<div style=\"display: inline-block; width: 220px; margin-right: 20px;\">\n\t\t<p><span style=\"color: #000000;\">Nome<\/span><span style=\"color: #FF0000;\">*<\/span><br \/>\n<span class=\"wpcf7-form-control-wrap\" data-name=\"text-998\"><input size=\"40\" maxlength=\"50\" class=\"wpcf7-form-control wpcf7-text wpcf7-validates-as-required\" aria-required=\"true\" aria-invalid=\"false\" value=\"\" type=\"text\" name=\"text-998\" \/><\/span>\n\t\t<\/p>\n\t<\/div>\n\t<div style=\"display: inline-block; width: 220px;\">\n\t\t<p><span style=\"color: #000000;\">Empresa<\/span><br \/>\n<span class=\"wpcf7-form-control-wrap\" data-name=\"text-563\"><input size=\"40\" maxlength=\"50\" class=\"wpcf7-form-control wpcf7-text\" aria-invalid=\"false\" value=\"\" type=\"text\" name=\"text-563\" \/><\/span>\n\t\t<\/p>\n\t<\/div>\n\t<div style=\"display: inline-block; width: 220px; margin-right: 20px;\">\n\t\t<p><span style=\"color: #000000;\">Email<\/span><span style=\"color: #FF0000;\">*<\/span><br \/>\n<span class=\"wpcf7-form-control-wrap\" data-name=\"email-14\"><input size=\"40\" maxlength=\"50\" class=\"wpcf7-form-control wpcf7-email wpcf7-validates-as-required wpcf7-text wpcf7-validates-as-email\" aria-required=\"true\" aria-invalid=\"false\" value=\"\" type=\"email\" name=\"email-14\" \/><\/span>\n\t\t<\/p>\n\t<\/div>\n\t<div style=\"display: inline-block; width: 220px;\">\n\t\t<p><span style=\"color: #000000;\">Telefone<\/span><span style=\"color: #FF0000;\">*<\/span><br \/>\n<span class=\"wpcf7-form-control-wrap\" data-name=\"tel-482\"><input size=\"40\" maxlength=\"20\" class=\"wpcf7-form-control wpcf7-tel wpcf7-validates-as-required wpcf7-text wpcf7-validates-as-tel\" aria-required=\"true\" aria-invalid=\"false\" value=\"\" type=\"tel\" name=\"tel-482\" \/><\/span>\n\t\t<\/p>\n\t<\/div>\n\t<p><span style=\"color: #000000;\">Informa\u00e7\u00e3o Sobre o neg\u00f3cio<br \/>\n<\/span><br \/>\n<span class=\"wpcf7-form-control-wrap\" data-name=\"textarea-886\"><textarea cols=\"40\" rows=\"2\" maxlength=\"2000\" class=\"wpcf7-form-control wpcf7-textarea\" aria-invalid=\"false\" name=\"textarea-886\"><\/textarea><\/span>\n\t<\/p>\n\t<p><input class=\"wpcf7-form-control wpcf7-submit has-spinner kopa-button blue-button medium-button\" type=\"submit\" value=\"MARCAR REUNI\u00c3O\" \/>\n\t<\/p>\n<\/div><div class=\"wpcf7-response-output\" aria-hidden=\"true\"><\/div>\n<\/form>\n<\/div>\n<\/p>\n<p><\/div><div class=\"clear\"><\/div>\n<p>&nbsp;<\/p>\n","protected":false},"excerpt":{"rendered":"<p>&nbsp;<\/p>\n","protected":false},"author":1,"featured_media":0,"parent":98,"menu_order":0,"comment_status":"closed","ping_status":"closed","template":"","meta":{"footnotes":""},"class_list":["post-7932","page","type-page","status-publish","hentry"],"yoast_head":"<!-- This site is optimized with the Yoast SEO plugin v25.3.1 - https:\/\/yoast.com\/wordpress\/plugins\/seo\/ -->\n<title>Assessoria de Gest\u00e3o - Areagest Servi\u00e7os de Gest\u00e3o<\/title>\n<meta name=\"description\" content=\"Compra e Venda de Neg\u00f3cios, Portugal 2030, Controlo de Gest\u00e3o, Assessoria de Gest\u00e3o, Avalia\u00e7\u00e3o de Neg\u00f3cios\" \/>\n<meta name=\"robots\" content=\"index, follow, max-snippet:-1, max-image-preview:large, max-video-preview:-1\" \/>\n<link rel=\"canonical\" href=\"https:\/\/www.areagest.com\/pt\/pt\/servicos\/assessoria-de-gestao\/\" \/>\n<meta property=\"og:locale\" content=\"pt_PT\" \/>\n<meta property=\"og:type\" content=\"article\" \/>\n<meta property=\"og:title\" content=\"Assessoria de Gest\u00e3o - Areagest Servi\u00e7os de Gest\u00e3o\" \/>\n<meta property=\"og:description\" content=\"Compra e Venda de Neg\u00f3cios, Portugal 2030, Controlo de Gest\u00e3o, Assessoria de Gest\u00e3o, Avalia\u00e7\u00e3o de Neg\u00f3cios\" \/>\n<meta property=\"og:url\" content=\"https:\/\/www.areagest.com\/pt\/pt\/servicos\/assessoria-de-gestao\/\" \/>\n<meta property=\"og:site_name\" content=\"Areagest Servi\u00e7os de Gest\u00e3o\" \/>\n<meta property=\"article:modified_time\" content=\"2025-09-27T16:05:40+00:00\" \/>\n<meta name=\"twitter:label1\" content=\"Tempo estimado de leitura\" \/>\n\t<meta name=\"twitter:data1\" content=\"2 minutos\" \/>\n<script type=\"application\/ld+json\" class=\"yoast-schema-graph\">{\"@context\":\"https:\/\/schema.org\",\"@graph\":[{\"@type\":\"WebPage\",\"@id\":\"https:\/\/www.areagest.com\/pt\/pt\/servicos\/assessoria-de-gestao\/\",\"url\":\"https:\/\/www.areagest.com\/pt\/pt\/servicos\/assessoria-de-gestao\/\",\"name\":\"Assessoria de Gest\u00e3o - Areagest Servi\u00e7os de Gest\u00e3o\",\"isPartOf\":{\"@id\":\"https:\/\/www.areagest.com\/pt\/#website\"},\"datePublished\":\"2025-08-10T18:50:08+00:00\",\"dateModified\":\"2025-09-27T16:05:40+00:00\",\"description\":\"Compra e Venda de Neg\u00f3cios, Portugal 2030, Controlo de Gest\u00e3o, Assessoria de Gest\u00e3o, Avalia\u00e7\u00e3o de Neg\u00f3cios\",\"breadcrumb\":{\"@id\":\"https:\/\/www.areagest.com\/pt\/pt\/servicos\/assessoria-de-gestao\/#breadcrumb\"},\"inLanguage\":\"pt-PT\",\"potentialAction\":[{\"@type\":\"ReadAction\",\"target\":[\"https:\/\/www.areagest.com\/pt\/pt\/servicos\/assessoria-de-gestao\/\"]}]},{\"@type\":\"BreadcrumbList\",\"@id\":\"https:\/\/www.areagest.com\/pt\/pt\/servicos\/assessoria-de-gestao\/#breadcrumb\",\"itemListElement\":[{\"@type\":\"ListItem\",\"position\":1,\"name\":\"In\u00edcio\",\"item\":\"https:\/\/www.areagest.com\/pt\/\"},{\"@type\":\"ListItem\",\"position\":2,\"name\":\"Servi\u00e7os\",\"item\":\"https:\/\/www.areagest.com\/pt\/servicos\/\"},{\"@type\":\"ListItem\",\"position\":3,\"name\":\"Assessoria de Gest\u00e3o\"}]},{\"@type\":\"WebSite\",\"@id\":\"https:\/\/www.areagest.com\/pt\/#website\",\"url\":\"https:\/\/www.areagest.com\/pt\/\",\"name\":\"Areagest Servi\u00e7os de Gest\u00e3o\",\"description\":\"Compra e Venda de Empresas, Portugal 2030, Assessoria Financeira\",\"potentialAction\":[{\"@type\":\"SearchAction\",\"target\":{\"@type\":\"EntryPoint\",\"urlTemplate\":\"https:\/\/www.areagest.com\/pt\/?s={search_term_string}\"},\"query-input\":{\"@type\":\"PropertyValueSpecification\",\"valueRequired\":true,\"valueName\":\"search_term_string\"}}],\"inLanguage\":\"pt-PT\"}]}<\/script>\n<!-- \/ Yoast SEO plugin. -->","yoast_head_json":{"title":"Assessoria de Gest\u00e3o - Areagest Servi\u00e7os de Gest\u00e3o","description":"Compra e Venda de Neg\u00f3cios, Portugal 2030, Controlo de Gest\u00e3o, Assessoria de Gest\u00e3o, Avalia\u00e7\u00e3o de Neg\u00f3cios","robots":{"index":"index","follow":"follow","max-snippet":"max-snippet:-1","max-image-preview":"max-image-preview:large","max-video-preview":"max-video-preview:-1"},"canonical":"https:\/\/www.areagest.com\/pt\/pt\/servicos\/assessoria-de-gestao\/","og_locale":"pt_PT","og_type":"article","og_title":"Assessoria de Gest\u00e3o - Areagest Servi\u00e7os de Gest\u00e3o","og_description":"Compra e Venda de Neg\u00f3cios, Portugal 2030, Controlo de Gest\u00e3o, Assessoria de Gest\u00e3o, Avalia\u00e7\u00e3o de Neg\u00f3cios","og_url":"https:\/\/www.areagest.com\/pt\/pt\/servicos\/assessoria-de-gestao\/","og_site_name":"Areagest Servi\u00e7os de Gest\u00e3o","article_modified_time":"2025-09-27T16:05:40+00:00","twitter_misc":{"Tempo estimado de leitura":"2 minutos"},"schema":{"@context":"https:\/\/schema.org","@graph":[{"@type":"WebPage","@id":"https:\/\/www.areagest.com\/pt\/pt\/servicos\/assessoria-de-gestao\/","url":"https:\/\/www.areagest.com\/pt\/pt\/servicos\/assessoria-de-gestao\/","name":"Assessoria de Gest\u00e3o - Areagest Servi\u00e7os de Gest\u00e3o","isPartOf":{"@id":"https:\/\/www.areagest.com\/pt\/#website"},"datePublished":"2025-08-10T18:50:08+00:00","dateModified":"2025-09-27T16:05:40+00:00","description":"Compra e Venda de Neg\u00f3cios, Portugal 2030, Controlo de Gest\u00e3o, Assessoria de Gest\u00e3o, Avalia\u00e7\u00e3o de Neg\u00f3cios","breadcrumb":{"@id":"https:\/\/www.areagest.com\/pt\/pt\/servicos\/assessoria-de-gestao\/#breadcrumb"},"inLanguage":"pt-PT","potentialAction":[{"@type":"ReadAction","target":["https:\/\/www.areagest.com\/pt\/pt\/servicos\/assessoria-de-gestao\/"]}]},{"@type":"BreadcrumbList","@id":"https:\/\/www.areagest.com\/pt\/pt\/servicos\/assessoria-de-gestao\/#breadcrumb","itemListElement":[{"@type":"ListItem","position":1,"name":"In\u00edcio","item":"https:\/\/www.areagest.com\/pt\/"},{"@type":"ListItem","position":2,"name":"Servi\u00e7os","item":"https:\/\/www.areagest.com\/pt\/servicos\/"},{"@type":"ListItem","position":3,"name":"Assessoria de Gest\u00e3o"}]},{"@type":"WebSite","@id":"https:\/\/www.areagest.com\/pt\/#website","url":"https:\/\/www.areagest.com\/pt\/","name":"Areagest Servi\u00e7os de Gest\u00e3o","description":"Compra e Venda de Empresas, Portugal 2030, Assessoria Financeira","potentialAction":[{"@type":"SearchAction","target":{"@type":"EntryPoint","urlTemplate":"https:\/\/www.areagest.com\/pt\/?s={search_term_string}"},"query-input":{"@type":"PropertyValueSpecification","valueRequired":true,"valueName":"search_term_string"}}],"inLanguage":"pt-PT"}]}},"_links":{"self":[{"href":"https:\/\/www.areagest.com\/pt\/wp-json\/wp\/v2\/pages\/7932","targetHints":{"allow":["GET"]}}],"collection":[{"href":"https:\/\/www.areagest.com\/pt\/wp-json\/wp\/v2\/pages"}],"about":[{"href":"https:\/\/www.areagest.com\/pt\/wp-json\/wp\/v2\/types\/page"}],"author":[{"embeddable":true,"href":"https:\/\/www.areagest.com\/pt\/wp-json\/wp\/v2\/users\/1"}],"replies":[{"embeddable":true,"href":"https:\/\/www.areagest.com\/pt\/wp-json\/wp\/v2\/comments?post=7932"}],"version-history":[{"count":8,"href":"https:\/\/www.areagest.com\/pt\/wp-json\/wp\/v2\/pages\/7932\/revisions"}],"predecessor-version":[{"id":7937,"href":"https:\/\/www.areagest.com\/pt\/wp-json\/wp\/v2\/pages\/7932\/revisions\/7937"}],"up":[{"embeddable":true,"href":"https:\/\/www.areagest.com\/pt\/wp-json\/wp\/v2\/pages\/98"}],"wp:attachment":[{"href":"https:\/\/www.areagest.com\/pt\/wp-json\/wp\/v2\/media?parent=7932"}],"curies":[{"name":"wp","href":"https:\/\/api.w.org\/{rel}","templated":true}]}}