{"id":7880,"date":"2025-06-23T16:50:23","date_gmt":"2025-06-23T15:50:23","guid":{"rendered":"https:\/\/www.areagest.com\/pt\/?page_id=7880"},"modified":"2025-06-23T16:57:23","modified_gmt":"2025-06-23T15:57:23","slug":"contacts-3","status":"publish","type":"page","link":"https:\/\/www.areagest.com\/pt\/fr\/contacts-3\/","title":{"rendered":"Contacts"},"content":{"rendered":"<h2>\/\/ AREAGEST<\/h2>\n<div class=\"separador\"><\/div>\n<h3><span style=\"color: #25b8ed;\">Informations sur nos services:<\/span><\/h3>\n<h3><span style=\"color: #000000;\"><b>T\u00e9l\u00e9phone:<\/b> (+351) 211 607 809<\/span><\/h3>\n<h3><span style=\"color: #25b8ed;\">PORTUGAL | LISBOA<\/span><\/h3>\n<h3><span style=\"color: #000000;\">Polo Tecnol\u00f3gico Lisboa<\/span><\/h3>\n<h3><span style=\"color: #000000;\">Rua Ant\u00f3nio Champalimaud,N\u00ba1.Edif\u00edcio 1 \u2013 CID<\/span><\/h3>\n<h3><span style=\"color: #000000;\">Piso 1<\/span><\/h3>\n<h3><span style=\"color: #000000;\">1600-546 Lisboa (\u00e0 Estrada do Pa\u00e7o Lumiar)<\/span><\/h3>\n<p>&nbsp;<\/p>\n<h3>Informations g\u00e9n\u00e9rales:<\/h3>\n<h4><span style=\"color: #000000;\"><strong>email:\u00a0<\/strong><\/span><a href=\"mailto:areagest@areagest.com\">areagest@areagest.com<\/a><\/h4>\n<ul>\n<li>ADMINISTRATION<\/li>\n<li>SERVICE FINANCIER<\/li>\n<li>SERVICE DES VENTES<\/li>\n<li>SERVICE MARKETING<\/li>\n<li>SERVICE D\u2019ACHAT ET DE VENTE DES ENTREPRISES<\/li>\n<li>SERVICE DE L\u2019EXTERNALISATION FINANCI\u00c8RE, DE LA COMPTABILIT\u00c9 ET DE LA GESTION ADMINISTRATIVE DES RESSOURCES HUMAINES<\/li>\n<\/ul>\n","protected":false},"excerpt":{"rendered":"<p>\/\/ AREAGEST Informations sur nos services: T\u00e9l\u00e9phone: (+351) 211 607 809 PORTUGAL | LISBOA Polo Tecnol\u00f3gico Lisboa Rua Ant\u00f3nio Champalimaud,N\u00ba1.Edif\u00edcio 1 \u2013 CID Piso 1 1600-546 Lisboa (\u00e0 Estrada do Pa\u00e7o Lumiar) &nbsp; Informations g\u00e9n\u00e9rales: email:\u00a0areagest@areagest.com ADMINISTRATION SERVICE FINANCIER SERVICE DES VENTES SERVICE MARKETING SERVICE D\u2019ACHAT ET DE VENTE DES ENTREPRISES SERVICE DE L\u2019EXTERNALISATION FINANCI\u00c8RE,&#8230;<\/p>\n","protected":false},"author":1,"featured_media":0,"parent":0,"menu_order":0,"comment_status":"closed","ping_status":"closed","template":"","meta":{"footnotes":""},"class_list":["post-7880","page","type-page","status-publish","hentry"],"yoast_head":"<!-- This site is optimized with the Yoast SEO plugin v25.3.1 - https:\/\/yoast.com\/wordpress\/plugins\/seo\/ -->\n<title>Contacts - Areagest Servi\u00e7os de Gest\u00e3o<\/title>\n<meta name=\"robots\" content=\"index, follow, max-snippet:-1, max-image-preview:large, max-video-preview:-1\" \/>\n<link rel=\"canonical\" href=\"https:\/\/www.areagest.com\/pt\/fr\/contacts-3\/\" \/>\n<meta property=\"og:locale\" content=\"pt_PT\" \/>\n<meta property=\"og:type\" content=\"article\" \/>\n<meta property=\"og:title\" content=\"Contacts - Areagest Servi\u00e7os de Gest\u00e3o\" \/>\n<meta property=\"og:description\" content=\"\/\/ AREAGEST Informations sur nos services: T\u00e9l\u00e9phone: (+351) 211 607 809 PORTUGAL | LISBOA Polo Tecnol\u00f3gico Lisboa Rua Ant\u00f3nio Champalimaud,N\u00ba1.Edif\u00edcio 1 \u2013 CID Piso 1 1600-546 Lisboa (\u00e0 Estrada do Pa\u00e7o Lumiar) &nbsp; Informations g\u00e9n\u00e9rales: email:\u00a0areagest@areagest.com ADMINISTRATION SERVICE FINANCIER SERVICE DES VENTES SERVICE MARKETING SERVICE D\u2019ACHAT ET DE VENTE DES ENTREPRISES SERVICE DE L\u2019EXTERNALISATION FINANCI\u00c8RE,...\" \/>\n<meta property=\"og:url\" content=\"https:\/\/www.areagest.com\/pt\/fr\/contacts-3\/\" \/>\n<meta property=\"og:site_name\" content=\"Areagest Servi\u00e7os de Gest\u00e3o\" \/>\n<meta property=\"article:modified_time\" content=\"2025-06-23T15:57:23+00:00\" \/>\n<meta name=\"twitter:label1\" content=\"Tempo estimado de leitura\" \/>\n\t<meta name=\"twitter:data1\" content=\"1 minuto\" \/>\n<script type=\"application\/ld+json\" class=\"yoast-schema-graph\">{\"@context\":\"https:\/\/schema.org\",\"@graph\":[{\"@type\":\"WebPage\",\"@id\":\"https:\/\/www.areagest.com\/pt\/fr\/contacts-3\/\",\"url\":\"https:\/\/www.areagest.com\/pt\/fr\/contacts-3\/\",\"name\":\"Contacts - Areagest Servi\u00e7os de Gest\u00e3o\",\"isPartOf\":{\"@id\":\"https:\/\/www.areagest.com\/pt\/#website\"},\"datePublished\":\"2025-06-23T15:50:23+00:00\",\"dateModified\":\"2025-06-23T15:57:23+00:00\",\"breadcrumb\":{\"@id\":\"https:\/\/www.areagest.com\/pt\/fr\/contacts-3\/#breadcrumb\"},\"inLanguage\":\"pt-PT\",\"potentialAction\":[{\"@type\":\"ReadAction\",\"target\":[\"https:\/\/www.areagest.com\/pt\/fr\/contacts-3\/\"]}]},{\"@type\":\"BreadcrumbList\",\"@id\":\"https:\/\/www.areagest.com\/pt\/fr\/contacts-3\/#breadcrumb\",\"itemListElement\":[{\"@type\":\"ListItem\",\"position\":1,\"name\":\"In\u00edcio\",\"item\":\"https:\/\/www.areagest.com\/pt\/\"},{\"@type\":\"ListItem\",\"position\":2,\"name\":\"Contacts\"}]},{\"@type\":\"WebSite\",\"@id\":\"https:\/\/www.areagest.com\/pt\/#website\",\"url\":\"https:\/\/www.areagest.com\/pt\/\",\"name\":\"Areagest Servi\u00e7os de Gest\u00e3o\",\"description\":\"Compra e Venda de Empresas, Portugal 2030, Assessoria Financeira\",\"potentialAction\":[{\"@type\":\"SearchAction\",\"target\":{\"@type\":\"EntryPoint\",\"urlTemplate\":\"https:\/\/www.areagest.com\/pt\/?s={search_term_string}\"},\"query-input\":{\"@type\":\"PropertyValueSpecification\",\"valueRequired\":true,\"valueName\":\"search_term_string\"}}],\"inLanguage\":\"pt-PT\"}]}<\/script>\n<!-- \/ Yoast SEO plugin. -->","yoast_head_json":{"title":"Contacts - Areagest Servi\u00e7os de Gest\u00e3o","robots":{"index":"index","follow":"follow","max-snippet":"max-snippet:-1","max-image-preview":"max-image-preview:large","max-video-preview":"max-video-preview:-1"},"canonical":"https:\/\/www.areagest.com\/pt\/fr\/contacts-3\/","og_locale":"pt_PT","og_type":"article","og_title":"Contacts - Areagest Servi\u00e7os de Gest\u00e3o","og_description":"\/\/ AREAGEST Informations sur nos services: T\u00e9l\u00e9phone: (+351) 211 607 809 PORTUGAL | LISBOA Polo Tecnol\u00f3gico Lisboa Rua Ant\u00f3nio Champalimaud,N\u00ba1.Edif\u00edcio 1 \u2013 CID Piso 1 1600-546 Lisboa (\u00e0 Estrada do Pa\u00e7o Lumiar) &nbsp; Informations g\u00e9n\u00e9rales: email:\u00a0areagest@areagest.com ADMINISTRATION SERVICE FINANCIER SERVICE DES VENTES SERVICE MARKETING SERVICE D\u2019ACHAT ET DE VENTE DES ENTREPRISES SERVICE DE L\u2019EXTERNALISATION FINANCI\u00c8RE,...","og_url":"https:\/\/www.areagest.com\/pt\/fr\/contacts-3\/","og_site_name":"Areagest Servi\u00e7os de Gest\u00e3o","article_modified_time":"2025-06-23T15:57:23+00:00","twitter_misc":{"Tempo estimado de leitura":"1 minuto"},"schema":{"@context":"https:\/\/schema.org","@graph":[{"@type":"WebPage","@id":"https:\/\/www.areagest.com\/pt\/fr\/contacts-3\/","url":"https:\/\/www.areagest.com\/pt\/fr\/contacts-3\/","name":"Contacts - Areagest Servi\u00e7os de Gest\u00e3o","isPartOf":{"@id":"https:\/\/www.areagest.com\/pt\/#website"},"datePublished":"2025-06-23T15:50:23+00:00","dateModified":"2025-06-23T15:57:23+00:00","breadcrumb":{"@id":"https:\/\/www.areagest.com\/pt\/fr\/contacts-3\/#breadcrumb"},"inLanguage":"pt-PT","potentialAction":[{"@type":"ReadAction","target":["https:\/\/www.areagest.com\/pt\/fr\/contacts-3\/"]}]},{"@type":"BreadcrumbList","@id":"https:\/\/www.areagest.com\/pt\/fr\/contacts-3\/#breadcrumb","itemListElement":[{"@type":"ListItem","position":1,"name":"In\u00edcio","item":"https:\/\/www.areagest.com\/pt\/"},{"@type":"ListItem","position":2,"name":"Contacts"}]},{"@type":"WebSite","@id":"https:\/\/www.areagest.com\/pt\/#website","url":"https:\/\/www.areagest.com\/pt\/","name":"Areagest Servi\u00e7os de Gest\u00e3o","description":"Compra e Venda de Empresas, Portugal 2030, Assessoria Financeira","potentialAction":[{"@type":"SearchAction","target":{"@type":"EntryPoint","urlTemplate":"https:\/\/www.areagest.com\/pt\/?s={search_term_string}"},"query-input":{"@type":"PropertyValueSpecification","valueRequired":true,"valueName":"search_term_string"}}],"inLanguage":"pt-PT"}]}},"_links":{"self":[{"href":"https:\/\/www.areagest.com\/pt\/wp-json\/wp\/v2\/pages\/7880","targetHints":{"allow":["GET"]}}],"collection":[{"href":"https:\/\/www.areagest.com\/pt\/wp-json\/wp\/v2\/pages"}],"about":[{"href":"https:\/\/www.areagest.com\/pt\/wp-json\/wp\/v2\/types\/page"}],"author":[{"embeddable":true,"href":"https:\/\/www.areagest.com\/pt\/wp-json\/wp\/v2\/users\/1"}],"replies":[{"embeddable":true,"href":"https:\/\/www.areagest.com\/pt\/wp-json\/wp\/v2\/comments?post=7880"}],"version-history":[{"count":5,"href":"https:\/\/www.areagest.com\/pt\/wp-json\/wp\/v2\/pages\/7880\/revisions"}],"predecessor-version":[{"id":7888,"href":"https:\/\/www.areagest.com\/pt\/wp-json\/wp\/v2\/pages\/7880\/revisions\/7888"}],"wp:attachment":[{"href":"https:\/\/www.areagest.com\/pt\/wp-json\/wp\/v2\/media?parent=7880"}],"curies":[{"name":"wp","href":"https:\/\/api.w.org\/{rel}","templated":true}]}}