{"id":761,"date":"2014-09-24T12:13:15","date_gmt":"2014-09-24T11:13:15","guid":{"rendered":"http:\/\/areagest.com\/?page_id=761"},"modified":"2025-06-10T16:24:33","modified_gmt":"2025-06-10T15:24:33","slug":"conseil-financier","status":"publish","type":"page","link":"https:\/\/www.areagest.com\/pt\/fr\/","title":{"rendered":"Conseil Financier"},"content":{"rendered":"","protected":false},"excerpt":{"rendered":"","protected":false},"author":1,"featured_media":0,"parent":0,"menu_order":0,"comment_status":"closed","ping_status":"closed","template":"","meta":{"footnotes":""},"class_list":["post-761","page","type-page","status-publish","hentry"],"yoast_head":"<!-- This site is optimized with the Yoast SEO plugin v25.3.1 - https:\/\/yoast.com\/wordpress\/plugins\/seo\/ -->\n<title>Comptabilit\u00e9, M&amp;A, Externalisation financi\u00e8re, Salaires<\/title>\n<meta name=\"description\" content=\"Comptabilit\u00e9, M&amp;A externalisation financi\u00e8re, salaires, compre et vente des entreprises, soutien \u00e0 la gestion, conseil financier, finance\" \/>\n<meta name=\"robots\" content=\"index, follow, max-snippet:-1, max-image-preview:large, max-video-preview:-1\" \/>\n<link rel=\"canonical\" href=\"https:\/\/www.areagest.com\/pt\/fr\/\" \/>\n<meta property=\"og:locale\" content=\"pt_PT\" \/>\n<meta property=\"og:type\" content=\"article\" \/>\n<meta property=\"og:title\" content=\"Comptabilit\u00e9, M&amp;A, Externalisation financi\u00e8re, Salaires\" \/>\n<meta property=\"og:description\" content=\"Comptabilit\u00e9, M&amp;A externalisation financi\u00e8re, salaires, compre et vente des entreprises, soutien \u00e0 la gestion, conseil financier, finance\" \/>\n<meta property=\"og:url\" content=\"https:\/\/www.areagest.com\/pt\/fr\/\" \/>\n<meta property=\"og:site_name\" content=\"Areagest Servi\u00e7os de Gest\u00e3o\" \/>\n<meta property=\"article:modified_time\" content=\"2025-06-10T15:24:33+00:00\" \/>\n<script type=\"application\/ld+json\" class=\"yoast-schema-graph\">{\"@context\":\"https:\/\/schema.org\",\"@graph\":[{\"@type\":\"WebPage\",\"@id\":\"https:\/\/www.areagest.com\/pt\/fr\/\",\"url\":\"https:\/\/www.areagest.com\/pt\/fr\/\",\"name\":\"Comptabilit\u00e9, M&A, Externalisation financi\u00e8re, Salaires\",\"isPartOf\":{\"@id\":\"https:\/\/www.areagest.com\/pt\/#website\"},\"datePublished\":\"2014-09-24T11:13:15+00:00\",\"dateModified\":\"2025-06-10T15:24:33+00:00\",\"description\":\"Comptabilit\u00e9, M&A externalisation financi\u00e8re, salaires, compre et vente des entreprises, soutien \u00e0 la gestion, conseil financier, finance\",\"breadcrumb\":{\"@id\":\"https:\/\/www.areagest.com\/pt\/fr\/#breadcrumb\"},\"inLanguage\":\"pt-PT\",\"potentialAction\":[{\"@type\":\"ReadAction\",\"target\":[\"https:\/\/www.areagest.com\/pt\/fr\/\"]}]},{\"@type\":\"BreadcrumbList\",\"@id\":\"https:\/\/www.areagest.com\/pt\/fr\/#breadcrumb\",\"itemListElement\":[{\"@type\":\"ListItem\",\"position\":1,\"name\":\"In\u00edcio\",\"item\":\"https:\/\/www.areagest.com\/pt\/\"},{\"@type\":\"ListItem\",\"position\":2,\"name\":\"Conseil Financier\"}]},{\"@type\":\"WebSite\",\"@id\":\"https:\/\/www.areagest.com\/pt\/#website\",\"url\":\"https:\/\/www.areagest.com\/pt\/\",\"name\":\"Areagest Servi\u00e7os de Gest\u00e3o\",\"description\":\"Compra e Venda de Empresas, Portugal 2030, Assessoria Financeira\",\"potentialAction\":[{\"@type\":\"SearchAction\",\"target\":{\"@type\":\"EntryPoint\",\"urlTemplate\":\"https:\/\/www.areagest.com\/pt\/?s={search_term_string}\"},\"query-input\":{\"@type\":\"PropertyValueSpecification\",\"valueRequired\":true,\"valueName\":\"search_term_string\"}}],\"inLanguage\":\"pt-PT\"}]}<\/script>\n<!-- \/ Yoast SEO plugin. -->","yoast_head_json":{"title":"Comptabilit\u00e9, M&A, Externalisation financi\u00e8re, Salaires","description":"Comptabilit\u00e9, M&A externalisation financi\u00e8re, salaires, compre et vente des entreprises, soutien \u00e0 la gestion, conseil financier, finance","robots":{"index":"index","follow":"follow","max-snippet":"max-snippet:-1","max-image-preview":"max-image-preview:large","max-video-preview":"max-video-preview:-1"},"canonical":"https:\/\/www.areagest.com\/pt\/fr\/","og_locale":"pt_PT","og_type":"article","og_title":"Comptabilit\u00e9, M&A, Externalisation financi\u00e8re, Salaires","og_description":"Comptabilit\u00e9, M&A externalisation financi\u00e8re, salaires, compre et vente des entreprises, soutien \u00e0 la gestion, conseil financier, finance","og_url":"https:\/\/www.areagest.com\/pt\/fr\/","og_site_name":"Areagest Servi\u00e7os de Gest\u00e3o","article_modified_time":"2025-06-10T15:24:33+00:00","schema":{"@context":"https:\/\/schema.org","@graph":[{"@type":"WebPage","@id":"https:\/\/www.areagest.com\/pt\/fr\/","url":"https:\/\/www.areagest.com\/pt\/fr\/","name":"Comptabilit\u00e9, M&A, Externalisation financi\u00e8re, Salaires","isPartOf":{"@id":"https:\/\/www.areagest.com\/pt\/#website"},"datePublished":"2014-09-24T11:13:15+00:00","dateModified":"2025-06-10T15:24:33+00:00","description":"Comptabilit\u00e9, M&A externalisation financi\u00e8re, salaires, compre et vente des entreprises, soutien \u00e0 la gestion, conseil financier, finance","breadcrumb":{"@id":"https:\/\/www.areagest.com\/pt\/fr\/#breadcrumb"},"inLanguage":"pt-PT","potentialAction":[{"@type":"ReadAction","target":["https:\/\/www.areagest.com\/pt\/fr\/"]}]},{"@type":"BreadcrumbList","@id":"https:\/\/www.areagest.com\/pt\/fr\/#breadcrumb","itemListElement":[{"@type":"ListItem","position":1,"name":"In\u00edcio","item":"https:\/\/www.areagest.com\/pt\/"},{"@type":"ListItem","position":2,"name":"Conseil Financier"}]},{"@type":"WebSite","@id":"https:\/\/www.areagest.com\/pt\/#website","url":"https:\/\/www.areagest.com\/pt\/","name":"Areagest Servi\u00e7os de Gest\u00e3o","description":"Compra e Venda de Empresas, Portugal 2030, Assessoria Financeira","potentialAction":[{"@type":"SearchAction","target":{"@type":"EntryPoint","urlTemplate":"https:\/\/www.areagest.com\/pt\/?s={search_term_string}"},"query-input":{"@type":"PropertyValueSpecification","valueRequired":true,"valueName":"search_term_string"}}],"inLanguage":"pt-PT"}]}},"_links":{"self":[{"href":"https:\/\/www.areagest.com\/pt\/wp-json\/wp\/v2\/pages\/761","targetHints":{"allow":["GET"]}}],"collection":[{"href":"https:\/\/www.areagest.com\/pt\/wp-json\/wp\/v2\/pages"}],"about":[{"href":"https:\/\/www.areagest.com\/pt\/wp-json\/wp\/v2\/types\/page"}],"author":[{"embeddable":true,"href":"https:\/\/www.areagest.com\/pt\/wp-json\/wp\/v2\/users\/1"}],"replies":[{"embeddable":true,"href":"https:\/\/www.areagest.com\/pt\/wp-json\/wp\/v2\/comments?post=761"}],"version-history":[{"count":4,"href":"https:\/\/www.areagest.com\/pt\/wp-json\/wp\/v2\/pages\/761\/revisions"}],"predecessor-version":[{"id":7831,"href":"https:\/\/www.areagest.com\/pt\/wp-json\/wp\/v2\/pages\/761\/revisions\/7831"}],"wp:attachment":[{"href":"https:\/\/www.areagest.com\/pt\/wp-json\/wp\/v2\/media?parent=761"}],"curies":[{"name":"wp","href":"https:\/\/api.w.org\/{rel}","templated":true}]}}