{"id":710,"date":"2014-09-16T15:41:11","date_gmt":"2014-09-16T14:41:11","guid":{"rendered":"http:\/\/areagest.com\/?page_id=710"},"modified":"2025-06-10T16:19:14","modified_gmt":"2025-06-10T15:19:14","slug":"asesoria-financiera-lisboa","status":"publish","type":"page","link":"https:\/\/www.areagest.com\/pt\/es\/","title":{"rendered":"Asesoria Financiera Lisboa"},"content":{"rendered":"","protected":false},"excerpt":{"rendered":"","protected":false},"author":1,"featured_media":0,"parent":0,"menu_order":0,"comment_status":"closed","ping_status":"closed","template":"","meta":{"footnotes":""},"class_list":["post-710","page","type-page","status-publish","hentry"],"yoast_head":"<!-- This site is optimized with the Yoast SEO plugin v25.3.1 - https:\/\/yoast.com\/wordpress\/plugins\/seo\/ -->\n<title>Contabilidad, M&amp;A, Gestoria, Nominas<\/title>\n<meta name=\"description\" content=\"Contabilidad, M&amp;A, Nominas, Consultor\u00eda financiera, Finanzas, Gestoria, Compra y Venta de Neg\u00f3cios, Externalizaci\u00f3n Financiera\" \/>\n<meta name=\"robots\" content=\"index, follow, max-snippet:-1, max-image-preview:large, max-video-preview:-1\" \/>\n<link rel=\"canonical\" href=\"https:\/\/www.areagest.com\/pt\/es\/\" \/>\n<meta property=\"og:locale\" content=\"pt_PT\" \/>\n<meta property=\"og:type\" content=\"article\" \/>\n<meta property=\"og:title\" content=\"Contabilidad, M&amp;A, Gestoria, Nominas\" \/>\n<meta property=\"og:description\" content=\"Contabilidad, M&amp;A, Nominas, Consultor\u00eda financiera, Finanzas, Gestoria, Compra y Venta de Neg\u00f3cios, Externalizaci\u00f3n Financiera\" \/>\n<meta property=\"og:url\" content=\"https:\/\/www.areagest.com\/pt\/es\/\" \/>\n<meta property=\"og:site_name\" content=\"Areagest Servi\u00e7os de Gest\u00e3o\" \/>\n<meta property=\"article:modified_time\" content=\"2025-06-10T15:19:14+00:00\" \/>\n<script type=\"application\/ld+json\" class=\"yoast-schema-graph\">{\"@context\":\"https:\/\/schema.org\",\"@graph\":[{\"@type\":\"WebPage\",\"@id\":\"https:\/\/www.areagest.com\/pt\/es\/\",\"url\":\"https:\/\/www.areagest.com\/pt\/es\/\",\"name\":\"Contabilidad, M&A, Gestoria, Nominas\",\"isPartOf\":{\"@id\":\"https:\/\/www.areagest.com\/pt\/#website\"},\"datePublished\":\"2014-09-16T14:41:11+00:00\",\"dateModified\":\"2025-06-10T15:19:14+00:00\",\"description\":\"Contabilidad, M&A, Nominas, Consultor\u00eda financiera, Finanzas, Gestoria, Compra y Venta de Neg\u00f3cios, Externalizaci\u00f3n Financiera\",\"breadcrumb\":{\"@id\":\"https:\/\/www.areagest.com\/pt\/es\/#breadcrumb\"},\"inLanguage\":\"pt-PT\",\"potentialAction\":[{\"@type\":\"ReadAction\",\"target\":[\"https:\/\/www.areagest.com\/pt\/es\/\"]}]},{\"@type\":\"BreadcrumbList\",\"@id\":\"https:\/\/www.areagest.com\/pt\/es\/#breadcrumb\",\"itemListElement\":[{\"@type\":\"ListItem\",\"position\":1,\"name\":\"In\u00edcio\",\"item\":\"https:\/\/www.areagest.com\/pt\/\"},{\"@type\":\"ListItem\",\"position\":2,\"name\":\"Asesoria Financiera Lisboa\"}]},{\"@type\":\"WebSite\",\"@id\":\"https:\/\/www.areagest.com\/pt\/#website\",\"url\":\"https:\/\/www.areagest.com\/pt\/\",\"name\":\"Areagest Servi\u00e7os de Gest\u00e3o\",\"description\":\"Compra e Venda de Empresas, Portugal 2030, Assessoria Financeira\",\"potentialAction\":[{\"@type\":\"SearchAction\",\"target\":{\"@type\":\"EntryPoint\",\"urlTemplate\":\"https:\/\/www.areagest.com\/pt\/?s={search_term_string}\"},\"query-input\":{\"@type\":\"PropertyValueSpecification\",\"valueRequired\":true,\"valueName\":\"search_term_string\"}}],\"inLanguage\":\"pt-PT\"}]}<\/script>\n<!-- \/ Yoast SEO plugin. -->","yoast_head_json":{"title":"Contabilidad, M&A, Gestoria, Nominas","description":"Contabilidad, M&A, Nominas, Consultor\u00eda financiera, Finanzas, Gestoria, Compra y Venta de Neg\u00f3cios, Externalizaci\u00f3n Financiera","robots":{"index":"index","follow":"follow","max-snippet":"max-snippet:-1","max-image-preview":"max-image-preview:large","max-video-preview":"max-video-preview:-1"},"canonical":"https:\/\/www.areagest.com\/pt\/es\/","og_locale":"pt_PT","og_type":"article","og_title":"Contabilidad, M&A, Gestoria, Nominas","og_description":"Contabilidad, M&A, Nominas, Consultor\u00eda financiera, Finanzas, Gestoria, Compra y Venta de Neg\u00f3cios, Externalizaci\u00f3n Financiera","og_url":"https:\/\/www.areagest.com\/pt\/es\/","og_site_name":"Areagest Servi\u00e7os de Gest\u00e3o","article_modified_time":"2025-06-10T15:19:14+00:00","schema":{"@context":"https:\/\/schema.org","@graph":[{"@type":"WebPage","@id":"https:\/\/www.areagest.com\/pt\/es\/","url":"https:\/\/www.areagest.com\/pt\/es\/","name":"Contabilidad, M&A, Gestoria, Nominas","isPartOf":{"@id":"https:\/\/www.areagest.com\/pt\/#website"},"datePublished":"2014-09-16T14:41:11+00:00","dateModified":"2025-06-10T15:19:14+00:00","description":"Contabilidad, M&A, Nominas, Consultor\u00eda financiera, Finanzas, Gestoria, Compra y Venta de Neg\u00f3cios, Externalizaci\u00f3n Financiera","breadcrumb":{"@id":"https:\/\/www.areagest.com\/pt\/es\/#breadcrumb"},"inLanguage":"pt-PT","potentialAction":[{"@type":"ReadAction","target":["https:\/\/www.areagest.com\/pt\/es\/"]}]},{"@type":"BreadcrumbList","@id":"https:\/\/www.areagest.com\/pt\/es\/#breadcrumb","itemListElement":[{"@type":"ListItem","position":1,"name":"In\u00edcio","item":"https:\/\/www.areagest.com\/pt\/"},{"@type":"ListItem","position":2,"name":"Asesoria Financiera Lisboa"}]},{"@type":"WebSite","@id":"https:\/\/www.areagest.com\/pt\/#website","url":"https:\/\/www.areagest.com\/pt\/","name":"Areagest Servi\u00e7os de Gest\u00e3o","description":"Compra e Venda de Empresas, Portugal 2030, Assessoria Financeira","potentialAction":[{"@type":"SearchAction","target":{"@type":"EntryPoint","urlTemplate":"https:\/\/www.areagest.com\/pt\/?s={search_term_string}"},"query-input":{"@type":"PropertyValueSpecification","valueRequired":true,"valueName":"search_term_string"}}],"inLanguage":"pt-PT"}]}},"_links":{"self":[{"href":"https:\/\/www.areagest.com\/pt\/wp-json\/wp\/v2\/pages\/710","targetHints":{"allow":["GET"]}}],"collection":[{"href":"https:\/\/www.areagest.com\/pt\/wp-json\/wp\/v2\/pages"}],"about":[{"href":"https:\/\/www.areagest.com\/pt\/wp-json\/wp\/v2\/types\/page"}],"author":[{"embeddable":true,"href":"https:\/\/www.areagest.com\/pt\/wp-json\/wp\/v2\/users\/1"}],"replies":[{"embeddable":true,"href":"https:\/\/www.areagest.com\/pt\/wp-json\/wp\/v2\/comments?post=710"}],"version-history":[{"count":4,"href":"https:\/\/www.areagest.com\/pt\/wp-json\/wp\/v2\/pages\/710\/revisions"}],"predecessor-version":[{"id":7830,"href":"https:\/\/www.areagest.com\/pt\/wp-json\/wp\/v2\/pages\/710\/revisions\/7830"}],"wp:attachment":[{"href":"https:\/\/www.areagest.com\/pt\/wp-json\/wp\/v2\/media?parent=710"}],"curies":[{"name":"wp","href":"https:\/\/api.w.org\/{rel}","templated":true}]}}