{"id":6370,"date":"2019-02-13T10:02:39","date_gmt":"2019-02-13T10:02:39","guid":{"rendered":"https:\/\/www.areagest.com\/?page_id=6370"},"modified":"2025-06-23T16:45:21","modified_gmt":"2025-06-23T15:45:21","slug":"grace","status":"publish","type":"page","link":"https:\/\/www.areagest.com\/pt\/pt\/grace\/","title":{"rendered":"GRACE"},"content":{"rendered":"<h3>Associados GRACE:<\/h3>\n<h4><span style=\"color: #666666; line-height: 1.5;\"><span id=\"ember2607\" class=\"ember-view\">\u00c9 com orgulho que anunciamos que somos associados da <\/span><span tabindex=\"-1\" data-entity-hovercard-id=\"urn:li:fs_miniProfile:ACoAABnSpg8B5mWfQCxRwSQ67vhrKMS8B0xK2w4\">Associa\u00e7\u00e3<\/span><span tabindex=\"-1\" data-entity-hovercard-id=\"urn:li:fs_miniProfile:ACoAABnSpg8B5mWfQCxRwSQ67vhrKMS8B0xK2w4\">o GRAC<\/span><span tabindex=\"-1\" data-entity-hovercard-id=\"urn:li:fs_miniProfile:ACoAABnSpg8B5mWfQCxRwSQ67vhrKMS8B0xK2w4\">E<\/span><span id=\"ember2615\" class=\"ember-view\"> \u2013 Grupo de Reflex\u00e3o e Apoio \u00e0 Cidadania Empresarial &#8211; \u00e9 uma associa\u00e7\u00e3o pioneira, sem fins lucrativos e exclusivamente dedicada \u00e0 promo\u00e7\u00e3o da Responsabilidade Social Corporativa. O GRACE re\u00fane mais de 150 empresas, das mais variadas dimens\u00f5es e setores de atividade, empenhadas em aprofundar o seu papel no desenvolvimento social das pessoas e das organiza\u00e7\u00f5es, partilhando a miss\u00e3o h\u00e1 muito assumida: refletir, promover e desenvolver a responsabilidade social corporativa em Portugal.\u00a0<\/span><\/span><\/h4>\n<h4><span style=\"color: #666666; line-height: 1.5;\">Saiba\u00a0mais sobre esta associa\u00e7\u00e3o, clicando\u00a0<a href=\"https:\/\/grace.pt\/pt\" target=\"_blank\" rel=\"noopener noreferrer\">AQUI<\/a><\/span><\/h4>\n<p><a href=\"https:\/\/www.areagest.com\/wp-content\/uploads\/2019\/02\/Selo-Grace.jpg\"><img loading=\"lazy\" decoding=\"async\" class=\"alignnone wp-image-6987\" src=\"https:\/\/www.areagest.com\/wp-content\/uploads\/2019\/02\/Selo-Grace.jpg\" alt=\"\" width=\"223\" height=\"219\" srcset=\"https:\/\/areagest.com\/wp-content\/uploads\/2019\/02\/Selo-Grace.jpg 950w, https:\/\/areagest.com\/wp-content\/uploads\/2019\/02\/Selo-Grace-300x295.jpg 300w, https:\/\/areagest.com\/wp-content\/uploads\/2019\/02\/Selo-Grace-768x754.jpg 768w, https:\/\/areagest.com\/wp-content\/uploads\/2019\/02\/Selo-Grace-80x80.jpg 80w\" sizes=\"auto, (max-width: 223px) 100vw, 223px\" \/><\/a><\/p>\n","protected":false},"excerpt":{"rendered":"<p>Associados GRACE: \u00c9 com orgulho que anunciamos que somos associados da Associa\u00e7\u00e3o GRACE \u2013 Grupo de Reflex\u00e3o e Apoio \u00e0 Cidadania Empresarial &#8211; \u00e9 uma associa\u00e7\u00e3o pioneira, sem fins lucrativos e exclusivamente dedicada \u00e0 promo\u00e7\u00e3o da Responsabilidade Social Corporativa. O GRACE re\u00fane mais de 150 empresas, das mais variadas dimens\u00f5es e setores de atividade, empenhadas&#8230;<\/p>\n","protected":false},"author":1,"featured_media":0,"parent":0,"menu_order":0,"comment_status":"closed","ping_status":"closed","template":"","meta":{"footnotes":""},"class_list":["post-6370","page","type-page","status-publish","hentry"],"yoast_head":"<!-- This site is optimized with the Yoast SEO plugin v25.3.1 - https:\/\/yoast.com\/wordpress\/plugins\/seo\/ -->\n<title>GRACE - Areagest Servi\u00e7os de Gest\u00e3o<\/title>\n<meta name=\"robots\" content=\"index, follow, max-snippet:-1, max-image-preview:large, max-video-preview:-1\" \/>\n<link rel=\"canonical\" href=\"https:\/\/www.areagest.com\/pt\/pt\/grace\/\" \/>\n<meta property=\"og:locale\" content=\"pt_PT\" \/>\n<meta property=\"og:type\" content=\"article\" \/>\n<meta property=\"og:title\" content=\"GRACE - Areagest Servi\u00e7os de Gest\u00e3o\" \/>\n<meta property=\"og:description\" content=\"Associados GRACE: \u00c9 com orgulho que anunciamos que somos associados da Associa\u00e7\u00e3o GRACE \u2013 Grupo de Reflex\u00e3o e Apoio \u00e0 Cidadania Empresarial &#8211; \u00e9 uma associa\u00e7\u00e3o pioneira, sem fins lucrativos e exclusivamente dedicada \u00e0 promo\u00e7\u00e3o da Responsabilidade Social Corporativa. O GRACE re\u00fane mais de 150 empresas, das mais variadas dimens\u00f5es e setores de atividade, empenhadas...\" \/>\n<meta property=\"og:url\" content=\"https:\/\/www.areagest.com\/pt\/pt\/grace\/\" \/>\n<meta property=\"og:site_name\" content=\"Areagest Servi\u00e7os de Gest\u00e3o\" \/>\n<meta property=\"article:modified_time\" content=\"2025-06-23T15:45:21+00:00\" \/>\n<meta property=\"og:image\" content=\"https:\/\/areagest.com\/wp-content\/uploads\/2019\/02\/Selo-Grace.jpg\" \/>\n\t<meta property=\"og:image:width\" content=\"950\" \/>\n\t<meta property=\"og:image:height\" content=\"933\" \/>\n\t<meta property=\"og:image:type\" content=\"image\/jpeg\" \/>\n<meta name=\"twitter:label1\" content=\"Tempo estimado de leitura\" \/>\n\t<meta name=\"twitter:data1\" content=\"1 minuto\" \/>\n<script type=\"application\/ld+json\" class=\"yoast-schema-graph\">{\"@context\":\"https:\/\/schema.org\",\"@graph\":[{\"@type\":\"WebPage\",\"@id\":\"https:\/\/www.areagest.com\/pt\/pt\/grace\/\",\"url\":\"https:\/\/www.areagest.com\/pt\/pt\/grace\/\",\"name\":\"GRACE - Areagest Servi\u00e7os de Gest\u00e3o\",\"isPartOf\":{\"@id\":\"https:\/\/www.areagest.com\/pt\/#website\"},\"primaryImageOfPage\":{\"@id\":\"https:\/\/www.areagest.com\/pt\/pt\/grace\/#primaryimage\"},\"image\":{\"@id\":\"https:\/\/www.areagest.com\/pt\/pt\/grace\/#primaryimage\"},\"thumbnailUrl\":\"https:\/\/www.areagest.com\/wp-content\/uploads\/2019\/02\/Selo-Grace.jpg\",\"datePublished\":\"2019-02-13T10:02:39+00:00\",\"dateModified\":\"2025-06-23T15:45:21+00:00\",\"breadcrumb\":{\"@id\":\"https:\/\/www.areagest.com\/pt\/pt\/grace\/#breadcrumb\"},\"inLanguage\":\"pt-PT\",\"potentialAction\":[{\"@type\":\"ReadAction\",\"target\":[\"https:\/\/www.areagest.com\/pt\/pt\/grace\/\"]}]},{\"@type\":\"ImageObject\",\"inLanguage\":\"pt-PT\",\"@id\":\"https:\/\/www.areagest.com\/pt\/pt\/grace\/#primaryimage\",\"url\":\"https:\/\/www.areagest.com\/wp-content\/uploads\/2019\/02\/Selo-Grace.jpg\",\"contentUrl\":\"https:\/\/www.areagest.com\/wp-content\/uploads\/2019\/02\/Selo-Grace.jpg\"},{\"@type\":\"BreadcrumbList\",\"@id\":\"https:\/\/www.areagest.com\/pt\/pt\/grace\/#breadcrumb\",\"itemListElement\":[{\"@type\":\"ListItem\",\"position\":1,\"name\":\"In\u00edcio\",\"item\":\"https:\/\/www.areagest.com\/pt\/\"},{\"@type\":\"ListItem\",\"position\":2,\"name\":\"GRACE\"}]},{\"@type\":\"WebSite\",\"@id\":\"https:\/\/www.areagest.com\/pt\/#website\",\"url\":\"https:\/\/www.areagest.com\/pt\/\",\"name\":\"Areagest Servi\u00e7os de Gest\u00e3o\",\"description\":\"Compra e Venda de Empresas, Portugal 2030, Assessoria Financeira\",\"potentialAction\":[{\"@type\":\"SearchAction\",\"target\":{\"@type\":\"EntryPoint\",\"urlTemplate\":\"https:\/\/www.areagest.com\/pt\/?s={search_term_string}\"},\"query-input\":{\"@type\":\"PropertyValueSpecification\",\"valueRequired\":true,\"valueName\":\"search_term_string\"}}],\"inLanguage\":\"pt-PT\"}]}<\/script>\n<!-- \/ Yoast SEO plugin. -->","yoast_head_json":{"title":"GRACE - Areagest Servi\u00e7os de Gest\u00e3o","robots":{"index":"index","follow":"follow","max-snippet":"max-snippet:-1","max-image-preview":"max-image-preview:large","max-video-preview":"max-video-preview:-1"},"canonical":"https:\/\/www.areagest.com\/pt\/pt\/grace\/","og_locale":"pt_PT","og_type":"article","og_title":"GRACE - Areagest Servi\u00e7os de Gest\u00e3o","og_description":"Associados GRACE: \u00c9 com orgulho que anunciamos que somos associados da Associa\u00e7\u00e3o GRACE \u2013 Grupo de Reflex\u00e3o e Apoio \u00e0 Cidadania Empresarial &#8211; \u00e9 uma associa\u00e7\u00e3o pioneira, sem fins lucrativos e exclusivamente dedicada \u00e0 promo\u00e7\u00e3o da Responsabilidade Social Corporativa. O GRACE re\u00fane mais de 150 empresas, das mais variadas dimens\u00f5es e setores de atividade, empenhadas...","og_url":"https:\/\/www.areagest.com\/pt\/pt\/grace\/","og_site_name":"Areagest Servi\u00e7os de Gest\u00e3o","article_modified_time":"2025-06-23T15:45:21+00:00","og_image":[{"width":950,"height":933,"url":"https:\/\/areagest.com\/wp-content\/uploads\/2019\/02\/Selo-Grace.jpg","type":"image\/jpeg"}],"twitter_misc":{"Tempo estimado de leitura":"1 minuto"},"schema":{"@context":"https:\/\/schema.org","@graph":[{"@type":"WebPage","@id":"https:\/\/www.areagest.com\/pt\/pt\/grace\/","url":"https:\/\/www.areagest.com\/pt\/pt\/grace\/","name":"GRACE - Areagest Servi\u00e7os de Gest\u00e3o","isPartOf":{"@id":"https:\/\/www.areagest.com\/pt\/#website"},"primaryImageOfPage":{"@id":"https:\/\/www.areagest.com\/pt\/pt\/grace\/#primaryimage"},"image":{"@id":"https:\/\/www.areagest.com\/pt\/pt\/grace\/#primaryimage"},"thumbnailUrl":"https:\/\/www.areagest.com\/wp-content\/uploads\/2019\/02\/Selo-Grace.jpg","datePublished":"2019-02-13T10:02:39+00:00","dateModified":"2025-06-23T15:45:21+00:00","breadcrumb":{"@id":"https:\/\/www.areagest.com\/pt\/pt\/grace\/#breadcrumb"},"inLanguage":"pt-PT","potentialAction":[{"@type":"ReadAction","target":["https:\/\/www.areagest.com\/pt\/pt\/grace\/"]}]},{"@type":"ImageObject","inLanguage":"pt-PT","@id":"https:\/\/www.areagest.com\/pt\/pt\/grace\/#primaryimage","url":"https:\/\/www.areagest.com\/wp-content\/uploads\/2019\/02\/Selo-Grace.jpg","contentUrl":"https:\/\/www.areagest.com\/wp-content\/uploads\/2019\/02\/Selo-Grace.jpg"},{"@type":"BreadcrumbList","@id":"https:\/\/www.areagest.com\/pt\/pt\/grace\/#breadcrumb","itemListElement":[{"@type":"ListItem","position":1,"name":"In\u00edcio","item":"https:\/\/www.areagest.com\/pt\/"},{"@type":"ListItem","position":2,"name":"GRACE"}]},{"@type":"WebSite","@id":"https:\/\/www.areagest.com\/pt\/#website","url":"https:\/\/www.areagest.com\/pt\/","name":"Areagest Servi\u00e7os de Gest\u00e3o","description":"Compra e Venda de Empresas, Portugal 2030, Assessoria Financeira","potentialAction":[{"@type":"SearchAction","target":{"@type":"EntryPoint","urlTemplate":"https:\/\/www.areagest.com\/pt\/?s={search_term_string}"},"query-input":{"@type":"PropertyValueSpecification","valueRequired":true,"valueName":"search_term_string"}}],"inLanguage":"pt-PT"}]}},"_links":{"self":[{"href":"https:\/\/www.areagest.com\/pt\/wp-json\/wp\/v2\/pages\/6370","targetHints":{"allow":["GET"]}}],"collection":[{"href":"https:\/\/www.areagest.com\/pt\/wp-json\/wp\/v2\/pages"}],"about":[{"href":"https:\/\/www.areagest.com\/pt\/wp-json\/wp\/v2\/types\/page"}],"author":[{"embeddable":true,"href":"https:\/\/www.areagest.com\/pt\/wp-json\/wp\/v2\/users\/1"}],"replies":[{"embeddable":true,"href":"https:\/\/www.areagest.com\/pt\/wp-json\/wp\/v2\/comments?post=6370"}],"version-history":[{"count":7,"href":"https:\/\/www.areagest.com\/pt\/wp-json\/wp\/v2\/pages\/6370\/revisions"}],"predecessor-version":[{"id":7878,"href":"https:\/\/www.areagest.com\/pt\/wp-json\/wp\/v2\/pages\/6370\/revisions\/7878"}],"wp:attachment":[{"href":"https:\/\/www.areagest.com\/pt\/wp-json\/wp\/v2\/media?parent=6370"}],"curies":[{"name":"wp","href":"https:\/\/api.w.org\/{rel}","templated":true}]}}