{"id":330,"date":"2014-08-21T12:25:35","date_gmt":"2014-08-21T11:25:35","guid":{"rendered":"http:\/\/areagest.com\/?page_id=330"},"modified":"2015-05-21T11:40:37","modified_gmt":"2015-05-21T10:40:37","slug":"customers","status":"publish","type":"page","link":"https:\/\/www.areagest.com\/pt\/en\/customers\/","title":{"rendered":"Clients"},"content":{"rendered":"<h2 style=\"margin-top: 50px;\">\/\/ SOME OF OUR CLIENTS<\/h2>\n<div class=\"clientes_caixa\">\n<table>\n<tbody>\n<tr>\n<td><a href=\"http:\/\/www.remax.pt\/\" target=\"_blank\"><img decoding=\"async\" title=\"REMAX\" src=\"\/wp-content\/uploads\/2014\/09\/cliente_remax.png\" alt=\"Remax\" \/><\/a><\/td>\n<\/tr>\n<\/tbody>\n<\/table>\n<\/div>\n<div class=\"clientes_caixa\">\n<table>\n<tbody>\n<tr>\n<td><a href=\"http:\/\/www.vitaldent.com\/pt\/nossas_clinicas.jsp\" target=\"_blank\"><img decoding=\"async\" title=\"Vitaldent\" src=\"\/wp-content\/uploads\/2014\/09\/cliente_vitaldent.png\" alt=\"Vitaldent\" \/><\/a><\/td>\n<\/tr>\n<\/tbody>\n<\/table>\n<\/div>\n<div class=\"clientes_caixa\">\n<table>\n<tbody>\n<tr>\n<td><a href=\"http:\/\/www.tecmic.pt\/\" target=\"_blank\"><img decoding=\"async\" title=\"Tecmic\" src=\"\/wp-content\/uploads\/2014\/09\/cliente_tecmic.png\" alt=\"Tecmic\" \/><\/a><\/td>\n<\/tr>\n<\/tbody>\n<\/table>\n<\/div>\n<div class=\"clientes_caixa\">\n<table>\n<tbody>\n<tr>\n<td><a href=\"http:\/\/saaranhavasconcelos.pt\/pt-pt\/\" target=\"_blank\"><img decoding=\"async\" title=\"SAARANHA\" src=\"\/wp-content\/uploads\/2015\/05\/SAARANHA-E-VASCONCELOS-e1432132834650.jpg\" alt=\"SAARANHA\" \/><\/a><\/td>\n<\/tr>\n<\/tbody>\n<\/table>\n<\/div>\n<div class=\"clientes_caixa\">\n<table>\n<tbody>\n<tr>\n<td><a href=\"http:\/\/www.pronovias.com\/pt\/\" target=\"_blank\"><img decoding=\"async\" title=\"Pronovias\" src=\"\/wp-content\/uploads\/2014\/09\/Pronovias-Logo1.jpg\" alt=\"Pronovias\" \/><\/a><\/td>\n<\/tr>\n<\/tbody>\n<\/table>\n<\/div>\n<div class=\"clientes_caixa\">\n<table>\n<tbody>\n<tr>\n<td><a href=\"http:\/\/www.fonotel.pt\/pt\/\" target=\"_blank\"><img decoding=\"async\" title=\"Fonotel\" src=\"\/wp-content\/uploads\/2014\/09\/logo1.jpg\" alt=\"Fonotel\" \/><\/a><\/td>\n<\/tr>\n<\/tbody>\n<\/table>\n<\/div>\n<div class=\"clientes_caixa\">\n<table>\n<tbody>\n<tr>\n<td><a href=\"http:\/\/www.avidaportuguesa.com\/\" target=\"_blank\"><img decoding=\"async\" title=\"A Vida Portuguesa\" src=\"\/wp-content\/uploads\/2014\/09\/vidaprt.png\" alt=\"A Vida Portuguesa\" \/><\/a><\/td>\n<\/tr>\n<\/tbody>\n<\/table>\n<\/div>\n<div class=\"clientes_caixa\">\n<table>\n<tbody>\n<tr>\n<td><a href=\"http:\/\/www.scp-sa.es\/\/\" target=\"_blank\"><img decoding=\"async\" title=\"Sintersa\" src=\"\/wp-content\/uploads\/2014\/09\/sintersagif_8551.jpg\" alt=\"Sintersa\" \/><\/a><\/td>\n<\/tr>\n<\/tbody>\n<\/table>\n<\/div>\n<div class=\"clientes_caixa\">\n<table>\n<tbody>\n<tr>\n<td><a href=\"http:\/\/www.truewind-chiron.com\/\" target=\"_blank\"><img decoding=\"async\" title=\"TRUEWIND CHIRON\" src=\"\/wp-content\/uploads\/2015\/05\/TRUEWIND-e1432132917298.jpg\" alt=\"\" \/><\/a><\/td>\n<\/tr>\n<\/tbody>\n<\/table>\n<\/div>\n<div class=\"clientes_caixa\">\n<table>\n<tbody>\n<tr>\n<td><a href=\"http:\/\/www.thyssenkrupp-portugal.com\/\" target=\"_blank\"><img decoding=\"async\" title=\"THYSSENKUPP\" src=\"\/wp-content\/uploads\/2015\/05\/THYSSENKRUPP-e1432132893448.jpg\" alt=\"THYSSENKUPP\" \/><\/a><\/td>\n<\/tr>\n<\/tbody>\n<\/table>\n<\/div>\n<div class=\"clientes_caixa\">\n<table>\n<tbody>\n<tr>\n<td><a href=\"http:\/\/www.securitasdirect.pt\/\" target=\"_blank\"><img decoding=\"async\" title=\"Securitas Direct\" src=\"\/wp-content\/uploads\/2014\/09\/cliente_securitas.png\" alt=\"Securitas Direct\" \/><\/a><\/td>\n<\/tr>\n<\/tbody>\n<\/table>\n<\/div>\n<div class=\"clientes_caixa\">\n<table>\n<tbody>\n<tr>\n<td><a href=\"http:\/\/www.optivisao.pt\" target=\"_blank\"><img decoding=\"async\" title=\"Optivis\u00e3o\" src=\"\/wp-content\/uploads\/2014\/09\/optivisao1.jpg\" alt=\"Optivis\u00e3o\" \/><\/a><\/td>\n<\/tr>\n<\/tbody>\n<\/table>\n<\/div>\n<div class=\"clientes_caixa\">\n<table>\n<tbody>\n<tr>\n<td><a href=\"www.vita-hoteliers.com\" target=\"_blank\"><img decoding=\"async\" title=\"Vita Hoteliers\" src=\"\/wp-content\/uploads\/2014\/09\/Hotel1.jpg\" alt=\"Vita Hoteliers\" \/><\/a><\/td>\n<\/tr>\n<\/tbody>\n<\/table>\n<\/div>\n<div class=\"clientes_caixa\">\n<table>\n<tbody>\n<tr>\n<td><a href=\"http:\/\/www.elmafe.pt\/\" target=\"_blank\"><img decoding=\"async\" title=\"ELMAFE\" src=\"\/wp-content\/uploads\/2015\/05\/ELMAFE-e1432132959836.png\" alt=\"ELMAFE\" \/><\/a><\/td>\n<\/tr>\n<\/tbody>\n<\/table>\n<\/div>\n<div class=\"clientes_caixa\">\n<table>\n<tbody>\n<tr>\n<td><a href=\"http:\/\/www.crmdigital2.eu\/home.htm\" target=\"_blank\"><img decoding=\"async\" title=\"CRM Digital\" src=\"\/wp-content\/uploads\/2014\/09\/crm.png\" alt=\"CRM Digital\" \/><\/a><\/td>\n<\/tr>\n<\/tbody>\n<\/table>\n<\/div>\n<div class=\"clientes_caixa\">\n<table>\n<tbody>\n<tr>\n<td><a href=\"http:\/\/www.meusuper.pt\/\" target=\"_blank\"><img decoding=\"async\" title=\"Meu Super\" src=\"\/wp-content\/uploads\/2014\/09\/Meu_super_2031.jpg\" alt=\"Meu Super\" \/><\/a><\/td>\n<\/tr>\n<\/tbody>\n<\/table>\n<\/div>\n<div class=\"clientes_caixa\">\n<table>\n<tbody>\n<tr>\n<td><a href=\"http:\/\/lunefe.com\" target=\"_blank\"><img decoding=\"async\" title=\"Lunefe\" src=\"\/wp-content\/uploads\/2014\/10\/lunefe.jpg\" alt=\"Lunefe\" \/><\/a><\/td>\n<\/tr>\n<\/tbody>\n<\/table>\n<\/div>\n<div class=\"clientes_caixa\">\n<table>\n<tbody>\n<tr>\n<td><a href=\"http:\/\/www.regidoce.pt\/pt\" target=\"_blank\"><img decoding=\"async\" title=\"REGIDOCE\" src=\"\/wp-content\/uploads\/2015\/05\/REGIDOCE-e1432133850211.png\" alt=\"REGIDOCE\" \/><\/a><\/td>\n<\/tr>\n<\/tbody>\n<\/table>\n<\/div>\n<div class=\"clientes_caixa\">\n<table>\n<tbody>\n<tr>\n<td><a href=\"http:\/\/www.low-cost.com.pt\/\" target=\"_blank\"><img decoding=\"async\" title=\"Low Cost\" src=\"\/wp-content\/uploads\/2014\/09\/cliente_lowcost.png\" alt=\"Low Cost\" \/><\/a><\/td>\n<\/tr>\n<\/tbody>\n<\/table>\n<\/div>\n<div class=\"clientes_caixa\">\n<table>\n<tbody>\n<tr>\n<td><a href=\"https:\/\/www.mrolo.com\/\" target=\"_blank\"><img decoding=\"async\" title=\"M ROLO\" src=\"\/wp-content\/uploads\/2015\/05\/MROLO-e1432132580944.jpg\" alt=\"m rolo\" \/><\/a><\/td>\n<\/tr>\n<\/tbody>\n<\/table>\n<\/div>\n<h2 style=\"margin-top: 50px;\">\/\/\u00a0SOME OF OUR PARTNERS<\/h2>\n<pre id=\"tw-target-text\" class=\"tw-data-text vk_txt tw-ta tw-text-medium\" dir=\"ltr\" data-placeholder=\"Tradu\u00e7\u00e3o\" data-fulltext=\"\"><\/pre>\n<div class=\"separador\"><\/div>\n<div class=\"clientes_caixa\">\n<table>\n<tbody>\n<tr>\n<td><a href=\"http:\/\/www.aerlis.pt\/\" target=\"_blank\"><img decoding=\"async\" title=\"AERLIS\" src=\"\/wp-content\/uploads\/2014\/08\/parceiro_aerlis.png\" alt=\"AERLIS\" \/><\/a><\/td>\n<\/tr>\n<\/tbody>\n<\/table>\n<\/div>\n<div class=\"clientes_caixa\">\n<table>\n<tbody>\n<tr>\n<td><a href=\"http:\/\/www.lispolis.pt\/\" target=\"_blank\"><img decoding=\"async\" title=\"LISPOLIS\" src=\"\/wp-content\/uploads\/2014\/08\/parceiro_lispolis.png\" alt=\"LISPOLIS\" \/><\/a><\/td>\n<\/tr>\n<\/tbody>\n<\/table>\n<\/div>\n<div class=\"clientes_caixa\">\n<table>\n<tbody>\n<tr>\n<td><a href=\"http:\/\/www.ipsroc.pt\/\" target=\"_blank\"><img decoding=\"async\" title=\"Isabel Paiva, Miguel Galv\u00e3o e Associados, SROC\" src=\"\/wp-content\/uploads\/2014\/08\/parceiro_ipmg.png\" alt=\"Isabel Paiva, Miguel Galv\u00e3o e Associados, SROC\" \/><\/a><\/td>\n<\/tr>\n<\/tbody>\n<\/table>\n<\/div>\n<div class=\"clientes_caixa\">\n<table>\n<tbody>\n<tr>\n<td><a href=\"https:\/\/www.cgd.pt\/Pages\/Default.aspx\" target=\"_blank\"><img decoding=\"async\" title=\"Caixa Geral de Dep\u00f3sitos\" src=\"\/wp-content\/uploads\/2014\/08\/parceiro_cgd.png\" alt=\"Caixa Geral de Dep\u00f3sitos\" \/><\/a><\/td>\n<\/tr>\n<\/tbody>\n<\/table>\n<\/div>\n<div class=\"clientes_caixa\">\n<table>\n<tbody>\n<tr>\n<td><a href=\"http:\/\/www.ccilj.pt\" target=\"_blank\"><img decoding=\"async\" title=\"Nerlei\" src=\"\/wp-content\/uploads\/2014\/08\/ccilj_logo-e1431354222895.png\" alt=\"Nerlei\" \/><\/a><\/td>\n<\/tr>\n<\/tbody>\n<\/table>\n<\/div>\n<div class=\"clientes_caixa\">\n<table>\n<tbody>\n<tr>\n<td><a href=\"http:\/\/www.aip.pt\/?lang=pt&amp;page=homepage\/homepage.jsp\" target=\"_blank\"><img decoding=\"async\" title=\"Associa\u00e7\u00e3o Industrial Portuguesa\" src=\"\/wp-content\/uploads\/2014\/08\/parceiro_aip.png\" alt=\"Associa\u00e7\u00e3o Industrial Portuguesa\" \/><\/a><\/td>\n<\/tr>\n<\/tbody>\n<\/table>\n<\/div>\n<div class=\"clientes_caixa\">\n<table>\n<tbody>\n<tr>\n<td><a href=\"http:\/\/www.portugalespanha.org\/\" target=\"_blank\"><img decoding=\"async\" title=\"C\u00e2mara de Com\u00e9rcio e Ind\u00fastria Luso Espanhola\" src=\"\/wp-content\/uploads\/2014\/08\/parceiro_luso_espanhola.png\" alt=\"C\u00e2mara de Com\u00e9rcio e Ind\u00fastria Luso Espanhola\" \/><\/a><\/td>\n<\/tr>\n<\/tbody>\n<\/table>\n<\/div>\n<div class=\"clientes_caixa\">\n<table>\n<tbody>\n<tr>\n<td><a href=\"http:\/\/www.acl.org.pt\/\" target=\"_blank\"><img decoding=\"async\" title=\"Associa\u00e7\u00e3o Comercial de Lisboa\" src=\"\/wp-content\/uploads\/2014\/08\/parceiro_acl.png\" alt=\"Associa\u00e7\u00e3o Comercial de Lisboa\" \/><\/a><\/td>\n<\/tr>\n<\/tbody>\n<\/table>\n<\/div>\n<div class=\"clientes_caixa\">\n<table>\n<tbody>\n<tr>\n<td><a href=\"http:\/\/www.nerc.pt\" target=\"_blank\"><img decoding=\"async\" title=\"NERC\" src=\"\/wp-content\/uploads\/2014\/09\/nerc-logo1.png\" alt=\"NERC\" \/><\/a><\/td>\n<\/tr>\n<\/tbody>\n<\/table>\n<\/div>\n<div class=\"clientes_caixa\">\n<table>\n<tbody>\n<tr>\n<td><img decoding=\"async\" title=\"Saraiva e Sousa, Gomes de Almeida &amp; Associados\" src=\"\/wp-content\/uploads\/2014\/08\/parceiro_saraiva_sousa.png\" alt=\"Saraiva e Sousa, Gomes de Almeida &amp; Associados\" \/><\/td>\n<\/tr>\n<\/tbody>\n<\/table>\n<\/div>\n<div class=\"clientes_caixa\">\n<table>\n<tbody>\n<tr>\n<td><a href=\"http:\/\/www.investlisboa.com\" target=\"_blank\"><img decoding=\"async\" title=\"Invest Lisboa\" src=\"\/wp-content\/uploads\/2014\/09\/logo-316x66-trsp1.png\" alt=\"Invest Lisboa\" \/><\/a><\/td>\n<\/tr>\n<\/tbody>\n<\/table>\n<\/div>\n<div class=\"clientes_caixa\">\n<table>\n<tbody>\n<tr>\n<td><a href=\"http:\/\/jts-sroc.pt\" target=\"_blank\"><img decoding=\"async\" title=\"JTS ,SROC\" src=\"\/wp-content\/uploads\/2014\/09\/logo-para-o-site21.png\" alt=\"JTS ,SROC\" \/><\/a><\/td>\n<\/tr>\n<\/tbody>\n<\/table>\n<\/div>\n<div class=\"clientes_caixa\">\n<table>\n<tbody>\n<tr>\n<td><a href=\"http:\/\/www.espanhaassociados.pt\/\" target=\"_blank\"><img decoding=\"async\" title=\"Espanha &amp; Associados\" src=\"\/wp-content\/uploads\/2014\/08\/parceiro_espanha_associados.png\" alt=\"Espanha &amp; Associados\" \/><\/a><\/td>\n<\/tr>\n<\/tbody>\n<\/table>\n<\/div>\n<div class=\"clientes_caixa\">\n<table>\n<tbody>\n<tr>\n<td><a href=\"http:\/\/www.aicp.pt\" target=\"_blank\"><img decoding=\"async\" title=\"AICP\" src=\"\/wp-content\/uploads\/2014\/09\/aicp1.png\" alt=\"AICP\" \/><\/a><\/td>\n<\/tr>\n<\/tbody>\n<\/table>\n<\/div>\n<div class=\"clientes_caixa\">\n<table>\n<tbody>\n<tr>\n<td><a href=\"http:\/\/www.sgs.pt\" target=\"_blank\"><img decoding=\"async\" title=\"SGS\" src=\"\/wp-content\/uploads\/2014\/10\/sgs.jpg\" alt=\"SGS\" \/><\/a><\/td>\n<\/tr>\n<\/tbody>\n<\/table>\n<\/div>\n<div class=\"clientes_caixa\">\n<table>\n<tbody>\n<tr>\n<td><a href=\"http:\/\/www.anje.pt\" target=\"_blank\"><img decoding=\"async\" title=\"ANJE\" src=\"\/wp-content\/uploads\/2014\/10\/anje.jpg\" alt=\"ANJE\" \/><\/a><\/td>\n<\/tr>\n<\/tbody>\n<\/table>\n<\/div>\n<aside id=\"kopa_widget_text-10\" class=\"kopa_widget_text amr_widget \">        <div class=\"experiencia\">\r\n<div>&nbsp;<\/div>\r\n<table>\r\n<tr>\r\n<td style=\"text-align: left;\"><h2>Experi\u00eancia Internacional<\/h2><\/td>\r\n<td style=\"text-align: right;\"><a href=\"\/pt\/empresa\/\" class=\"kopa-button blue-button small-button\" target=\"_self\">Saiba Mais<\/a><\/td>\r\n<\/tr>\r\n<\/table>\r\n<\/div>        <\/aside>\n","protected":false},"excerpt":{"rendered":"<p>\/\/ SOME OF OUR CLIENTS \/\/\u00a0SOME OF OUR PARTNERS<\/p>\n","protected":false},"author":1,"featured_media":0,"parent":0,"menu_order":0,"comment_status":"closed","ping_status":"closed","template":"","meta":{"footnotes":""},"class_list":["post-330","page","type-page","status-publish","hentry"],"yoast_head":"<!-- This site is optimized with the Yoast SEO plugin v25.3.1 - https:\/\/yoast.com\/wordpress\/plugins\/seo\/ -->\n<title>Clients - Areagest Servi\u00e7os de Gest\u00e3o<\/title>\n<meta name=\"robots\" content=\"index, follow, max-snippet:-1, max-image-preview:large, max-video-preview:-1\" \/>\n<link rel=\"canonical\" href=\"https:\/\/www.areagest.com\/pt\/en\/customers\/\" \/>\n<meta property=\"og:locale\" content=\"pt_PT\" \/>\n<meta property=\"og:type\" content=\"article\" \/>\n<meta property=\"og:title\" content=\"Clients - Areagest Servi\u00e7os de Gest\u00e3o\" \/>\n<meta property=\"og:description\" content=\"\/\/ SOME OF OUR CLIENTS \/\/\u00a0SOME OF OUR PARTNERS\" \/>\n<meta property=\"og:url\" content=\"https:\/\/www.areagest.com\/pt\/en\/customers\/\" \/>\n<meta property=\"og:site_name\" content=\"Areagest Servi\u00e7os de Gest\u00e3o\" \/>\n<meta property=\"article:modified_time\" content=\"2015-05-21T10:40:37+00:00\" \/>\n<script type=\"application\/ld+json\" class=\"yoast-schema-graph\">{\"@context\":\"https:\/\/schema.org\",\"@graph\":[{\"@type\":\"WebPage\",\"@id\":\"https:\/\/www.areagest.com\/pt\/en\/customers\/\",\"url\":\"https:\/\/www.areagest.com\/pt\/en\/customers\/\",\"name\":\"Clients - Areagest Servi\u00e7os de Gest\u00e3o\",\"isPartOf\":{\"@id\":\"https:\/\/www.areagest.com\/pt\/#website\"},\"datePublished\":\"2014-08-21T11:25:35+00:00\",\"dateModified\":\"2015-05-21T10:40:37+00:00\",\"breadcrumb\":{\"@id\":\"https:\/\/www.areagest.com\/pt\/en\/customers\/#breadcrumb\"},\"inLanguage\":\"pt-PT\",\"potentialAction\":[{\"@type\":\"ReadAction\",\"target\":[\"https:\/\/www.areagest.com\/pt\/en\/customers\/\"]}]},{\"@type\":\"BreadcrumbList\",\"@id\":\"https:\/\/www.areagest.com\/pt\/en\/customers\/#breadcrumb\",\"itemListElement\":[{\"@type\":\"ListItem\",\"position\":1,\"name\":\"In\u00edcio\",\"item\":\"https:\/\/www.areagest.com\/pt\/\"},{\"@type\":\"ListItem\",\"position\":2,\"name\":\"Clients\"}]},{\"@type\":\"WebSite\",\"@id\":\"https:\/\/www.areagest.com\/pt\/#website\",\"url\":\"https:\/\/www.areagest.com\/pt\/\",\"name\":\"Areagest Servi\u00e7os de Gest\u00e3o\",\"description\":\"Compra e Venda de Empresas, Portugal 2030, Assessoria Financeira\",\"potentialAction\":[{\"@type\":\"SearchAction\",\"target\":{\"@type\":\"EntryPoint\",\"urlTemplate\":\"https:\/\/www.areagest.com\/pt\/?s={search_term_string}\"},\"query-input\":{\"@type\":\"PropertyValueSpecification\",\"valueRequired\":true,\"valueName\":\"search_term_string\"}}],\"inLanguage\":\"pt-PT\"}]}<\/script>\n<!-- \/ Yoast SEO plugin. -->","yoast_head_json":{"title":"Clients - Areagest Servi\u00e7os de Gest\u00e3o","robots":{"index":"index","follow":"follow","max-snippet":"max-snippet:-1","max-image-preview":"max-image-preview:large","max-video-preview":"max-video-preview:-1"},"canonical":"https:\/\/www.areagest.com\/pt\/en\/customers\/","og_locale":"pt_PT","og_type":"article","og_title":"Clients - Areagest Servi\u00e7os de Gest\u00e3o","og_description":"\/\/ SOME OF OUR CLIENTS \/\/\u00a0SOME OF OUR PARTNERS","og_url":"https:\/\/www.areagest.com\/pt\/en\/customers\/","og_site_name":"Areagest Servi\u00e7os de Gest\u00e3o","article_modified_time":"2015-05-21T10:40:37+00:00","schema":{"@context":"https:\/\/schema.org","@graph":[{"@type":"WebPage","@id":"https:\/\/www.areagest.com\/pt\/en\/customers\/","url":"https:\/\/www.areagest.com\/pt\/en\/customers\/","name":"Clients - Areagest Servi\u00e7os de Gest\u00e3o","isPartOf":{"@id":"https:\/\/www.areagest.com\/pt\/#website"},"datePublished":"2014-08-21T11:25:35+00:00","dateModified":"2015-05-21T10:40:37+00:00","breadcrumb":{"@id":"https:\/\/www.areagest.com\/pt\/en\/customers\/#breadcrumb"},"inLanguage":"pt-PT","potentialAction":[{"@type":"ReadAction","target":["https:\/\/www.areagest.com\/pt\/en\/customers\/"]}]},{"@type":"BreadcrumbList","@id":"https:\/\/www.areagest.com\/pt\/en\/customers\/#breadcrumb","itemListElement":[{"@type":"ListItem","position":1,"name":"In\u00edcio","item":"https:\/\/www.areagest.com\/pt\/"},{"@type":"ListItem","position":2,"name":"Clients"}]},{"@type":"WebSite","@id":"https:\/\/www.areagest.com\/pt\/#website","url":"https:\/\/www.areagest.com\/pt\/","name":"Areagest Servi\u00e7os de Gest\u00e3o","description":"Compra e Venda de Empresas, Portugal 2030, Assessoria Financeira","potentialAction":[{"@type":"SearchAction","target":{"@type":"EntryPoint","urlTemplate":"https:\/\/www.areagest.com\/pt\/?s={search_term_string}"},"query-input":{"@type":"PropertyValueSpecification","valueRequired":true,"valueName":"search_term_string"}}],"inLanguage":"pt-PT"}]}},"_links":{"self":[{"href":"https:\/\/www.areagest.com\/pt\/wp-json\/wp\/v2\/pages\/330","targetHints":{"allow":["GET"]}}],"collection":[{"href":"https:\/\/www.areagest.com\/pt\/wp-json\/wp\/v2\/pages"}],"about":[{"href":"https:\/\/www.areagest.com\/pt\/wp-json\/wp\/v2\/types\/page"}],"author":[{"embeddable":true,"href":"https:\/\/www.areagest.com\/pt\/wp-json\/wp\/v2\/users\/1"}],"replies":[{"embeddable":true,"href":"https:\/\/www.areagest.com\/pt\/wp-json\/wp\/v2\/comments?post=330"}],"version-history":[{"count":7,"href":"https:\/\/www.areagest.com\/pt\/wp-json\/wp\/v2\/pages\/330\/revisions"}],"predecessor-version":[{"id":2615,"href":"https:\/\/www.areagest.com\/pt\/wp-json\/wp\/v2\/pages\/330\/revisions\/2615"}],"wp:attachment":[{"href":"https:\/\/www.areagest.com\/pt\/wp-json\/wp\/v2\/media?parent=330"}],"curies":[{"name":"wp","href":"https:\/\/api.w.org\/{rel}","templated":true}]}}