{"id":3216,"date":"2015-10-21T15:03:00","date_gmt":"2015-10-21T14:03:00","guid":{"rendered":"http:\/\/www.areagest.com\/?page_id=3216"},"modified":"2025-06-10T16:00:41","modified_gmt":"2025-06-10T15:00:41","slug":"operacao-nariz-vermelho","status":"publish","type":"page","link":"https:\/\/www.areagest.com\/pt\/pt\/operacao-nariz-vermelho\/","title":{"rendered":"Opera\u00e7\u00e3o Nariz Vermelho"},"content":{"rendered":"<h3>Parceiro da Alegria:<\/h3>\n<h4><span style=\"color: #666666; line-height: 1.5;\">A Areagest colabora com a <strong>Associa\u00e7\u00e3o Opera\u00e7\u00e3o Nariz Vermelho<\/strong>, para o seu bom funcionamento, atrav\u00e9s da presta\u00e7\u00e3o de bens e servi\u00e7os a longo prazo.<br \/>\n<\/span><\/h4>\n<p><a href=\"http:\/\/www.narizvermelho.pt\/\" target=\"_blank\"><img loading=\"lazy\" decoding=\"async\" class=\"alignnone  wp-image-3218\" src=\"http:\/\/www.areagest.com\/wp-content\/uploads\/2015\/10\/parceiro.jpg\" alt=\"parceiro\" width=\"142\" height=\"140\" srcset=\"https:\/\/areagest.com\/wp-content\/uploads\/2015\/10\/parceiro.jpg 200w, https:\/\/areagest.com\/wp-content\/uploads\/2015\/10\/parceiro-80x80.jpg 80w\" sizes=\"auto, (max-width: 142px) 100vw, 142px\" \/><\/a><\/p>\n<h4><span style=\"color: #666666; line-height: 1.5;\">Saiba\u00a0mais sobre o\u00a0nosso parceiro <strong>Opera\u00e7\u00e3o Nariz Vermelho<\/strong>, clicando <a href=\"http:\/\/www.narizvermelho.pt\/\" target=\"_blank\">AQUI<\/a><br \/>\n<\/span><\/h4>\n<p><a href=\"http:\/\/www.narizvermelho.pt\/\" target=\"_blank\"><img loading=\"lazy\" decoding=\"async\" class=\"alignnone  wp-image-3220\" src=\"http:\/\/www.areagest.com\/wp-content\/uploads\/2015\/10\/nariz-vermelho-e1445434963681.jpg\" alt=\"nariz vermelho\" width=\"199\" height=\"76\" \/><\/a><\/p>\n","protected":false},"excerpt":{"rendered":"<p>Parceiro da Alegria: A Areagest colabora com a Associa\u00e7\u00e3o Opera\u00e7\u00e3o Nariz Vermelho, para o seu bom funcionamento, atrav\u00e9s da presta\u00e7\u00e3o de bens e servi\u00e7os a longo prazo. Saiba\u00a0mais sobre o\u00a0nosso parceiro Opera\u00e7\u00e3o Nariz Vermelho, clicando AQUI<\/p>\n","protected":false},"author":1,"featured_media":0,"parent":0,"menu_order":0,"comment_status":"closed","ping_status":"closed","template":"","meta":{"footnotes":""},"class_list":["post-3216","page","type-page","status-publish","hentry"],"yoast_head":"<!-- This site is optimized with the Yoast SEO plugin v25.3.1 - https:\/\/yoast.com\/wordpress\/plugins\/seo\/ -->\n<title>Opera\u00e7\u00e3o Nariz Vermelho - Areagest Servi\u00e7os de Gest\u00e3o<\/title>\n<meta name=\"robots\" content=\"index, follow, max-snippet:-1, max-image-preview:large, max-video-preview:-1\" \/>\n<link rel=\"canonical\" href=\"https:\/\/www.areagest.com\/pt\/pt\/operacao-nariz-vermelho\/\" \/>\n<meta property=\"og:locale\" content=\"pt_PT\" \/>\n<meta property=\"og:type\" content=\"article\" \/>\n<meta property=\"og:title\" content=\"Opera\u00e7\u00e3o Nariz Vermelho - Areagest Servi\u00e7os de Gest\u00e3o\" \/>\n<meta property=\"og:description\" content=\"Parceiro da Alegria: A Areagest colabora com a Associa\u00e7\u00e3o Opera\u00e7\u00e3o Nariz Vermelho, para o seu bom funcionamento, atrav\u00e9s da presta\u00e7\u00e3o de bens e servi\u00e7os a longo prazo. Saiba\u00a0mais sobre o\u00a0nosso parceiro Opera\u00e7\u00e3o Nariz Vermelho, clicando AQUI\" \/>\n<meta property=\"og:url\" content=\"https:\/\/www.areagest.com\/pt\/pt\/operacao-nariz-vermelho\/\" \/>\n<meta property=\"og:site_name\" content=\"Areagest Servi\u00e7os de Gest\u00e3o\" \/>\n<meta property=\"article:modified_time\" content=\"2025-06-10T15:00:41+00:00\" \/>\n<meta property=\"og:image\" content=\"https:\/\/areagest.com\/wp-content\/uploads\/2015\/10\/parceiro.jpg\" \/>\n\t<meta property=\"og:image:width\" content=\"200\" \/>\n\t<meta property=\"og:image:height\" content=\"198\" \/>\n\t<meta property=\"og:image:type\" content=\"image\/jpeg\" \/>\n<script type=\"application\/ld+json\" class=\"yoast-schema-graph\">{\"@context\":\"https:\/\/schema.org\",\"@graph\":[{\"@type\":\"WebPage\",\"@id\":\"https:\/\/www.areagest.com\/pt\/pt\/operacao-nariz-vermelho\/\",\"url\":\"https:\/\/www.areagest.com\/pt\/pt\/operacao-nariz-vermelho\/\",\"name\":\"Opera\u00e7\u00e3o Nariz Vermelho - Areagest Servi\u00e7os de Gest\u00e3o\",\"isPartOf\":{\"@id\":\"https:\/\/www.areagest.com\/pt\/#website\"},\"primaryImageOfPage\":{\"@id\":\"https:\/\/www.areagest.com\/pt\/pt\/operacao-nariz-vermelho\/#primaryimage\"},\"image\":{\"@id\":\"https:\/\/www.areagest.com\/pt\/pt\/operacao-nariz-vermelho\/#primaryimage\"},\"thumbnailUrl\":\"http:\/\/www.areagest.com\/wp-content\/uploads\/2015\/10\/parceiro.jpg\",\"datePublished\":\"2015-10-21T14:03:00+00:00\",\"dateModified\":\"2025-06-10T15:00:41+00:00\",\"breadcrumb\":{\"@id\":\"https:\/\/www.areagest.com\/pt\/pt\/operacao-nariz-vermelho\/#breadcrumb\"},\"inLanguage\":\"pt-PT\",\"potentialAction\":[{\"@type\":\"ReadAction\",\"target\":[\"https:\/\/www.areagest.com\/pt\/pt\/operacao-nariz-vermelho\/\"]}]},{\"@type\":\"ImageObject\",\"inLanguage\":\"pt-PT\",\"@id\":\"https:\/\/www.areagest.com\/pt\/pt\/operacao-nariz-vermelho\/#primaryimage\",\"url\":\"http:\/\/www.areagest.com\/wp-content\/uploads\/2015\/10\/parceiro.jpg\",\"contentUrl\":\"http:\/\/www.areagest.com\/wp-content\/uploads\/2015\/10\/parceiro.jpg\"},{\"@type\":\"BreadcrumbList\",\"@id\":\"https:\/\/www.areagest.com\/pt\/pt\/operacao-nariz-vermelho\/#breadcrumb\",\"itemListElement\":[{\"@type\":\"ListItem\",\"position\":1,\"name\":\"In\u00edcio\",\"item\":\"https:\/\/www.areagest.com\/pt\/\"},{\"@type\":\"ListItem\",\"position\":2,\"name\":\"Opera\u00e7\u00e3o Nariz Vermelho\"}]},{\"@type\":\"WebSite\",\"@id\":\"https:\/\/www.areagest.com\/pt\/#website\",\"url\":\"https:\/\/www.areagest.com\/pt\/\",\"name\":\"Areagest Servi\u00e7os de Gest\u00e3o\",\"description\":\"Compra e Venda de Empresas, Portugal 2030, Assessoria Financeira\",\"potentialAction\":[{\"@type\":\"SearchAction\",\"target\":{\"@type\":\"EntryPoint\",\"urlTemplate\":\"https:\/\/www.areagest.com\/pt\/?s={search_term_string}\"},\"query-input\":{\"@type\":\"PropertyValueSpecification\",\"valueRequired\":true,\"valueName\":\"search_term_string\"}}],\"inLanguage\":\"pt-PT\"}]}<\/script>\n<!-- \/ Yoast SEO plugin. -->","yoast_head_json":{"title":"Opera\u00e7\u00e3o Nariz Vermelho - Areagest Servi\u00e7os de Gest\u00e3o","robots":{"index":"index","follow":"follow","max-snippet":"max-snippet:-1","max-image-preview":"max-image-preview:large","max-video-preview":"max-video-preview:-1"},"canonical":"https:\/\/www.areagest.com\/pt\/pt\/operacao-nariz-vermelho\/","og_locale":"pt_PT","og_type":"article","og_title":"Opera\u00e7\u00e3o Nariz Vermelho - Areagest Servi\u00e7os de Gest\u00e3o","og_description":"Parceiro da Alegria: A Areagest colabora com a Associa\u00e7\u00e3o Opera\u00e7\u00e3o Nariz Vermelho, para o seu bom funcionamento, atrav\u00e9s da presta\u00e7\u00e3o de bens e servi\u00e7os a longo prazo. Saiba\u00a0mais sobre o\u00a0nosso parceiro Opera\u00e7\u00e3o Nariz Vermelho, clicando AQUI","og_url":"https:\/\/www.areagest.com\/pt\/pt\/operacao-nariz-vermelho\/","og_site_name":"Areagest Servi\u00e7os de Gest\u00e3o","article_modified_time":"2025-06-10T15:00:41+00:00","og_image":[{"width":200,"height":198,"url":"https:\/\/areagest.com\/wp-content\/uploads\/2015\/10\/parceiro.jpg","type":"image\/jpeg"}],"schema":{"@context":"https:\/\/schema.org","@graph":[{"@type":"WebPage","@id":"https:\/\/www.areagest.com\/pt\/pt\/operacao-nariz-vermelho\/","url":"https:\/\/www.areagest.com\/pt\/pt\/operacao-nariz-vermelho\/","name":"Opera\u00e7\u00e3o Nariz Vermelho - Areagest Servi\u00e7os de Gest\u00e3o","isPartOf":{"@id":"https:\/\/www.areagest.com\/pt\/#website"},"primaryImageOfPage":{"@id":"https:\/\/www.areagest.com\/pt\/pt\/operacao-nariz-vermelho\/#primaryimage"},"image":{"@id":"https:\/\/www.areagest.com\/pt\/pt\/operacao-nariz-vermelho\/#primaryimage"},"thumbnailUrl":"http:\/\/www.areagest.com\/wp-content\/uploads\/2015\/10\/parceiro.jpg","datePublished":"2015-10-21T14:03:00+00:00","dateModified":"2025-06-10T15:00:41+00:00","breadcrumb":{"@id":"https:\/\/www.areagest.com\/pt\/pt\/operacao-nariz-vermelho\/#breadcrumb"},"inLanguage":"pt-PT","potentialAction":[{"@type":"ReadAction","target":["https:\/\/www.areagest.com\/pt\/pt\/operacao-nariz-vermelho\/"]}]},{"@type":"ImageObject","inLanguage":"pt-PT","@id":"https:\/\/www.areagest.com\/pt\/pt\/operacao-nariz-vermelho\/#primaryimage","url":"http:\/\/www.areagest.com\/wp-content\/uploads\/2015\/10\/parceiro.jpg","contentUrl":"http:\/\/www.areagest.com\/wp-content\/uploads\/2015\/10\/parceiro.jpg"},{"@type":"BreadcrumbList","@id":"https:\/\/www.areagest.com\/pt\/pt\/operacao-nariz-vermelho\/#breadcrumb","itemListElement":[{"@type":"ListItem","position":1,"name":"In\u00edcio","item":"https:\/\/www.areagest.com\/pt\/"},{"@type":"ListItem","position":2,"name":"Opera\u00e7\u00e3o Nariz Vermelho"}]},{"@type":"WebSite","@id":"https:\/\/www.areagest.com\/pt\/#website","url":"https:\/\/www.areagest.com\/pt\/","name":"Areagest Servi\u00e7os de Gest\u00e3o","description":"Compra e Venda de Empresas, Portugal 2030, Assessoria Financeira","potentialAction":[{"@type":"SearchAction","target":{"@type":"EntryPoint","urlTemplate":"https:\/\/www.areagest.com\/pt\/?s={search_term_string}"},"query-input":{"@type":"PropertyValueSpecification","valueRequired":true,"valueName":"search_term_string"}}],"inLanguage":"pt-PT"}]}},"_links":{"self":[{"href":"https:\/\/www.areagest.com\/pt\/wp-json\/wp\/v2\/pages\/3216","targetHints":{"allow":["GET"]}}],"collection":[{"href":"https:\/\/www.areagest.com\/pt\/wp-json\/wp\/v2\/pages"}],"about":[{"href":"https:\/\/www.areagest.com\/pt\/wp-json\/wp\/v2\/types\/page"}],"author":[{"embeddable":true,"href":"https:\/\/www.areagest.com\/pt\/wp-json\/wp\/v2\/users\/1"}],"replies":[{"embeddable":true,"href":"https:\/\/www.areagest.com\/pt\/wp-json\/wp\/v2\/comments?post=3216"}],"version-history":[{"count":11,"href":"https:\/\/www.areagest.com\/pt\/wp-json\/wp\/v2\/pages\/3216\/revisions"}],"predecessor-version":[{"id":3246,"href":"https:\/\/www.areagest.com\/pt\/wp-json\/wp\/v2\/pages\/3216\/revisions\/3246"}],"wp:attachment":[{"href":"https:\/\/www.areagest.com\/pt\/wp-json\/wp\/v2\/media?parent=3216"}],"curies":[{"name":"wp","href":"https:\/\/api.w.org\/{rel}","templated":true}]}}