{"id":2,"date":"2014-08-04T10:09:26","date_gmt":"2014-08-04T09:09:26","guid":{"rendered":"http:\/\/areagest.com\/?page_id=2"},"modified":"2025-06-10T16:07:19","modified_gmt":"2025-06-10T15:07:19","slug":"consultoria-financeira-lisboa","status":"publish","type":"page","link":"https:\/\/www.areagest.com\/pt\/pt\/","title":{"rendered":"Consultoria Financeira Lisboa"},"content":{"rendered":"","protected":false},"excerpt":{"rendered":"","protected":false},"author":1,"featured_media":0,"parent":0,"menu_order":0,"comment_status":"closed","ping_status":"closed","template":"","meta":{"footnotes":""},"class_list":["post-2","page","type-page","status-publish","hentry"],"yoast_head":"<!-- This site is optimized with the Yoast SEO plugin v25.3.1 - https:\/\/yoast.com\/wordpress\/plugins\/seo\/ -->\n<title>Compra e Venda de Neg\u00f3cios, Contabilidade e Payroll<\/title>\n<meta name=\"description\" content=\"Contabilidade Lisboa, Compra e Venda de Neg\u00f3cios, Outsourcing Financeiro, Payroll, Apoio \u00e0 Gest\u00e3o, Consultoria Financeira\" \/>\n<meta name=\"robots\" content=\"index, follow, max-snippet:-1, max-image-preview:large, max-video-preview:-1\" \/>\n<link rel=\"canonical\" href=\"https:\/\/www.areagest.com\/pt\/pt\/\" \/>\n<meta property=\"og:locale\" content=\"pt_PT\" \/>\n<meta property=\"og:type\" content=\"article\" \/>\n<meta property=\"og:title\" content=\"Compra e Venda de Neg\u00f3cios, Contabilidade e Payroll\" \/>\n<meta property=\"og:description\" content=\"Contabilidade Lisboa, Compra e Venda de Neg\u00f3cios, Outsourcing Financeiro, Payroll, Apoio \u00e0 Gest\u00e3o, Consultoria Financeira\" \/>\n<meta property=\"og:url\" content=\"https:\/\/www.areagest.com\/pt\/pt\/\" \/>\n<meta property=\"og:site_name\" content=\"Areagest Servi\u00e7os de Gest\u00e3o\" \/>\n<meta property=\"article:modified_time\" content=\"2025-06-10T15:07:19+00:00\" \/>\n<script type=\"application\/ld+json\" class=\"yoast-schema-graph\">{\"@context\":\"https:\/\/schema.org\",\"@graph\":[{\"@type\":\"WebPage\",\"@id\":\"https:\/\/www.areagest.com\/pt\/pt\/\",\"url\":\"https:\/\/www.areagest.com\/pt\/pt\/\",\"name\":\"Compra e Venda de Neg\u00f3cios, Contabilidade e Payroll\",\"isPartOf\":{\"@id\":\"https:\/\/www.areagest.com\/pt\/#website\"},\"datePublished\":\"2014-08-04T09:09:26+00:00\",\"dateModified\":\"2025-06-10T15:07:19+00:00\",\"description\":\"Contabilidade Lisboa, Compra e Venda de Neg\u00f3cios, Outsourcing Financeiro, Payroll, Apoio \u00e0 Gest\u00e3o, Consultoria Financeira\",\"breadcrumb\":{\"@id\":\"https:\/\/www.areagest.com\/pt\/pt\/#breadcrumb\"},\"inLanguage\":\"pt-PT\",\"potentialAction\":[{\"@type\":\"ReadAction\",\"target\":[\"https:\/\/www.areagest.com\/pt\/pt\/\"]}]},{\"@type\":\"BreadcrumbList\",\"@id\":\"https:\/\/www.areagest.com\/pt\/pt\/#breadcrumb\",\"itemListElement\":[{\"@type\":\"ListItem\",\"position\":1,\"name\":\"In\u00edcio\",\"item\":\"https:\/\/www.areagest.com\/pt\/\"},{\"@type\":\"ListItem\",\"position\":2,\"name\":\"Consultoria Financeira Lisboa\"}]},{\"@type\":\"WebSite\",\"@id\":\"https:\/\/www.areagest.com\/pt\/#website\",\"url\":\"https:\/\/www.areagest.com\/pt\/\",\"name\":\"Areagest Servi\u00e7os de Gest\u00e3o\",\"description\":\"Compra e Venda de Empresas, Portugal 2030, Assessoria Financeira\",\"potentialAction\":[{\"@type\":\"SearchAction\",\"target\":{\"@type\":\"EntryPoint\",\"urlTemplate\":\"https:\/\/www.areagest.com\/pt\/?s={search_term_string}\"},\"query-input\":{\"@type\":\"PropertyValueSpecification\",\"valueRequired\":true,\"valueName\":\"search_term_string\"}}],\"inLanguage\":\"pt-PT\"}]}<\/script>\n<!-- \/ Yoast SEO plugin. -->","yoast_head_json":{"title":"Compra e Venda de Neg\u00f3cios, Contabilidade e Payroll","description":"Contabilidade Lisboa, Compra e Venda de Neg\u00f3cios, Outsourcing Financeiro, Payroll, Apoio \u00e0 Gest\u00e3o, Consultoria Financeira","robots":{"index":"index","follow":"follow","max-snippet":"max-snippet:-1","max-image-preview":"max-image-preview:large","max-video-preview":"max-video-preview:-1"},"canonical":"https:\/\/www.areagest.com\/pt\/pt\/","og_locale":"pt_PT","og_type":"article","og_title":"Compra e Venda de Neg\u00f3cios, Contabilidade e Payroll","og_description":"Contabilidade Lisboa, Compra e Venda de Neg\u00f3cios, Outsourcing Financeiro, Payroll, Apoio \u00e0 Gest\u00e3o, Consultoria Financeira","og_url":"https:\/\/www.areagest.com\/pt\/pt\/","og_site_name":"Areagest Servi\u00e7os de Gest\u00e3o","article_modified_time":"2025-06-10T15:07:19+00:00","schema":{"@context":"https:\/\/schema.org","@graph":[{"@type":"WebPage","@id":"https:\/\/www.areagest.com\/pt\/pt\/","url":"https:\/\/www.areagest.com\/pt\/pt\/","name":"Compra e Venda de Neg\u00f3cios, Contabilidade e Payroll","isPartOf":{"@id":"https:\/\/www.areagest.com\/pt\/#website"},"datePublished":"2014-08-04T09:09:26+00:00","dateModified":"2025-06-10T15:07:19+00:00","description":"Contabilidade Lisboa, Compra e Venda de Neg\u00f3cios, Outsourcing Financeiro, Payroll, Apoio \u00e0 Gest\u00e3o, Consultoria Financeira","breadcrumb":{"@id":"https:\/\/www.areagest.com\/pt\/pt\/#breadcrumb"},"inLanguage":"pt-PT","potentialAction":[{"@type":"ReadAction","target":["https:\/\/www.areagest.com\/pt\/pt\/"]}]},{"@type":"BreadcrumbList","@id":"https:\/\/www.areagest.com\/pt\/pt\/#breadcrumb","itemListElement":[{"@type":"ListItem","position":1,"name":"In\u00edcio","item":"https:\/\/www.areagest.com\/pt\/"},{"@type":"ListItem","position":2,"name":"Consultoria Financeira Lisboa"}]},{"@type":"WebSite","@id":"https:\/\/www.areagest.com\/pt\/#website","url":"https:\/\/www.areagest.com\/pt\/","name":"Areagest Servi\u00e7os de Gest\u00e3o","description":"Compra e Venda de Empresas, Portugal 2030, Assessoria Financeira","potentialAction":[{"@type":"SearchAction","target":{"@type":"EntryPoint","urlTemplate":"https:\/\/www.areagest.com\/pt\/?s={search_term_string}"},"query-input":{"@type":"PropertyValueSpecification","valueRequired":true,"valueName":"search_term_string"}}],"inLanguage":"pt-PT"}]}},"_links":{"self":[{"href":"https:\/\/www.areagest.com\/pt\/wp-json\/wp\/v2\/pages\/2","targetHints":{"allow":["GET"]}}],"collection":[{"href":"https:\/\/www.areagest.com\/pt\/wp-json\/wp\/v2\/pages"}],"about":[{"href":"https:\/\/www.areagest.com\/pt\/wp-json\/wp\/v2\/types\/page"}],"author":[{"embeddable":true,"href":"https:\/\/www.areagest.com\/pt\/wp-json\/wp\/v2\/users\/1"}],"replies":[{"embeddable":true,"href":"https:\/\/www.areagest.com\/pt\/wp-json\/wp\/v2\/comments?post=2"}],"version-history":[{"count":47,"href":"https:\/\/www.areagest.com\/pt\/wp-json\/wp\/v2\/pages\/2\/revisions"}],"predecessor-version":[{"id":7828,"href":"https:\/\/www.areagest.com\/pt\/wp-json\/wp\/v2\/pages\/2\/revisions\/7828"}],"wp:attachment":[{"href":"https:\/\/www.areagest.com\/pt\/wp-json\/wp\/v2\/media?parent=2"}],"curies":[{"name":"wp","href":"https:\/\/api.w.org\/{rel}","templated":true}]}}