{"id":1807,"date":"2014-12-29T12:34:46","date_gmt":"2014-12-29T12:34:46","guid":{"rendered":"http:\/\/www.areagest.com\/?page_id=1807"},"modified":"2014-12-29T14:48:50","modified_gmt":"2014-12-29T14:48:50","slug":"compra-y-venta-de-negocios","status":"publish","type":"page","link":"https:\/\/www.areagest.com\/pt\/es\/compra-y-venta-de-negocios\/","title":{"rendered":"Compra y Venta de Negocios"},"content":{"rendered":"<div class=\"kopa-two-third\"><\/div>\n<table class=\"subtitle-services\" border=\"0\" cellspacing=\"0\">\n<tbody>\n<tr>\n<td>                            <div class=\"squareDemo squareDemo_production shape box maskImg\" id=\"square_production_C&amp;VfinalESP29071483\" style='background: url(\"https:\/\/www.areagest.com\/wp-content\/uploads\/2014\/12\/icon_compra_venda_negocios.png\") no-repeat left top \/ 100%; border-width: 0px; border-color: rgb(0, 0, 0); width: 62px; height: 62px;'>\r\n                                <span class=\"textArea\" style=\"width: 42px; height: 62px; line-height: 0px; font-size: 0px;\"><\/span>\r\n                                <div class=\"squareLitDemo shape animated fadeOut\" id=\"square-lit\" style='background: url(\"https:\/\/www.areagest.com\/wp-content\/uploads\/2014\/12\/icon_compra_venda_negocios_branco.png\") no-repeat left top \/ 100%; top: 0px; width: 62px; height: 62px; right: 0px; margin-left: 0px; transform: rotate(0deg);' out=\"fadeOut\" in=\"fadeIn\" entrance=\"effect\">\r\n                                    <a class=\"title_2 title_link_out\" href=\"\/es\/compra-y-venta-de-negocios\/\" target=\"\"><h3 class=\"title\" style=\"font-size: 0px; transform: rotate(0deg);\"><\/h3><\/a>\r\n                                    <hr class=\"divLit\">\r\n                                    <div class=\"textAreaWrapper\" style=\"padding-right: 14px; transform: rotate(0deg);\">\r\n                                        <span class=\"textArea\" style=\"width: 42px; height: 62px; line-height: 0px; font-size: 0px;\">                              <\/span>\r\n                                    <\/div>\r\n                                <\/div>\r\n                            <\/div>\r\n                        <\/td>\n<td valign=\"center\">\n<h1>Compra y Venta de Negocios<\/h1>\n<\/td>\n<\/tr>\n<\/tbody>\n<\/table>\n<h4><span style=\"color: #666666;\">Conozca nuestra metodolog\u00eda para encontrar las mejores ofertas para Usted<\/span><\/h4>\n<h4><span style=\"color: #666666;\"><strong>\u00a0<\/strong><\/span><\/h4>\n<h4><strong><span style=\"color: #666666;\">* diagn\u00f3stico previo de compra o venta y de la posici\u00f3n en el sector de actividad<\/span><\/strong><\/h4>\n<h4><strong><span style=\"color: #666666;\">*\u00a0propuestas para ampliar el potencial de la compa\u00f1\u00eda antes de la transacci\u00f3n<\/span><\/strong><\/h4>\n<h4><strong><span style=\"color: #666666;\">* creaci\u00f3n de archivo de negocio con todos los datos para una correcta valoraci\u00f3n del negocio<\/span><\/strong><\/h4>\n<h4><span style=\"color: #666666;\"><strong>\u00a0<\/strong><\/span><\/h4>\n<h4><span style=\"color: #666666;\">Garantizamos la confidencialidad y una soluci\u00f3n de an\u00e1lisis integrado para su negocio o inversi\u00f3n. <\/span><\/h4>\n<h4><span style=\"color: #666666;\">No somos simplemente intermediarios de compra y venta de negocios o empresas.<\/span><\/h4>\n<h4><span style=\"color: #666666;\">Ofrecemos el plano estrat\u00e9gico de una soluci\u00f3n competitiva a largo plazo.<\/span><\/h4>\n<h4><span style=\"color: #666666;\"><strong>\u00a0<\/strong><\/span><\/h4>\n<h4><strong>* Compra y Venta de Negocios<\/strong><\/h4>\n<h4><strong>*\u00a0Clasificaci\u00f3n y Proyectos de Inversi\u00f3n<\/strong><\/h4>\n<h4><strong>* Expansi\u00f3n e internacionalizaci\u00f3n del capital<\/strong><\/h4>\n<h4><strong>\u00a0* Reorganizaci\u00f3n corporativa<\/strong><\/h4>\n<h4><strong>\u00a0<\/strong><\/h4>\n<h4><strong>Para que podamos dar el primer paso juntos, por favor p\u00f3ngase en contacto con nosotros: negocios@areagest.com<\/strong><\/h4>\n<div style=\"margin: 30px 0px 20px; padding: 10px; color: #ffffff; font-size: 20px; background-color: #11a0dc;\">Otros Servicios Disponibles<\/div>\n<div class=\"row-fluid\">\n<div class=\"span1\">                            <div class=\"squareDemo squareDemo_production shape box maskImg\" id=\"square_production_Incentivos_ENG8824624\" style='background: url(\"https:\/\/www.areagest.com\/wp-content\/uploads\/2014\/08\/financeiros_a.png\") no-repeat 0% 0% \/ 100%; border-width: 0px; border-color: rgb(0, 0, 0); width: 62px; height: 62px; opacity: 1;'>\r\n                                <span class=\"textArea\" style=\"width: 42px; height: 12px; line-height: 0px; font-size: 0px; margin-top: -6px; margin-left: 0px;\"><\/span>\r\n                                <div class=\"squareLitDemo shape inOut swrillOut animated fadeOut\" id=\"square-lit\" style='background: url(\"https:\/\/www.areagest.com\/wp-content\/uploads\/2014\/08\/financeiros_b.png\") no-repeat 0% 0% \/ 100%; top: 0px; width: 62px; height: 62px; right: 0px; margin-left: 0px; transform: rotate(0deg);' entrance=\"effect\" in=\"fadeIn\" out=\"fadeOut\">\r\n                                    <a class=\"title_2 title_link_out\" href=\"en\/services\/financial-tax-incentives\/\" target=\"\"><h3 class=\"title\" style=\"font-size: 0px; margin-left: -4px; transform: rotate(0deg); -webkit-transform: rotate(0deg);\"><\/h3><\/a>\r\n                                    <hr class=\"divLit hidden\">\r\n                                    <div class=\"textAreaWrapper\" style=\"padding-right: 14px; transform: rotate(0deg); -webkit-transform: rotate(0deg);\">\r\n                                        <span class=\"textArea\" style=\"width: 42px; height: 12px; line-height: 0px; font-size: 0px;\"><\/span>\r\n                                    <\/div>\r\n                                <\/div>\r\n                            <\/div>\r\n                        <\/div>\n<div class=\"span3 pull-left\" style=\"color: #000000; font-size: 18px;\">Incentivos Financieros y Fiscales<\/div>\n<div class=\"span1\">                            <div class=\"squareDemo squareDemo_production shape box maskImg\" id=\"square_production_RH_CTB_ENG6688837\" style='background: url(\"https:\/\/www.areagest.com\/wp-content\/uploads\/2014\/08\/rh_a.png\") no-repeat 0% 0% \/ 100%; border-width: 0px; border-color: rgb(0, 0, 0); width: 62px; height: 62px; opacity: 1;'>\r\n                                <span class=\"textArea\" style=\"width: 42px; height: 12px; line-height: 0px; font-size: 0px; margin-top: -6px; margin-left: 0px;\"><\/span>\r\n                                <div class=\"squareLitDemo shape inOut swrillOut animated fadeOut\" id=\"square-lit\" style='background: url(\"https:\/\/www.areagest.com\/wp-content\/uploads\/2014\/08\/rh_b.png\") no-repeat 0% 0% \/ 100%; top: 0px; width: 62px; height: 62px; right: 0px; margin-left: 0px; transform: rotate(0deg);' entrance=\"effect\" in=\"fadeIn\" out=\"fadeOut\">\r\n                                    <a class=\"title_2 title_link_out\" href=\"\/en\/services\/hr-management-accounting\/\" target=\"\"><h3 class=\"title\" style=\"font-size: 0px; margin-left: -4px; transform: rotate(0deg); -webkit-transform: rotate(0deg);\"><\/h3><\/a>\r\n                                    <hr class=\"divLit hidden\">\r\n                                    <div class=\"textAreaWrapper\" style=\"padding-right: 14px; transform: rotate(0deg); -webkit-transform: rotate(0deg);\">\r\n                                        <span class=\"textArea\" style=\"width: 42px; height: 12px; line-height: 0px; font-size: 0px;\"><\/span>\r\n                                    <\/div>\r\n                                <\/div>\r\n                            <\/div>\r\n                        <\/div>\n<div class=\"span3 pull-left\" style=\"color: #000000; font-size: 18px;\">Contabilidad y Gesti\u00f3n de RH<\/div>\n<div class=\"span1\">                            <div class=\"squareDemo squareDemo_production shape box maskImg\" id=\"square_production_EstudosAtualizad_ENG6827866\" style='background: url(\"https:\/\/www.areagest.com\/wp-content\/uploads\/2014\/08\/estudos_a.png\") no-repeat 0% 0% \/ 100%; border-width: 0px; border-color: rgb(0, 0, 0); width: 62px; height: 62px; opacity: 1;'>\r\n                                <span class=\"textArea\" style=\"width: 42px; height: 12px; line-height: 0px; font-size: 0px; margin-top: -6px; margin-left: 0px;\"><\/span>\r\n                                <div class=\"squareLitDemo shape inOut swrillOut animated fadeOut\" id=\"square-lit\" style='background: url(\"https:\/\/www.areagest.com\/wp-content\/uploads\/2014\/08\/estudos_b.png\") no-repeat 0% 0% \/ 100%; top: 0px; width: 62px; height: 62px; right: 0px; margin-left: 0px; transform: rotate(0deg);' entrance=\"effect\" in=\"fadeIn\" out=\"fadeOut\">\r\n                                    <a class=\"title_2 title_link_out\" href=\"\/en\/services\/economic-studies-business-plans\/\" target=\"\"><h3 class=\"title\" style=\"font-size: 0px; margin-left: -4px; transform: rotate(0deg); -webkit-transform: rotate(0deg);\"><\/h3><\/a>\r\n                                    <hr class=\"divLit hidden\">\r\n                                    <div class=\"textAreaWrapper\" style=\"padding-right: 14px; transform: rotate(0deg); -webkit-transform: rotate(0deg);\">\r\n                                        <span class=\"textArea\" style=\"width: 42px; height: 12px; line-height: 0px; font-size: 0px;\"><\/span>\r\n                                    <\/div>\r\n                                <\/div>\r\n                            <\/div>\r\n                        <\/div>\n<div class=\"span3 pull-left\" style=\"color: #000000; font-size: 18px;\">Estudios Econ\u00f3micos y Planes de Negocio<\/div>\n<\/div>\n<div class=\"row-fluid\"><\/div>\n<div class=\"row-fluid\">\n<div class=\"span1\">                            <div class=\"squareDemo squareDemo_production shape box maskImg\" id=\"square_production_MarketingAtualizado2_Eng3839394\" style='background: url(\"https:\/\/www.areagest.com\/wp-content\/uploads\/2014\/08\/marketing_a.png\") no-repeat 0% 0% \/ 100%; border-width: 0px; border-color: rgb(0, 0, 0); width: 62px; height: 62px; opacity: 1;'>\r\n                                <span class=\"textArea\" style=\"width: 42px; height: 12px; line-height: 0px; font-size: 0px; margin-top: -6px; margin-left: 0px;\"><\/span>\r\n                                <div class=\"squareLitDemo shape inOut swrillOut animated fadeOut\" id=\"square-lit\" style='background: url(\"https:\/\/www.areagest.com\/wp-content\/uploads\/2014\/08\/marketing_b.png\") no-repeat 0% 0% \/ 100%; top: 0px; width: 62px; height: 62px; right: 0px; margin-left: 0px; transform: rotate(0deg);' entrance=\"effect\" in=\"fadeIn\" out=\"fadeOut\">\r\n                                    <a class=\"title_2 title_link_out\" href=\"\/en\/services\/marketingsales-consulting\/\" target=\"\"><h3 class=\"title\" style=\"font-size: 0px; margin-left: -4px; transform: rotate(0deg); -webkit-transform: rotate(0deg);\"><\/h3><\/a>\r\n                                    <hr class=\"divLit hidden\">\r\n                                    <div class=\"textAreaWrapper\" style=\"padding-right: 14px; transform: rotate(0deg); -webkit-transform: rotate(0deg);\">\r\n                                        <span class=\"textArea\" style=\"width: 42px; height: 12px; line-height: 0px; font-size: 0px;\"><\/span>\r\n                                    <\/div>\r\n                                <\/div>\r\n                            <\/div>\r\n                        <\/div>\n<div class=\"span3 pull-left\" style=\"color: #000000; font-size: 18px;\">Consultor\u00eda de Marketing\/Ventas<\/div>\n<div class=\"span1\">                            <div class=\"squareDemo squareDemo_production shape box maskImg\" id=\"square_production_Outsourcing_ENG3190951\" style='background: url(\"https:\/\/www.areagest.com\/wp-content\/uploads\/2014\/08\/outsourcing_a.png\") no-repeat 0% 0% \/ 100%; border-width: 0px; border-color: rgb(0, 0, 0); width: 62px; height: 62px; opacity: 1;'>\r\n                                <span class=\"textArea\" style=\"width: 42px; height: 12px; line-height: 0px; font-size: 0px; margin-top: -6px; margin-left: 0px;\"><\/span>\r\n                                <div class=\"squareLitDemo shape inOut swrillOut animated fadeOut\" id=\"square-lit\" style='background: url(\"https:\/\/www.areagest.com\/wp-content\/uploads\/2014\/08\/outsourcing_b.png\") no-repeat 0% 0% \/ 100%; top: 0px; width: 62px; height: 62px; right: 0px; margin-left: 0px; transform: rotate(0deg);' entrance=\"effect\" in=\"fadeIn\" out=\"fadeOut\">\r\n                                    <a class=\"title_2 title_link_out\" href=\"\/en\/services\/financial-administrative-outsourcing\/\" target=\"\"><h3 class=\"title\" style=\"font-size: 0px; margin-left: -4px; transform: rotate(0deg); -webkit-transform: rotate(0deg);\"><\/h3><\/a>\r\n                                    <hr class=\"divLit hidden\">\r\n                                    <div class=\"textAreaWrapper\" style=\"padding-right: 14px; transform: rotate(0deg); -webkit-transform: rotate(0deg);\">\r\n                                        <span class=\"textArea\" style=\"width: 42px; height: 12px; line-height: 0px; font-size: 0px;\"><\/span>\r\n                                    <\/div>\r\n                                <\/div>\r\n                            <\/div>\r\n                        <\/div>\n<div class=\"span3 pull-left\" style=\"color: #000000; font-size: 18px;\">Externalizaci\u00f3n Financiera y Administrativa<\/div>\n<div class=\"span1\">                            <div class=\"squareDemo squareDemo_production shape box maskImg\" id=\"square_production_CustosAtualiz_eng8679929\" style='background: url(\"https:\/\/www.areagest.com\/wp-content\/uploads\/2014\/08\/custos_a.png\") no-repeat 0% 0% \/ 100%; border-width: 0px; border-color: rgb(0, 0, 0); width: 62px; height: 62px; opacity: 1;'>\r\n                                <span class=\"textArea\" style=\"width: 42px; height: 12px; line-height: 0px; font-size: 0px; margin-top: -6px; margin-left: 0px;\"><\/span>\r\n                                <div class=\"squareLitDemo shape inOut swrillOut animated fadeOut\" id=\"square-lit\" style='background: url(\"https:\/\/www.areagest.com\/wp-content\/uploads\/2014\/08\/custos_b.png\") no-repeat 0% 0% \/ 100%; top: 0px; width: 62px; height: 62px; right: 0px; margin-left: 0px; transform: rotate(0deg);' entrance=\"effect\" in=\"fadeIn\" out=\"fadeOut\">\r\n                                    <a class=\"title_2 title_link_out\" href=\"\/en\/services\/business-process-optimization-cost-reduction\/\" target=\"\"><h3 class=\"title\" style=\"font-size: 0px; margin-left: -4px; transform: rotate(0deg); -webkit-transform: rotate(0deg);\"><\/h3><\/a>\r\n                                    <hr class=\"divLit hidden\">\r\n                                    <div class=\"textAreaWrapper\" style=\"padding-right: 14px; transform: rotate(0deg); -webkit-transform: rotate(0deg);\">\r\n                                        <span class=\"textArea\" style=\"width: 42px; height: 12px; line-height: 0px; font-size: 0px;\"><\/span>\r\n                                    <\/div>\r\n                                <\/div>\r\n                            <\/div>\r\n                        <\/div>\n<div class=\"span3 pull-left\" style=\"color: #000000; font-size: 18px;\">Riengiener\u00eda de Procesos e Reducci\u00f3n de Costes<\/div>\n<\/div>\n<div class=\"row-fluid\"><\/div>\n","protected":false},"excerpt":{"rendered":"<p>Compra y Venta de Negocios Conozca nuestra metodolog\u00eda para encontrar las mejores ofertas para Usted \u00a0 * diagn\u00f3stico previo de compra o venta y de la posici\u00f3n en el sector de actividad *\u00a0propuestas para ampliar el potencial de la compa\u00f1\u00eda antes de la transacci\u00f3n * creaci\u00f3n de archivo de negocio con todos los datos para&#8230;<\/p>\n","protected":false},"author":1,"featured_media":0,"parent":0,"menu_order":0,"comment_status":"closed","ping_status":"closed","template":"","meta":{"footnotes":""},"class_list":["post-1807","page","type-page","status-publish","hentry"],"yoast_head":"<!-- This site is optimized with the Yoast SEO plugin v25.3.1 - https:\/\/yoast.com\/wordpress\/plugins\/seo\/ -->\n<title>Compra y Venta de Negocios - Areagest Servi\u00e7os de Gest\u00e3o<\/title>\n<meta name=\"description\" content=\"Compra e venda de neg\u00f3cios, empresas, parcerias estrat\u00e9gicas com investidores\" \/>\n<meta name=\"robots\" content=\"index, follow, max-snippet:-1, max-image-preview:large, max-video-preview:-1\" \/>\n<link rel=\"canonical\" href=\"https:\/\/www.areagest.com\/pt\/es\/compra-y-venta-de-negocios\/\" \/>\n<meta property=\"og:locale\" content=\"pt_PT\" \/>\n<meta property=\"og:type\" content=\"article\" \/>\n<meta property=\"og:title\" content=\"Compra y Venta de Negocios - Areagest Servi\u00e7os de Gest\u00e3o\" \/>\n<meta property=\"og:description\" content=\"Compra e venda de neg\u00f3cios, empresas, parcerias estrat\u00e9gicas com investidores\" \/>\n<meta property=\"og:url\" content=\"https:\/\/www.areagest.com\/pt\/es\/compra-y-venta-de-negocios\/\" \/>\n<meta property=\"og:site_name\" content=\"Areagest Servi\u00e7os de Gest\u00e3o\" \/>\n<meta property=\"article:modified_time\" content=\"2014-12-29T14:48:50+00:00\" \/>\n<meta name=\"twitter:label1\" content=\"Tempo estimado de leitura\" \/>\n\t<meta name=\"twitter:data1\" content=\"1 minuto\" \/>\n<script type=\"application\/ld+json\" class=\"yoast-schema-graph\">{\"@context\":\"https:\/\/schema.org\",\"@graph\":[{\"@type\":\"WebPage\",\"@id\":\"https:\/\/www.areagest.com\/pt\/es\/compra-y-venta-de-negocios\/\",\"url\":\"https:\/\/www.areagest.com\/pt\/es\/compra-y-venta-de-negocios\/\",\"name\":\"Compra y Venta de Negocios - Areagest Servi\u00e7os de Gest\u00e3o\",\"isPartOf\":{\"@id\":\"https:\/\/www.areagest.com\/pt\/#website\"},\"datePublished\":\"2014-12-29T12:34:46+00:00\",\"dateModified\":\"2014-12-29T14:48:50+00:00\",\"description\":\"Compra e venda de neg\u00f3cios, empresas, parcerias estrat\u00e9gicas com investidores\",\"breadcrumb\":{\"@id\":\"https:\/\/www.areagest.com\/pt\/es\/compra-y-venta-de-negocios\/#breadcrumb\"},\"inLanguage\":\"pt-PT\",\"potentialAction\":[{\"@type\":\"ReadAction\",\"target\":[\"https:\/\/www.areagest.com\/pt\/es\/compra-y-venta-de-negocios\/\"]}]},{\"@type\":\"BreadcrumbList\",\"@id\":\"https:\/\/www.areagest.com\/pt\/es\/compra-y-venta-de-negocios\/#breadcrumb\",\"itemListElement\":[{\"@type\":\"ListItem\",\"position\":1,\"name\":\"In\u00edcio\",\"item\":\"https:\/\/www.areagest.com\/pt\/\"},{\"@type\":\"ListItem\",\"position\":2,\"name\":\"Compra y Venta de Negocios\"}]},{\"@type\":\"WebSite\",\"@id\":\"https:\/\/www.areagest.com\/pt\/#website\",\"url\":\"https:\/\/www.areagest.com\/pt\/\",\"name\":\"Areagest Servi\u00e7os de Gest\u00e3o\",\"description\":\"Compra e Venda de Empresas, Portugal 2030, Assessoria Financeira\",\"potentialAction\":[{\"@type\":\"SearchAction\",\"target\":{\"@type\":\"EntryPoint\",\"urlTemplate\":\"https:\/\/www.areagest.com\/pt\/?s={search_term_string}\"},\"query-input\":{\"@type\":\"PropertyValueSpecification\",\"valueRequired\":true,\"valueName\":\"search_term_string\"}}],\"inLanguage\":\"pt-PT\"}]}<\/script>\n<!-- \/ Yoast SEO plugin. -->","yoast_head_json":{"title":"Compra y Venta de Negocios - Areagest Servi\u00e7os de Gest\u00e3o","description":"Compra e venda de neg\u00f3cios, empresas, parcerias estrat\u00e9gicas com investidores","robots":{"index":"index","follow":"follow","max-snippet":"max-snippet:-1","max-image-preview":"max-image-preview:large","max-video-preview":"max-video-preview:-1"},"canonical":"https:\/\/www.areagest.com\/pt\/es\/compra-y-venta-de-negocios\/","og_locale":"pt_PT","og_type":"article","og_title":"Compra y Venta de Negocios - Areagest Servi\u00e7os de Gest\u00e3o","og_description":"Compra e venda de neg\u00f3cios, empresas, parcerias estrat\u00e9gicas com investidores","og_url":"https:\/\/www.areagest.com\/pt\/es\/compra-y-venta-de-negocios\/","og_site_name":"Areagest Servi\u00e7os de Gest\u00e3o","article_modified_time":"2014-12-29T14:48:50+00:00","twitter_misc":{"Tempo estimado de leitura":"1 minuto"},"schema":{"@context":"https:\/\/schema.org","@graph":[{"@type":"WebPage","@id":"https:\/\/www.areagest.com\/pt\/es\/compra-y-venta-de-negocios\/","url":"https:\/\/www.areagest.com\/pt\/es\/compra-y-venta-de-negocios\/","name":"Compra y Venta de Negocios - Areagest Servi\u00e7os de Gest\u00e3o","isPartOf":{"@id":"https:\/\/www.areagest.com\/pt\/#website"},"datePublished":"2014-12-29T12:34:46+00:00","dateModified":"2014-12-29T14:48:50+00:00","description":"Compra e venda de neg\u00f3cios, empresas, parcerias estrat\u00e9gicas com investidores","breadcrumb":{"@id":"https:\/\/www.areagest.com\/pt\/es\/compra-y-venta-de-negocios\/#breadcrumb"},"inLanguage":"pt-PT","potentialAction":[{"@type":"ReadAction","target":["https:\/\/www.areagest.com\/pt\/es\/compra-y-venta-de-negocios\/"]}]},{"@type":"BreadcrumbList","@id":"https:\/\/www.areagest.com\/pt\/es\/compra-y-venta-de-negocios\/#breadcrumb","itemListElement":[{"@type":"ListItem","position":1,"name":"In\u00edcio","item":"https:\/\/www.areagest.com\/pt\/"},{"@type":"ListItem","position":2,"name":"Compra y Venta de Negocios"}]},{"@type":"WebSite","@id":"https:\/\/www.areagest.com\/pt\/#website","url":"https:\/\/www.areagest.com\/pt\/","name":"Areagest Servi\u00e7os de Gest\u00e3o","description":"Compra e Venda de Empresas, Portugal 2030, Assessoria Financeira","potentialAction":[{"@type":"SearchAction","target":{"@type":"EntryPoint","urlTemplate":"https:\/\/www.areagest.com\/pt\/?s={search_term_string}"},"query-input":{"@type":"PropertyValueSpecification","valueRequired":true,"valueName":"search_term_string"}}],"inLanguage":"pt-PT"}]}},"_links":{"self":[{"href":"https:\/\/www.areagest.com\/pt\/wp-json\/wp\/v2\/pages\/1807","targetHints":{"allow":["GET"]}}],"collection":[{"href":"https:\/\/www.areagest.com\/pt\/wp-json\/wp\/v2\/pages"}],"about":[{"href":"https:\/\/www.areagest.com\/pt\/wp-json\/wp\/v2\/types\/page"}],"author":[{"embeddable":true,"href":"https:\/\/www.areagest.com\/pt\/wp-json\/wp\/v2\/users\/1"}],"replies":[{"embeddable":true,"href":"https:\/\/www.areagest.com\/pt\/wp-json\/wp\/v2\/comments?post=1807"}],"version-history":[{"count":18,"href":"https:\/\/www.areagest.com\/pt\/wp-json\/wp\/v2\/pages\/1807\/revisions"}],"predecessor-version":[{"id":1841,"href":"https:\/\/www.areagest.com\/pt\/wp-json\/wp\/v2\/pages\/1807\/revisions\/1841"}],"wp:attachment":[{"href":"https:\/\/www.areagest.com\/pt\/wp-json\/wp\/v2\/media?parent=1807"}],"curies":[{"name":"wp","href":"https:\/\/api.w.org\/{rel}","templated":true}]}}