{"id":1800,"date":"2014-12-29T12:10:54","date_gmt":"2014-12-29T12:10:54","guid":{"rendered":"http:\/\/www.areagest.com\/?page_id=1800"},"modified":"2014-12-29T13:35:44","modified_gmt":"2014-12-29T13:35:44","slug":"purchase-sale-businesses","status":"publish","type":"page","link":"https:\/\/www.areagest.com\/pt\/en\/purchase-sale-businesses\/","title":{"rendered":"Purchase and Sale of Businesses"},"content":{"rendered":"<div class=\"kopa-two-third\"><\/div>\n<table class=\"subtitle-services\" border=\"0\" cellspacing=\"0\">\n<tbody>\n<tr>\n<td>                            <div class=\"squareDemo squareDemo_production shape box maskImg\" id=\"square_production_C&amp;VfinalEN21356632\" style='background: url(\"https:\/\/www.areagest.com\/wp-content\/uploads\/2014\/12\/icon_compra_venda_negocios.png\") no-repeat left top \/ 100%; border-width: 0px; border-color: rgb(0, 0, 0); width: 62px; height: 62px;'>\r\n                                <span class=\"textArea\" style=\"width: 42px; height: 62px; line-height: 0px; font-size: 0px;\"><\/span>\r\n                                <div class=\"squareLitDemo shape animated fadeOut\" id=\"square-lit\" style='background: url(\"https:\/\/www.areagest.com\/wp-content\/uploads\/2014\/12\/icon_compra_venda_negocios_branco.png\") no-repeat left top \/ 100%; top: 0px; width: 62px; height: 62px; right: 0px; margin-left: 0px; transform: rotate(0deg);' out=\"fadeOut\" in=\"fadeIn\" entrance=\"effect\">\r\n                                    <a class=\"title_2 title_link_out\" href=\"\/en\/purchase-sale-businesses\/\" target=\"\"><h3 class=\"title\" style=\"font-size: 0px; transform: rotate(0deg);\"><\/h3><\/a>\r\n                                    <hr class=\"divLit\">\r\n                                    <div class=\"textAreaWrapper\" style=\"padding-right: 14px; transform: rotate(0deg);\">\r\n                                        <span class=\"textArea\" style=\"width: 42px; height: 62px; line-height: 0px; font-size: 0px;\">                              <\/span>\r\n                                    <\/div>\r\n                                <\/div>\r\n                            <\/div>\r\n                        <\/td>\n<td valign=\"center\">\n<h1>Purchase\u00a0and Sale of Businesses<\/h1>\n<\/td>\n<\/tr>\n<\/tbody>\n<\/table>\n<h4><span style=\"color: #666666;\">Find out our methodology to find the best deals for you <\/span><\/h4>\n<h4><span style=\"color: #666666;\"><strong>\u00a0<\/strong><\/span><\/h4>\n<h4><span style=\"color: #666666;\"><strong>* previous diagnosis of buying or selling and company&#8217;s position on the activity sector<\/strong><\/span><\/h4>\n<h4><span style=\"color: #666666;\"><strong>*\u00a0suggested actions to expand the potential of the company before the transaction<\/strong><\/span><\/h4>\n<h4><span style=\"color: #666666;\"><strong>* business of file for valuation <\/strong><\/span><\/h4>\n<h4><span style=\"color: #666666;\">\u00a0<\/span><\/h4>\n<h4><span style=\"color: #666666;\">We guarantee confidentiality and an integrated analysis solution for your business or your investment.<\/span><\/h4>\n<h4><span style=\"color: #666666;\">We are not only concerned with the intermediation of purchase and sale of businesses or companies.\u00a0<\/span><\/h4>\n<h4><span style=\"color: #666666;\">We offer the strategic design of a competitive long-term solution <\/span><\/h4>\n<h4><span style=\"color: #666666;\"><strong>\u00a0<\/strong><\/span><\/h4>\n<h4><strong>* purchase and sale of companies<\/strong><\/h4>\n<h4><strong>*\u00a0rating and Investment Projects<\/strong><\/h4>\n<h4><strong>* raising Expansion and Internationalization of Capital<\/strong><\/h4>\n<h4><strong>\u00a0* business reorganization<\/strong><\/h4>\n<h4><strong>\u00a0<\/strong><\/h4>\n<h4><strong>So we can take the first step together, please contact us: negocios@areagest.com.<\/strong><\/h4>\n<div style=\"margin: 30px 0px 20px; padding: 10px; color: #ffffff; font-size: 20px; background-color: #11a0dc;\">Other Services Available<\/div>\n<div class=\"row-fluid\">\n<div class=\"span1\">                            <div class=\"squareDemo squareDemo_production shape box maskImg\" id=\"square_production_Incentivos_ENG1095472\" style='background: url(\"https:\/\/www.areagest.com\/wp-content\/uploads\/2014\/08\/financeiros_a.png\") no-repeat 0% 0% \/ 100%; border-width: 0px; border-color: rgb(0, 0, 0); width: 62px; height: 62px; opacity: 1;'>\r\n                                <span class=\"textArea\" style=\"width: 42px; height: 12px; line-height: 0px; font-size: 0px; margin-top: -6px; margin-left: 0px;\"><\/span>\r\n                                <div class=\"squareLitDemo shape inOut swrillOut animated fadeOut\" id=\"square-lit\" style='background: url(\"https:\/\/www.areagest.com\/wp-content\/uploads\/2014\/08\/financeiros_b.png\") no-repeat 0% 0% \/ 100%; top: 0px; width: 62px; height: 62px; right: 0px; margin-left: 0px; transform: rotate(0deg);' entrance=\"effect\" in=\"fadeIn\" out=\"fadeOut\">\r\n                                    <a class=\"title_2 title_link_out\" href=\"en\/services\/financial-tax-incentives\/\" target=\"\"><h3 class=\"title\" style=\"font-size: 0px; margin-left: -4px; transform: rotate(0deg); -webkit-transform: rotate(0deg);\"><\/h3><\/a>\r\n                                    <hr class=\"divLit hidden\">\r\n                                    <div class=\"textAreaWrapper\" style=\"padding-right: 14px; transform: rotate(0deg); -webkit-transform: rotate(0deg);\">\r\n                                        <span class=\"textArea\" style=\"width: 42px; height: 12px; line-height: 0px; font-size: 0px;\"><\/span>\r\n                                    <\/div>\r\n                                <\/div>\r\n                            <\/div>\r\n                        <\/div>\n<div class=\"span3 pull-left\" style=\"color: #000000; font-size: 18px;\">Financial and Tax Incentives<\/div>\n<div class=\"span1\">                            <div class=\"squareDemo squareDemo_production shape box maskImg\" id=\"square_production_RH_CTB_ENG7082900\" style='background: url(\"https:\/\/www.areagest.com\/wp-content\/uploads\/2014\/08\/rh_a.png\") no-repeat 0% 0% \/ 100%; border-width: 0px; border-color: rgb(0, 0, 0); width: 62px; height: 62px; opacity: 1;'>\r\n                                <span class=\"textArea\" style=\"width: 42px; height: 12px; line-height: 0px; font-size: 0px; margin-top: -6px; margin-left: 0px;\"><\/span>\r\n                                <div class=\"squareLitDemo shape inOut swrillOut animated fadeOut\" id=\"square-lit\" style='background: url(\"https:\/\/www.areagest.com\/wp-content\/uploads\/2014\/08\/rh_b.png\") no-repeat 0% 0% \/ 100%; top: 0px; width: 62px; height: 62px; right: 0px; margin-left: 0px; transform: rotate(0deg);' entrance=\"effect\" in=\"fadeIn\" out=\"fadeOut\">\r\n                                    <a class=\"title_2 title_link_out\" href=\"\/en\/services\/hr-management-accounting\/\" target=\"\"><h3 class=\"title\" style=\"font-size: 0px; margin-left: -4px; transform: rotate(0deg); -webkit-transform: rotate(0deg);\"><\/h3><\/a>\r\n                                    <hr class=\"divLit hidden\">\r\n                                    <div class=\"textAreaWrapper\" style=\"padding-right: 14px; transform: rotate(0deg); -webkit-transform: rotate(0deg);\">\r\n                                        <span class=\"textArea\" style=\"width: 42px; height: 12px; line-height: 0px; font-size: 0px;\"><\/span>\r\n                                    <\/div>\r\n                                <\/div>\r\n                            <\/div>\r\n                        <\/div>\n<div class=\"span3 pull-left\" style=\"color: #000000; font-size: 18px;\">Accounting and HR Management<\/div>\n<div class=\"span1\">                            <div class=\"squareDemo squareDemo_production shape box maskImg\" id=\"square_production_EstudosAtualizad_ENG9911932\" style='background: url(\"https:\/\/www.areagest.com\/wp-content\/uploads\/2014\/08\/estudos_a.png\") no-repeat 0% 0% \/ 100%; border-width: 0px; border-color: rgb(0, 0, 0); width: 62px; height: 62px; opacity: 1;'>\r\n                                <span class=\"textArea\" style=\"width: 42px; height: 12px; line-height: 0px; font-size: 0px; margin-top: -6px; margin-left: 0px;\"><\/span>\r\n                                <div class=\"squareLitDemo shape inOut swrillOut animated fadeOut\" id=\"square-lit\" style='background: url(\"https:\/\/www.areagest.com\/wp-content\/uploads\/2014\/08\/estudos_b.png\") no-repeat 0% 0% \/ 100%; top: 0px; width: 62px; height: 62px; right: 0px; margin-left: 0px; transform: rotate(0deg);' entrance=\"effect\" in=\"fadeIn\" out=\"fadeOut\">\r\n                                    <a class=\"title_2 title_link_out\" href=\"\/en\/services\/economic-studies-business-plans\/\" target=\"\"><h3 class=\"title\" style=\"font-size: 0px; margin-left: -4px; transform: rotate(0deg); -webkit-transform: rotate(0deg);\"><\/h3><\/a>\r\n                                    <hr class=\"divLit hidden\">\r\n                                    <div class=\"textAreaWrapper\" style=\"padding-right: 14px; transform: rotate(0deg); -webkit-transform: rotate(0deg);\">\r\n                                        <span class=\"textArea\" style=\"width: 42px; height: 12px; line-height: 0px; font-size: 0px;\"><\/span>\r\n                                    <\/div>\r\n                                <\/div>\r\n                            <\/div>\r\n                        <\/div>\n<div class=\"span3 pull-left\" style=\"color: #000000; font-size: 18px;\">Economic Studies and Business Plans<\/div>\n<\/div>\n<div class=\"row-fluid\"><\/div>\n<div class=\"row-fluid\">\n<div class=\"span1\">                            <div class=\"squareDemo squareDemo_production shape box maskImg\" id=\"square_production_MarketingAtualizado2_Eng5815734\" style='background: url(\"https:\/\/www.areagest.com\/wp-content\/uploads\/2014\/08\/marketing_a.png\") no-repeat 0% 0% \/ 100%; border-width: 0px; border-color: rgb(0, 0, 0); width: 62px; height: 62px; opacity: 1;'>\r\n                                <span class=\"textArea\" style=\"width: 42px; height: 12px; line-height: 0px; font-size: 0px; margin-top: -6px; margin-left: 0px;\"><\/span>\r\n                                <div class=\"squareLitDemo shape inOut swrillOut animated fadeOut\" id=\"square-lit\" style='background: url(\"https:\/\/www.areagest.com\/wp-content\/uploads\/2014\/08\/marketing_b.png\") no-repeat 0% 0% \/ 100%; top: 0px; width: 62px; height: 62px; right: 0px; margin-left: 0px; transform: rotate(0deg);' entrance=\"effect\" in=\"fadeIn\" out=\"fadeOut\">\r\n                                    <a class=\"title_2 title_link_out\" href=\"\/en\/services\/marketingsales-consulting\/\" target=\"\"><h3 class=\"title\" style=\"font-size: 0px; margin-left: -4px; transform: rotate(0deg); -webkit-transform: rotate(0deg);\"><\/h3><\/a>\r\n                                    <hr class=\"divLit hidden\">\r\n                                    <div class=\"textAreaWrapper\" style=\"padding-right: 14px; transform: rotate(0deg); -webkit-transform: rotate(0deg);\">\r\n                                        <span class=\"textArea\" style=\"width: 42px; height: 12px; line-height: 0px; font-size: 0px;\"><\/span>\r\n                                    <\/div>\r\n                                <\/div>\r\n                            <\/div>\r\n                        <\/div>\n<div class=\"span3 pull-left\" style=\"color: #000000; font-size: 18px;\">Marketing\/Sales Consulting<\/div>\n<div class=\"span1\">                            <div class=\"squareDemo squareDemo_production shape box maskImg\" id=\"square_production_Outsourcing_ENG4021018\" style='background: url(\"https:\/\/www.areagest.com\/wp-content\/uploads\/2014\/08\/outsourcing_a.png\") no-repeat 0% 0% \/ 100%; border-width: 0px; border-color: rgb(0, 0, 0); width: 62px; height: 62px; opacity: 1;'>\r\n                                <span class=\"textArea\" style=\"width: 42px; height: 12px; line-height: 0px; font-size: 0px; margin-top: -6px; margin-left: 0px;\"><\/span>\r\n                                <div class=\"squareLitDemo shape inOut swrillOut animated fadeOut\" id=\"square-lit\" style='background: url(\"https:\/\/www.areagest.com\/wp-content\/uploads\/2014\/08\/outsourcing_b.png\") no-repeat 0% 0% \/ 100%; top: 0px; width: 62px; height: 62px; right: 0px; margin-left: 0px; transform: rotate(0deg);' entrance=\"effect\" in=\"fadeIn\" out=\"fadeOut\">\r\n                                    <a class=\"title_2 title_link_out\" href=\"\/en\/services\/financial-administrative-outsourcing\/\" target=\"\"><h3 class=\"title\" style=\"font-size: 0px; margin-left: -4px; transform: rotate(0deg); -webkit-transform: rotate(0deg);\"><\/h3><\/a>\r\n                                    <hr class=\"divLit hidden\">\r\n                                    <div class=\"textAreaWrapper\" style=\"padding-right: 14px; transform: rotate(0deg); -webkit-transform: rotate(0deg);\">\r\n                                        <span class=\"textArea\" style=\"width: 42px; height: 12px; line-height: 0px; font-size: 0px;\"><\/span>\r\n                                    <\/div>\r\n                                <\/div>\r\n                            <\/div>\r\n                        <\/div>\n<div class=\"span3 pull-left\" style=\"color: #000000; font-size: 18px;\">Financial and Administrative Outsourcing<\/div>\n<div class=\"span1\">                            <div class=\"squareDemo squareDemo_production shape box maskImg\" id=\"square_production_CustosAtualiz_eng9154959\" style='background: url(\"https:\/\/www.areagest.com\/wp-content\/uploads\/2014\/08\/custos_a.png\") no-repeat 0% 0% \/ 100%; border-width: 0px; border-color: rgb(0, 0, 0); width: 62px; height: 62px; opacity: 1;'>\r\n                                <span class=\"textArea\" style=\"width: 42px; height: 12px; line-height: 0px; font-size: 0px; margin-top: -6px; margin-left: 0px;\"><\/span>\r\n                                <div class=\"squareLitDemo shape inOut swrillOut animated fadeOut\" id=\"square-lit\" style='background: url(\"https:\/\/www.areagest.com\/wp-content\/uploads\/2014\/08\/custos_b.png\") no-repeat 0% 0% \/ 100%; top: 0px; width: 62px; height: 62px; right: 0px; margin-left: 0px; transform: rotate(0deg);' entrance=\"effect\" in=\"fadeIn\" out=\"fadeOut\">\r\n                                    <a class=\"title_2 title_link_out\" href=\"\/en\/services\/business-process-optimization-cost-reduction\/\" target=\"\"><h3 class=\"title\" style=\"font-size: 0px; margin-left: -4px; transform: rotate(0deg); -webkit-transform: rotate(0deg);\"><\/h3><\/a>\r\n                                    <hr class=\"divLit hidden\">\r\n                                    <div class=\"textAreaWrapper\" style=\"padding-right: 14px; transform: rotate(0deg); -webkit-transform: rotate(0deg);\">\r\n                                        <span class=\"textArea\" style=\"width: 42px; height: 12px; line-height: 0px; font-size: 0px;\"><\/span>\r\n                                    <\/div>\r\n                                <\/div>\r\n                            <\/div>\r\n                        <\/div>\n<div class=\"span3 pull-left\" style=\"color: #000000; font-size: 18px;\">Business Process Optimization and Cost Reduction<\/div>\n<\/div>\n","protected":false},"excerpt":{"rendered":"<p>Purchase\u00a0and Sale of Businesses Find out our methodology to find the best deals for you \u00a0 * previous diagnosis of buying or selling and company&#8217;s position on the activity sector *\u00a0suggested actions to expand the potential of the company before the transaction * business of file for valuation \u00a0 We guarantee confidentiality and an integrated&#8230;<\/p>\n","protected":false},"author":1,"featured_media":0,"parent":0,"menu_order":0,"comment_status":"closed","ping_status":"closed","template":"","meta":{"footnotes":""},"class_list":["post-1800","page","type-page","status-publish","hentry"],"yoast_head":"<!-- This site is optimized with the Yoast SEO plugin v25.3.1 - https:\/\/yoast.com\/wordpress\/plugins\/seo\/ -->\n<title>Purchase and Sale of Businesses  - Areagest Servi\u00e7os de Gest\u00e3o<\/title>\n<meta name=\"description\" content=\"Compra e venda de neg\u00f3cios, empresas, parcerias estrat\u00e9gicas com investidores\" \/>\n<meta name=\"robots\" content=\"index, follow, max-snippet:-1, max-image-preview:large, max-video-preview:-1\" \/>\n<link rel=\"canonical\" href=\"https:\/\/www.areagest.com\/pt\/en\/purchase-sale-businesses\/\" \/>\n<meta property=\"og:locale\" content=\"pt_PT\" \/>\n<meta property=\"og:type\" content=\"article\" \/>\n<meta property=\"og:title\" content=\"Purchase and Sale of Businesses  - Areagest Servi\u00e7os de Gest\u00e3o\" \/>\n<meta property=\"og:description\" content=\"Compra e venda de neg\u00f3cios, empresas, parcerias estrat\u00e9gicas com investidores\" \/>\n<meta property=\"og:url\" content=\"https:\/\/www.areagest.com\/pt\/en\/purchase-sale-businesses\/\" \/>\n<meta property=\"og:site_name\" content=\"Areagest Servi\u00e7os de Gest\u00e3o\" \/>\n<meta property=\"article:modified_time\" content=\"2014-12-29T13:35:44+00:00\" \/>\n<meta name=\"twitter:label1\" content=\"Tempo estimado de leitura\" \/>\n\t<meta name=\"twitter:data1\" content=\"1 minuto\" \/>\n<script type=\"application\/ld+json\" class=\"yoast-schema-graph\">{\"@context\":\"https:\/\/schema.org\",\"@graph\":[{\"@type\":\"WebPage\",\"@id\":\"https:\/\/www.areagest.com\/pt\/en\/purchase-sale-businesses\/\",\"url\":\"https:\/\/www.areagest.com\/pt\/en\/purchase-sale-businesses\/\",\"name\":\"Purchase and Sale of Businesses - Areagest Servi\u00e7os de Gest\u00e3o\",\"isPartOf\":{\"@id\":\"https:\/\/www.areagest.com\/pt\/#website\"},\"datePublished\":\"2014-12-29T12:10:54+00:00\",\"dateModified\":\"2014-12-29T13:35:44+00:00\",\"description\":\"Compra e venda de neg\u00f3cios, empresas, parcerias estrat\u00e9gicas com investidores\",\"breadcrumb\":{\"@id\":\"https:\/\/www.areagest.com\/pt\/en\/purchase-sale-businesses\/#breadcrumb\"},\"inLanguage\":\"pt-PT\",\"potentialAction\":[{\"@type\":\"ReadAction\",\"target\":[\"https:\/\/www.areagest.com\/pt\/en\/purchase-sale-businesses\/\"]}]},{\"@type\":\"BreadcrumbList\",\"@id\":\"https:\/\/www.areagest.com\/pt\/en\/purchase-sale-businesses\/#breadcrumb\",\"itemListElement\":[{\"@type\":\"ListItem\",\"position\":1,\"name\":\"In\u00edcio\",\"item\":\"https:\/\/www.areagest.com\/pt\/\"},{\"@type\":\"ListItem\",\"position\":2,\"name\":\"Purchase and Sale of Businesses\"}]},{\"@type\":\"WebSite\",\"@id\":\"https:\/\/www.areagest.com\/pt\/#website\",\"url\":\"https:\/\/www.areagest.com\/pt\/\",\"name\":\"Areagest Servi\u00e7os de Gest\u00e3o\",\"description\":\"Compra e Venda de Empresas, Portugal 2030, Assessoria Financeira\",\"potentialAction\":[{\"@type\":\"SearchAction\",\"target\":{\"@type\":\"EntryPoint\",\"urlTemplate\":\"https:\/\/www.areagest.com\/pt\/?s={search_term_string}\"},\"query-input\":{\"@type\":\"PropertyValueSpecification\",\"valueRequired\":true,\"valueName\":\"search_term_string\"}}],\"inLanguage\":\"pt-PT\"}]}<\/script>\n<!-- \/ Yoast SEO plugin. -->","yoast_head_json":{"title":"Purchase and Sale of Businesses  - Areagest Servi\u00e7os de Gest\u00e3o","description":"Compra e venda de neg\u00f3cios, empresas, parcerias estrat\u00e9gicas com investidores","robots":{"index":"index","follow":"follow","max-snippet":"max-snippet:-1","max-image-preview":"max-image-preview:large","max-video-preview":"max-video-preview:-1"},"canonical":"https:\/\/www.areagest.com\/pt\/en\/purchase-sale-businesses\/","og_locale":"pt_PT","og_type":"article","og_title":"Purchase and Sale of Businesses  - Areagest Servi\u00e7os de Gest\u00e3o","og_description":"Compra e venda de neg\u00f3cios, empresas, parcerias estrat\u00e9gicas com investidores","og_url":"https:\/\/www.areagest.com\/pt\/en\/purchase-sale-businesses\/","og_site_name":"Areagest Servi\u00e7os de Gest\u00e3o","article_modified_time":"2014-12-29T13:35:44+00:00","twitter_misc":{"Tempo estimado de leitura":"1 minuto"},"schema":{"@context":"https:\/\/schema.org","@graph":[{"@type":"WebPage","@id":"https:\/\/www.areagest.com\/pt\/en\/purchase-sale-businesses\/","url":"https:\/\/www.areagest.com\/pt\/en\/purchase-sale-businesses\/","name":"Purchase and Sale of Businesses - Areagest Servi\u00e7os de Gest\u00e3o","isPartOf":{"@id":"https:\/\/www.areagest.com\/pt\/#website"},"datePublished":"2014-12-29T12:10:54+00:00","dateModified":"2014-12-29T13:35:44+00:00","description":"Compra e venda de neg\u00f3cios, empresas, parcerias estrat\u00e9gicas com investidores","breadcrumb":{"@id":"https:\/\/www.areagest.com\/pt\/en\/purchase-sale-businesses\/#breadcrumb"},"inLanguage":"pt-PT","potentialAction":[{"@type":"ReadAction","target":["https:\/\/www.areagest.com\/pt\/en\/purchase-sale-businesses\/"]}]},{"@type":"BreadcrumbList","@id":"https:\/\/www.areagest.com\/pt\/en\/purchase-sale-businesses\/#breadcrumb","itemListElement":[{"@type":"ListItem","position":1,"name":"In\u00edcio","item":"https:\/\/www.areagest.com\/pt\/"},{"@type":"ListItem","position":2,"name":"Purchase and Sale of Businesses"}]},{"@type":"WebSite","@id":"https:\/\/www.areagest.com\/pt\/#website","url":"https:\/\/www.areagest.com\/pt\/","name":"Areagest Servi\u00e7os de Gest\u00e3o","description":"Compra e Venda de Empresas, Portugal 2030, Assessoria Financeira","potentialAction":[{"@type":"SearchAction","target":{"@type":"EntryPoint","urlTemplate":"https:\/\/www.areagest.com\/pt\/?s={search_term_string}"},"query-input":{"@type":"PropertyValueSpecification","valueRequired":true,"valueName":"search_term_string"}}],"inLanguage":"pt-PT"}]}},"_links":{"self":[{"href":"https:\/\/www.areagest.com\/pt\/wp-json\/wp\/v2\/pages\/1800","targetHints":{"allow":["GET"]}}],"collection":[{"href":"https:\/\/www.areagest.com\/pt\/wp-json\/wp\/v2\/pages"}],"about":[{"href":"https:\/\/www.areagest.com\/pt\/wp-json\/wp\/v2\/types\/page"}],"author":[{"embeddable":true,"href":"https:\/\/www.areagest.com\/pt\/wp-json\/wp\/v2\/users\/1"}],"replies":[{"embeddable":true,"href":"https:\/\/www.areagest.com\/pt\/wp-json\/wp\/v2\/comments?post=1800"}],"version-history":[{"count":7,"href":"https:\/\/www.areagest.com\/pt\/wp-json\/wp\/v2\/pages\/1800\/revisions"}],"predecessor-version":[{"id":1835,"href":"https:\/\/www.areagest.com\/pt\/wp-json\/wp\/v2\/pages\/1800\/revisions\/1835"}],"wp:attachment":[{"href":"https:\/\/www.areagest.com\/pt\/wp-json\/wp\/v2\/media?parent=1800"}],"curies":[{"name":"wp","href":"https:\/\/api.w.org\/{rel}","templated":true}]}}