{"id":100,"date":"2014-08-05T15:39:24","date_gmt":"2014-08-05T14:39:24","guid":{"rendered":"http:\/\/areagest.com\/?page_id=100"},"modified":"2025-06-10T16:02:45","modified_gmt":"2025-06-10T15:02:45","slug":"clientes","status":"publish","type":"page","link":"https:\/\/www.areagest.com\/pt\/pt\/clientes\/","title":{"rendered":"Clientes"},"content":{"rendered":"<aside id=\"kopa_widget_testimonials-3\" class=\"kopa-testimonial-widget amr_widget \">\n            <div class=\"flexslider kopa-testimonial-slider\">\n                <ul class=\"slides\">\n                                            <li class=\"clearfix\">\n                            <div class=\"avatar\">\n                                                                    <img decoding=\"async\" src=\"https:\/\/areagest.com\/wp-content\/uploads\/2014\/09\/optivisao-118x118.jpg\" alt=\"Optivis\u00e3o\">\n                                                            <\/div>\n                            <div class=\"testimonial-content\">\n                                <div class=\"testimonial-content-inside\">\n                                    <p>&#8220;Com o apoio dos servi\u00e7os da Areagest, o meu projeto foi aprovado e fiz o investimento que precisava para modernizar a minha empresa. Recomendo os servi\u00e7os Areagest pelo seu profissionalismo e dedica\u00e7\u00e3o ao Cliente.&#8221;<\/p>\n<p><span style=\"color: #11a0dc;\"><strong>Ant\u00f3nio Martins\u00a0<\/strong>&#8211; CEO <\/span><\/p>\n                                <\/div>\n                                <span>Optivis\u00e3o<\/span>\n                            <\/div>\n                        <\/li>\n                                            <li class=\"clearfix\">\n                            <div class=\"avatar\">\n                                                                    <img decoding=\"async\" src=\"https:\/\/areagest.com\/wp-content\/uploads\/2014\/09\/era-arq-118x118.jpg\" alt=\"Era Arqueologia S.A.\">\n                                                            <\/div>\n                            <div class=\"testimonial-content\">\n                                <div class=\"testimonial-content-inside\">\n                                    <p>&#8220;A Areagest adapta-se \u00e0s necessidades da nossa empresa e aos nossos pedidos com facilidade e profissionalismo. J\u00e1 recomendei a Areagest a outras empresas que tamb\u00e9m se tornaram Clientes. Continuarei a recomendar os servi\u00e7os Areagest.&#8221;<\/p>\n<p><span style=\"color: #11a0dc;\"><strong>Luis Nuno\u00a0<\/strong>&#8211; CFO<\/span><\/p>\n                                <\/div>\n                                <span>Era Arqueologia S.A.<\/span>\n                            <\/div>\n                        <\/li>\n                                            <li class=\"clearfix\">\n                            <div class=\"avatar\">\n                                                                    <img decoding=\"async\" src=\"https:\/\/areagest.com\/wp-content\/uploads\/2014\/08\/lazyflav-118x118.jpg\" alt=\"Lazy Flavours\">\n                                                            <\/div>\n                            <div class=\"testimonial-content\">\n                                <div class=\"testimonial-content-inside\">\n                                    <p>\u201cConheci a Areagest numa das suas muitas a\u00e7\u00f5es informativas sobre financiamento de start-up e apoios ao investimento. Tinha uma ideia de neg\u00f3cio, mas n\u00e3o tinha a certeza como a poderia financiar e se a minha situa\u00e7\u00e3o se enquadrava em algum dos apoios existentes. Com o acompanhamento da Areagest candidatei-me a um dos apoios para cria\u00e7\u00e3o de novas empresas e hoje continuo a trabalhar com esta equipa, que me presta apoio na minha empresa, j\u00e1 criada, ao n\u00edvel de servi\u00e7os de contabilidade e apoio de gest\u00e3o. O facto de serem uma empresa com uma oferta de servi\u00e7os diversificada e capaz de acompanhar os empreendedores e as empresas desde antes da sua cria\u00e7\u00e3o \u00e9 uma enorme mais-valia e transmite a seguran\u00e7a necess\u00e1ria de que tudo \u00e9 feito com qualidade e precis\u00e3o.\u201d<\/p>\n<p><span style=\"color: #11a0dc;\"><strong>Mariana Cardoso\u00a0<\/strong>&#8211; Founding Partner<\/span><\/p>\n                                <\/div>\n                                <span>Lazy Flavours<\/span>\n                            <\/div>\n                        <\/li>\n                                            <li class=\"clearfix\">\n                            <div class=\"avatar\">\n                                                                    <img decoding=\"async\" src=\"https:\/\/areagest.com\/wp-content\/uploads\/2014\/09\/itise-118x118.jpg\" alt=\"Itise &#8211; Equipamentos T\u00e9cnicos de Precis\u00e3o e Cient\u00edficos\">\n                                                            <\/div>\n                            <div class=\"testimonial-content\">\n                                <div class=\"testimonial-content-inside\">\n                                    <p>&#8220;Trabalhamos com a Areagest h\u00e1 mais de 20 anos, em outsourcing. Os servi\u00e7os que nos prestam t\u00eam a qualidade e a proximidade adequadas a uma resposta eficaz \u00e0s nossas necessidades.&#8221;<\/p>\n<p><span style=\"color: #11a0dc;\"><strong>Luis Valente <\/strong>&#8211; CEO<\/span><\/p>\n                                <\/div>\n                                <span>Itise &#8211; Equipamentos T\u00e9cnicos de Precis\u00e3o e Cient\u00edficos<\/span>\n                            <\/div>\n                        <\/li>\n                                            <li class=\"clearfix\">\n                            <div class=\"avatar\">\n                                                                    <img decoding=\"async\" src=\"https:\/\/areagest.com\/wp-content\/uploads\/2014\/09\/interface5-118x108.png\" alt=\"Interface Equipamento e T\u00e9cnica Lda.\">\n                                                            <\/div>\n                            <div class=\"testimonial-content\">\n                                <div class=\"testimonial-content-inside\">\n                                    <p>&#8220;A longevidade de d\u00e9cadas da nossa rela\u00e7\u00e3o com a Areagest deve-se sobretudo \u00e0 confian\u00e7a na marca e nos seus profissionais. Contamos com a Areagest como um parceiro de neg\u00f3cio fi\u00e1vel.&#8221;<\/p>\n<p><span style=\"color: #11a0dc;\"><strong>Manuel Matos Correia\u00a0<\/strong>&#8211; CEO<\/span><\/p>\n                                <\/div>\n                                <span>Interface Equipamento e T\u00e9cnica Lda.<\/span>\n                            <\/div>\n                        <\/li>\n                                    <\/ul><!--slides-->\n            <\/div><!--kopa-testimonial-slider-->\n\n        \n        <\/aside>\n<h2 style=\"margin-top: 50px;\">\/\/\u00a0ALGUNS DOS NOSSOS CLIENTES<\/h2>\n<div class=\"separador\"><\/div>\n<div class=\"clientes_caixa\">\n<table>\n<tbody>\n<tr>\n<td><a href=\"http:\/\/www.remax.pt\/\" target=\"_blank\"><img decoding=\"async\" title=\"REMAX\" src=\"\/wp-content\/uploads\/2014\/09\/cliente_remax.png\" alt=\"Remax\" \/><\/a><\/td>\n<\/tr>\n<\/tbody>\n<\/table>\n<\/div>\n<div class=\"clientes_caixa\">\n<table>\n<tbody>\n<tr>\n<td><a href=\"http:\/\/www.vitaldent.com\/pt\/nossas_clinicas.jsp\" target=\"_blank\"><img decoding=\"async\" title=\"Vitaldent\" src=\"\/wp-content\/uploads\/2014\/09\/cliente_vitaldent.png\" alt=\"Vitaldent\" \/><\/a><\/td>\n<\/tr>\n<\/tbody>\n<\/table>\n<\/div>\n<div class=\"clientes_caixa\">\n<table>\n<tbody>\n<tr>\n<td><a href=\"http:\/\/www.tecmic.pt\/\" target=\"_blank\"><img decoding=\"async\" title=\"Tecmic\" src=\"\/wp-content\/uploads\/2014\/09\/cliente_tecmic.png\" alt=\"Tecmic\" \/><\/a><\/td>\n<\/tr>\n<\/tbody>\n<\/table>\n<\/div>\n<div class=\"clientes_caixa\">\n<table>\n<tbody>\n<tr>\n<td><a href=\"http:\/\/saaranhavasconcelos.pt\/pt-pt\/\" target=\"_blank\"><img decoding=\"async\" title=\"SAARANHA\" src=\"\/wp-content\/uploads\/2015\/05\/SAARANHA-E-VASCONCELOS-e1432132834650.jpg\" alt=\"SAARANHA\" \/><\/a><\/td>\n<\/tr>\n<\/tbody>\n<\/table>\n<\/div>\n<div class=\"clientes_caixa\">\n<table>\n<tbody>\n<tr>\n<td><a href=\"http:\/\/www.pronovias.com\/pt\/\" target=\"_blank\"><img decoding=\"async\" title=\"Pronovias\" src=\"\/wp-content\/uploads\/2014\/09\/Pronovias-Logo1.jpg\" alt=\"Pronovias\" \/><\/a><\/td>\n<\/tr>\n<\/tbody>\n<\/table>\n<\/div>\n<div class=\"clientes_caixa\">\n<table>\n<tbody>\n<tr>\n<td><a href=\"http:\/\/www.fonotel.pt\/pt\/\" target=\"_blank\"><img decoding=\"async\" title=\"Fonotel\" src=\"\/wp-content\/uploads\/2014\/09\/logo1.jpg\" alt=\"Fonotel\" \/><\/a><\/td>\n<\/tr>\n<\/tbody>\n<\/table>\n<\/div>\n<div class=\"clientes_caixa\">\n<table>\n<tbody>\n<tr>\n<td><a href=\"http:\/\/www.avidaportuguesa.com\/\" target=\"_blank\"><img decoding=\"async\" title=\"A Vida Portuguesa\" src=\"\/wp-content\/uploads\/2014\/09\/vidaprt.png\" alt=\"A Vida Portuguesa\" \/><\/a><\/td>\n<\/tr>\n<\/tbody>\n<\/table>\n<\/div>\n<div class=\"clientes_caixa\">\n<table>\n<tbody>\n<tr>\n<td><a href=\"http:\/\/www.scp-sa.es\/\/\" target=\"_blank\"><img decoding=\"async\" title=\"Sintersa\" src=\"\/wp-content\/uploads\/2014\/09\/sintersagif_8551.jpg\" alt=\"Sintersa\" \/><\/a><\/td>\n<\/tr>\n<\/tbody>\n<\/table>\n<\/div>\n<div class=\"clientes_caixa\">\n<table>\n<tbody>\n<tr>\n<td><a href=\"http:\/\/www.truewind-chiron.com\/\" target=\"_blank\"><img decoding=\"async\" title=\"TRUEWIND CHIRON\" src=\"\/wp-content\/uploads\/2015\/05\/TRUEWIND-e1432132917298.jpg\" alt=\"\" \/><\/a><\/td>\n<\/tr>\n<\/tbody>\n<\/table>\n<\/div>\n<div class=\"clientes_caixa\">\n<table>\n<tbody>\n<tr>\n<td><a href=\"http:\/\/www.thyssenkrupp-portugal.com\/\" target=\"_blank\"><img decoding=\"async\" title=\"THYSSENKUPP\" src=\"\/wp-content\/uploads\/2015\/05\/THYSSENKRUPP-e1432132893448.jpg\" alt=\"THYSSENKUPP\" \/><\/a><\/td>\n<\/tr>\n<\/tbody>\n<\/table>\n<\/div>\n<div class=\"clientes_caixa\">\n<table>\n<tbody>\n<tr>\n<td><a href=\"http:\/\/www.securitasdirect.pt\/\" target=\"_blank\"><img decoding=\"async\" title=\"Securitas Direct\" src=\"\/wp-content\/uploads\/2014\/09\/cliente_securitas.png\" alt=\"Securitas Direct\" \/><\/a><\/td>\n<\/tr>\n<\/tbody>\n<\/table>\n<\/div>\n<div class=\"clientes_caixa\">\n<table>\n<tbody>\n<tr>\n<td><a href=\"http:\/\/www.optivisao.pt\" target=\"_blank\"><img decoding=\"async\" title=\"Optivis\u00e3o\" src=\"\/wp-content\/uploads\/2014\/09\/optivisao1.jpg\" alt=\"Optivis\u00e3o\" \/><\/a><\/td>\n<\/tr>\n<\/tbody>\n<\/table>\n<\/div>\n<div class=\"clientes_caixa\">\n<table>\n<tbody>\n<tr>\n<td><a href=\"www.vita-hoteliers.com\" target=\"_blank\"><img decoding=\"async\" title=\"Vita Hoteliers\" src=\"\/wp-content\/uploads\/2014\/09\/Hotel1.jpg\" alt=\"Vita Hoteliers\" \/><\/a><\/td>\n<\/tr>\n<\/tbody>\n<\/table>\n<\/div>\n<div class=\"clientes_caixa\">\n<table>\n<tbody>\n<tr>\n<td><a href=\"http:\/\/www.elmafe.pt\/\" target=\"_blank\"><img decoding=\"async\" title=\"ELMAFE\" src=\"\/wp-content\/uploads\/2015\/05\/ELMAFE-e1432132959836.png\" alt=\"ELMAFE\" \/><\/a><\/td>\n<\/tr>\n<\/tbody>\n<\/table>\n<\/div>\n<div class=\"clientes_caixa\">\n<table>\n<tbody>\n<tr>\n<td><a href=\"http:\/\/www.crmdigital2.eu\/home.htm\" target=\"_blank\"><img decoding=\"async\" title=\"CRM Digital\" src=\"\/wp-content\/uploads\/2014\/09\/crm.png\" alt=\"CRM Digital\" \/><\/a><\/td>\n<\/tr>\n<\/tbody>\n<\/table>\n<\/div>\n<div class=\"clientes_caixa\">\n<table>\n<tbody>\n<tr>\n<td><a href=\"http:\/\/www.meusuper.pt\/\" target=\"_blank\"><img decoding=\"async\" title=\"Meu Super\" src=\"\/wp-content\/uploads\/2014\/09\/Meu_super_2031.jpg\" alt=\"Meu Super\" \/><\/a><\/td>\n<\/tr>\n<\/tbody>\n<\/table>\n<\/div>\n<div class=\"clientes_caixa\">\n<table>\n<tbody>\n<tr>\n<td><a href=\"http:\/\/lunefe.com\" target=\"_blank\"><img decoding=\"async\" title=\"Lunefe\" src=\"\/wp-content\/uploads\/2014\/10\/lunefe.jpg\" alt=\"Lunefe\" \/><\/a><\/td>\n<\/tr>\n<\/tbody>\n<\/table>\n<\/div>\n<div class=\"clientes_caixa\">\n<table>\n<tbody>\n<tr>\n<td><a href=\"http:\/\/www.a-mazingshop.com\/\"><img loading=\"lazy\" decoding=\"async\" class=\"\" src=\"http:\/\/www.areagest.com\/wp-content\/uploads\/2016\/04\/transferir-1.png\" width=\"86\" height=\"24\" \/><\/a><\/td>\n<\/tr>\n<\/tbody>\n<\/table>\n<\/div>\n<div class=\"clientes_caixa\">\n<table>\n<tbody>\n<tr>\n<td><a href=\"http:\/\/www.low-cost.com.pt\/\" target=\"_blank\"><img decoding=\"async\" title=\"Low Cost\" src=\"\/wp-content\/uploads\/2014\/09\/cliente_lowcost.png\" alt=\"Low Cost\" \/><\/a><\/td>\n<\/tr>\n<\/tbody>\n<\/table>\n<\/div>\n<div class=\"clientes_caixa\">\n<table>\n<tbody>\n<tr>\n<td><a href=\"https:\/\/www.mrolo.com\/\" target=\"_blank\"><img decoding=\"async\" title=\"M ROLO\" src=\"\/wp-content\/uploads\/2015\/05\/MROLO-e1432132580944.jpg\" alt=\"m rolo\" \/><\/a><\/td>\n<\/tr>\n<\/tbody>\n<\/table>\n<\/div>\n<h2 style=\"margin-top: 50px;\">\/\/\u00a0ALGUNS DOS NOSSOS PARCEIROS<\/h2>\n<div class=\"separador\"><\/div>\n<div class=\"clientes_caixa\">\n<table>\n<tbody>\n<tr>\n<td><a href=\"http:\/\/www.aerlis.pt\/\" target=\"_blank\"><img decoding=\"async\" title=\"AERLIS\" src=\"\/wp-content\/uploads\/2014\/08\/parceiro_aerlis.png\" alt=\"AERLIS\" \/><\/a><\/td>\n<\/tr>\n<\/tbody>\n<\/table>\n<\/div>\n<div class=\"clientes_caixa\">\n<table>\n<tbody>\n<tr>\n<td><a href=\"http:\/\/www.lispolis.pt\/\" target=\"_blank\"><img decoding=\"async\" title=\"LISPOLIS\" src=\"\/wp-content\/uploads\/2014\/08\/parceiro_lispolis.png\" alt=\"LISPOLIS\" \/><\/a><\/td>\n<\/tr>\n<\/tbody>\n<\/table>\n<\/div>\n<div class=\"clientes_caixa\">\n<table>\n<tbody>\n<tr>\n<td><a href=\"http:\/\/www.ipsroc.pt\/\" target=\"_blank\"><img decoding=\"async\" title=\"Isabel Paiva, Miguel Galv\u00e3o e Associados, SROC\" src=\"\/wp-content\/uploads\/2014\/08\/parceiro_ipmg.png\" alt=\"Isabel Paiva, Miguel Galv\u00e3o e Associados, SROC\" \/><\/a><\/td>\n<\/tr>\n<\/tbody>\n<\/table>\n<\/div>\n<div class=\"clientes_caixa\">\n<table>\n<tbody>\n<tr>\n<td><a href=\"https:\/\/www.cgd.pt\/Pages\/Default.aspx\" target=\"_blank\"><img decoding=\"async\" title=\"Caixa Geral de Dep\u00f3sitos\" src=\"\/wp-content\/uploads\/2014\/08\/parceiro_cgd.png\" alt=\"Caixa Geral de Dep\u00f3sitos\" \/><\/a><\/td>\n<\/tr>\n<\/tbody>\n<\/table>\n<\/div>\n<div class=\"clientes_caixa\">\n<table>\n<tbody>\n<tr>\n<td><a href=\"http:\/\/www.ccilj.pt\" target=\"_blank\"><img decoding=\"async\" title=\"Nerlei\" src=\"\/wp-content\/uploads\/2014\/08\/ccilj_logo-e1431354222895.png\" alt=\"Nerlei\" \/><\/a><\/td>\n<\/tr>\n<\/tbody>\n<\/table>\n<\/div>\n<div class=\"clientes_caixa\">\n<table>\n<tbody>\n<tr>\n<td><a href=\"http:\/\/www.aip.pt\/?lang=pt&amp;page=homepage\/homepage.jsp\" target=\"_blank\"><img decoding=\"async\" title=\"Associa\u00e7\u00e3o Industrial Portuguesa\" src=\"\/wp-content\/uploads\/2014\/08\/parceiro_aip.png\" alt=\"Associa\u00e7\u00e3o Industrial Portuguesa\" \/><\/a><\/td>\n<\/tr>\n<\/tbody>\n<\/table>\n<\/div>\n<div class=\"clientes_caixa\">\n<table>\n<tbody>\n<tr>\n<td><a href=\"http:\/\/www.portugalespanha.org\/\" target=\"_blank\"><img decoding=\"async\" title=\"C\u00e2mara de Com\u00e9rcio e Ind\u00fastria Luso Espanhola\" src=\"\/wp-content\/uploads\/2014\/08\/parceiro_luso_espanhola.png\" alt=\"C\u00e2mara de Com\u00e9rcio e Ind\u00fastria Luso Espanhola\" \/><\/a><\/td>\n<\/tr>\n<\/tbody>\n<\/table>\n<\/div>\n<div class=\"clientes_caixa\">\n<table>\n<tbody>\n<tr>\n<td><a href=\"http:\/\/www.acl.org.pt\/\" target=\"_blank\"><img decoding=\"async\" title=\"Associa\u00e7\u00e3o Comercial de Lisboa\" src=\"\/wp-content\/uploads\/2014\/08\/parceiro_acl.png\" alt=\"Associa\u00e7\u00e3o Comercial de Lisboa\" \/><\/a><\/td>\n<\/tr>\n<\/tbody>\n<\/table>\n<\/div>\n<div class=\"clientes_caixa\">\n<table>\n<tbody>\n<tr>\n<td><a href=\"http:\/\/www.nerc.pt\" target=\"_blank\"><img decoding=\"async\" title=\"NERC\" src=\"\/wp-content\/uploads\/2014\/09\/nerc-logo1.png\" alt=\"NERC\" \/><\/a><\/td>\n<\/tr>\n<\/tbody>\n<\/table>\n<\/div>\n<div class=\"clientes_caixa\">\n<table>\n<tbody>\n<tr>\n<td><img decoding=\"async\" title=\"Saraiva e Sousa, Gomes de Almeida &amp; Associados\" src=\"\/wp-content\/uploads\/2014\/08\/parceiro_saraiva_sousa.png\" alt=\"Saraiva e Sousa, Gomes de Almeida &amp; Associados\" \/><\/td>\n<\/tr>\n<\/tbody>\n<\/table>\n<\/div>\n<div class=\"clientes_caixa\">\n<table>\n<tbody>\n<tr>\n<td><a href=\"http:\/\/www.investlisboa.com\" target=\"_blank\"><img decoding=\"async\" title=\"Invest Lisboa\" src=\"\/wp-content\/uploads\/2014\/09\/logo-316x66-trsp1.png\" alt=\"Invest Lisboa\" \/><\/a><\/td>\n<\/tr>\n<\/tbody>\n<\/table>\n<\/div>\n<div class=\"clientes_caixa\">\n<table>\n<tbody>\n<tr>\n<td><a href=\"http:\/\/jts-sroc.pt\" target=\"_blank\"><img decoding=\"async\" title=\"JTS ,SROC\" src=\"\/wp-content\/uploads\/2014\/09\/logo-para-o-site21.png\" alt=\"JTS ,SROC\" \/><\/a><\/td>\n<\/tr>\n<\/tbody>\n<\/table>\n<\/div>\n<div class=\"clientes_caixa\">\n<table>\n<tbody>\n<tr>\n<td><a href=\"http:\/\/www.espanhaassociados.pt\/\" target=\"_blank\"><img decoding=\"async\" title=\"Espanha &amp; Associados\" src=\"\/wp-content\/uploads\/2014\/08\/parceiro_espanha_associados.png\" alt=\"Espanha &amp; Associados\" \/><\/a><\/td>\n<\/tr>\n<\/tbody>\n<\/table>\n<\/div>\n<div class=\"clientes_caixa\">\n<table>\n<tbody>\n<tr>\n<td><a href=\"http:\/\/www.aicp.pt\" target=\"_blank\"><img decoding=\"async\" title=\"AICP\" src=\"\/wp-content\/uploads\/2014\/09\/aicp1.png\" alt=\"AICP\" \/><\/a><\/td>\n<\/tr>\n<\/tbody>\n<\/table>\n<\/div>\n<div class=\"clientes_caixa\">\n<table>\n<tbody>\n<tr>\n<td><a href=\"http:\/\/www.sgs.pt\" target=\"_blank\"><img decoding=\"async\" title=\"SGS\" src=\"\/wp-content\/uploads\/2014\/10\/sgs.jpg\" alt=\"SGS\" \/><\/a><\/td>\n<\/tr>\n<\/tbody>\n<\/table>\n<\/div>\n<div class=\"clientes_caixa\">\n<table>\n<tbody>\n<tr>\n<td><a href=\"http:\/\/www.anje.pt\" target=\"_blank\"><img decoding=\"async\" title=\"ANJE\" src=\"\/wp-content\/uploads\/2014\/10\/anje.jpg\" alt=\"ANJE\" \/><\/a><\/td>\n<\/tr>\n<\/tbody>\n<\/table>\n<\/div>\n<aside id=\"kopa_widget_text-10\" class=\"kopa_widget_text amr_widget \">        <div class=\"experiencia\">\r\n<div>&nbsp;<\/div>\r\n<table>\r\n<tr>\r\n<td style=\"text-align: left;\"><h2>Experi\u00eancia Internacional<\/h2><\/td>\r\n<td style=\"text-align: right;\"><a href=\"\/pt\/empresa\/\" class=\"kopa-button blue-button small-button\" target=\"_self\">Saiba Mais<\/a><\/td>\r\n<\/tr>\r\n<\/table>\r\n<\/div>        <\/aside>\n","protected":false},"excerpt":{"rendered":"<p>\/\/\u00a0ALGUNS DOS NOSSOS CLIENTES \/\/\u00a0ALGUNS DOS NOSSOS PARCEIROS<\/p>\n","protected":false},"author":1,"featured_media":0,"parent":0,"menu_order":0,"comment_status":"closed","ping_status":"closed","template":"","meta":{"footnotes":""},"class_list":["post-100","page","type-page","status-publish","hentry"],"yoast_head":"<!-- This site is optimized with the Yoast SEO plugin v25.3.1 - https:\/\/yoast.com\/wordpress\/plugins\/seo\/ -->\n<title>Clientes - Areagest Servi\u00e7os de Gest\u00e3o<\/title>\n<meta name=\"description\" content=\"Alguns dos Clientes Areagest - Testemunhos e Refer\u00eancias\" \/>\n<meta name=\"robots\" content=\"index, follow, max-snippet:-1, max-image-preview:large, max-video-preview:-1\" \/>\n<link rel=\"canonical\" href=\"https:\/\/www.areagest.com\/pt\/pt\/clientes\/\" \/>\n<meta property=\"og:locale\" content=\"pt_PT\" \/>\n<meta property=\"og:type\" content=\"article\" \/>\n<meta property=\"og:title\" content=\"Clientes - Areagest Servi\u00e7os de Gest\u00e3o\" \/>\n<meta property=\"og:description\" content=\"Alguns dos Clientes Areagest - Testemunhos e Refer\u00eancias\" \/>\n<meta property=\"og:url\" content=\"https:\/\/www.areagest.com\/pt\/pt\/clientes\/\" \/>\n<meta property=\"og:site_name\" content=\"Areagest Servi\u00e7os de Gest\u00e3o\" \/>\n<meta property=\"article:modified_time\" content=\"2025-06-10T15:02:45+00:00\" \/>\n<meta property=\"og:image\" content=\"http:\/\/www.areagest.com\/wp-content\/uploads\/2016\/04\/transferir-1.png\" \/>\n<script type=\"application\/ld+json\" class=\"yoast-schema-graph\">{\"@context\":\"https:\/\/schema.org\",\"@graph\":[{\"@type\":\"WebPage\",\"@id\":\"https:\/\/www.areagest.com\/pt\/pt\/clientes\/\",\"url\":\"https:\/\/www.areagest.com\/pt\/pt\/clientes\/\",\"name\":\"Clientes - Areagest Servi\u00e7os de Gest\u00e3o\",\"isPartOf\":{\"@id\":\"https:\/\/www.areagest.com\/pt\/#website\"},\"primaryImageOfPage\":{\"@id\":\"https:\/\/www.areagest.com\/pt\/pt\/clientes\/#primaryimage\"},\"image\":{\"@id\":\"https:\/\/www.areagest.com\/pt\/pt\/clientes\/#primaryimage\"},\"thumbnailUrl\":\"http:\/\/www.areagest.com\/wp-content\/uploads\/2016\/04\/transferir-1.png\",\"datePublished\":\"2014-08-05T14:39:24+00:00\",\"dateModified\":\"2025-06-10T15:02:45+00:00\",\"description\":\"Alguns dos Clientes Areagest - Testemunhos e Refer\u00eancias\",\"breadcrumb\":{\"@id\":\"https:\/\/www.areagest.com\/pt\/pt\/clientes\/#breadcrumb\"},\"inLanguage\":\"pt-PT\",\"potentialAction\":[{\"@type\":\"ReadAction\",\"target\":[\"https:\/\/www.areagest.com\/pt\/pt\/clientes\/\"]}]},{\"@type\":\"ImageObject\",\"inLanguage\":\"pt-PT\",\"@id\":\"https:\/\/www.areagest.com\/pt\/pt\/clientes\/#primaryimage\",\"url\":\"http:\/\/www.areagest.com\/wp-content\/uploads\/2016\/04\/transferir-1.png\",\"contentUrl\":\"http:\/\/www.areagest.com\/wp-content\/uploads\/2016\/04\/transferir-1.png\"},{\"@type\":\"BreadcrumbList\",\"@id\":\"https:\/\/www.areagest.com\/pt\/pt\/clientes\/#breadcrumb\",\"itemListElement\":[{\"@type\":\"ListItem\",\"position\":1,\"name\":\"In\u00edcio\",\"item\":\"https:\/\/www.areagest.com\/pt\/\"},{\"@type\":\"ListItem\",\"position\":2,\"name\":\"Clientes\"}]},{\"@type\":\"WebSite\",\"@id\":\"https:\/\/www.areagest.com\/pt\/#website\",\"url\":\"https:\/\/www.areagest.com\/pt\/\",\"name\":\"Areagest Servi\u00e7os de Gest\u00e3o\",\"description\":\"Compra e Venda de Empresas, Portugal 2030, Assessoria Financeira\",\"potentialAction\":[{\"@type\":\"SearchAction\",\"target\":{\"@type\":\"EntryPoint\",\"urlTemplate\":\"https:\/\/www.areagest.com\/pt\/?s={search_term_string}\"},\"query-input\":{\"@type\":\"PropertyValueSpecification\",\"valueRequired\":true,\"valueName\":\"search_term_string\"}}],\"inLanguage\":\"pt-PT\"}]}<\/script>\n<!-- \/ Yoast SEO plugin. -->","yoast_head_json":{"title":"Clientes - Areagest Servi\u00e7os de Gest\u00e3o","description":"Alguns dos Clientes Areagest - Testemunhos e Refer\u00eancias","robots":{"index":"index","follow":"follow","max-snippet":"max-snippet:-1","max-image-preview":"max-image-preview:large","max-video-preview":"max-video-preview:-1"},"canonical":"https:\/\/www.areagest.com\/pt\/pt\/clientes\/","og_locale":"pt_PT","og_type":"article","og_title":"Clientes - Areagest Servi\u00e7os de Gest\u00e3o","og_description":"Alguns dos Clientes Areagest - Testemunhos e Refer\u00eancias","og_url":"https:\/\/www.areagest.com\/pt\/pt\/clientes\/","og_site_name":"Areagest Servi\u00e7os de Gest\u00e3o","article_modified_time":"2025-06-10T15:02:45+00:00","og_image":[{"url":"http:\/\/www.areagest.com\/wp-content\/uploads\/2016\/04\/transferir-1.png","type":"","width":"","height":""}],"schema":{"@context":"https:\/\/schema.org","@graph":[{"@type":"WebPage","@id":"https:\/\/www.areagest.com\/pt\/pt\/clientes\/","url":"https:\/\/www.areagest.com\/pt\/pt\/clientes\/","name":"Clientes - Areagest Servi\u00e7os de Gest\u00e3o","isPartOf":{"@id":"https:\/\/www.areagest.com\/pt\/#website"},"primaryImageOfPage":{"@id":"https:\/\/www.areagest.com\/pt\/pt\/clientes\/#primaryimage"},"image":{"@id":"https:\/\/www.areagest.com\/pt\/pt\/clientes\/#primaryimage"},"thumbnailUrl":"http:\/\/www.areagest.com\/wp-content\/uploads\/2016\/04\/transferir-1.png","datePublished":"2014-08-05T14:39:24+00:00","dateModified":"2025-06-10T15:02:45+00:00","description":"Alguns dos Clientes Areagest - Testemunhos e Refer\u00eancias","breadcrumb":{"@id":"https:\/\/www.areagest.com\/pt\/pt\/clientes\/#breadcrumb"},"inLanguage":"pt-PT","potentialAction":[{"@type":"ReadAction","target":["https:\/\/www.areagest.com\/pt\/pt\/clientes\/"]}]},{"@type":"ImageObject","inLanguage":"pt-PT","@id":"https:\/\/www.areagest.com\/pt\/pt\/clientes\/#primaryimage","url":"http:\/\/www.areagest.com\/wp-content\/uploads\/2016\/04\/transferir-1.png","contentUrl":"http:\/\/www.areagest.com\/wp-content\/uploads\/2016\/04\/transferir-1.png"},{"@type":"BreadcrumbList","@id":"https:\/\/www.areagest.com\/pt\/pt\/clientes\/#breadcrumb","itemListElement":[{"@type":"ListItem","position":1,"name":"In\u00edcio","item":"https:\/\/www.areagest.com\/pt\/"},{"@type":"ListItem","position":2,"name":"Clientes"}]},{"@type":"WebSite","@id":"https:\/\/www.areagest.com\/pt\/#website","url":"https:\/\/www.areagest.com\/pt\/","name":"Areagest Servi\u00e7os de Gest\u00e3o","description":"Compra e Venda de Empresas, Portugal 2030, Assessoria Financeira","potentialAction":[{"@type":"SearchAction","target":{"@type":"EntryPoint","urlTemplate":"https:\/\/www.areagest.com\/pt\/?s={search_term_string}"},"query-input":{"@type":"PropertyValueSpecification","valueRequired":true,"valueName":"search_term_string"}}],"inLanguage":"pt-PT"}]}},"_links":{"self":[{"href":"https:\/\/www.areagest.com\/pt\/wp-json\/wp\/v2\/pages\/100","targetHints":{"allow":["GET"]}}],"collection":[{"href":"https:\/\/www.areagest.com\/pt\/wp-json\/wp\/v2\/pages"}],"about":[{"href":"https:\/\/www.areagest.com\/pt\/wp-json\/wp\/v2\/types\/page"}],"author":[{"embeddable":true,"href":"https:\/\/www.areagest.com\/pt\/wp-json\/wp\/v2\/users\/1"}],"replies":[{"embeddable":true,"href":"https:\/\/www.areagest.com\/pt\/wp-json\/wp\/v2\/comments?post=100"}],"version-history":[{"count":72,"href":"https:\/\/www.areagest.com\/pt\/wp-json\/wp\/v2\/pages\/100\/revisions"}],"predecessor-version":[{"id":4179,"href":"https:\/\/www.areagest.com\/pt\/wp-json\/wp\/v2\/pages\/100\/revisions\/4179"}],"wp:attachment":[{"href":"https:\/\/www.areagest.com\/pt\/wp-json\/wp\/v2\/media?parent=100"}],"curies":[{"name":"wp","href":"https:\/\/api.w.org\/{rel}","templated":true}]}}